{"id":30383,"date":"2017-04-03T17:21:29","date_gmt":"2017-04-03T15:21:29","guid":{"rendered":"https:\/\/orsodiving.com\/yacht-service\/"},"modified":"2018-05-31T11:58:33","modified_gmt":"2018-05-31T09:58:33","slug":"yacht-service","status":"publish","type":"page","link":"https:\/\/orsodiving.com\/fr\/yacht-service\/","title":{"rendered":"yacht service"},"content":{"rendered":"<p>[et_pb_section bb_built=\u00a0\u00bb1&Prime; background_image=\u00a0\u00bbhttps:\/\/orsodiving.com\/wp-content\/uploads\/2017\/04\/Fullwidth_castagnole.jpg\u00a0\u00bb background_color=\u00a0\u00bb#000000&Prime; parallax=\u00a0\u00bbon\u00a0\u00bb fullwidth=\u00a0\u00bbon\u00a0\u00bb][et_pb_fullwidth_header background_layout=\u00a0\u00bbdark\u00a0\u00bb text_orientation=\u00a0\u00bbright\u00a0\u00bb image_orientation=\u00a0\u00bbbottom\u00a0\u00bb]<\/p>\n<p class=\"\">\u00a0\u00a0\u00a0 <img loading=\"lazy\" decoding=\"async\" class=\"wp-image-850 alignnone size-medium\" src=\"https:\/\/orsodiving.com\/wp-content\/uploads\/2017\/03\/logo-ODC-vintage30-bianco-300x300.png\" alt=\"\" width=\"132\" height=\"118\" \/><\/p>\n<p>[\/et_pb_fullwidth_header][\/et_pb_section][et_pb_section bb_built=\u00a0\u00bb1&Prime; custom_padding=\u00a0\u00bb12px|0px|0px|0px\u00a0\u00bb][et_pb_row padding_left_1=\u00a0\u00bbNaNpx\u00a0\u00bb parallax_method_1=\u00a0\u00bboff\u00a0\u00bb parallax_method_2=\u00a0\u00bboff\u00a0\u00bb background_position=\u00a0\u00bbtop_left\u00a0\u00bb background_repeat=\u00a0\u00bbrepeat\u00a0\u00bb background_size=\u00a0\u00bbinitial\u00a0\u00bb][et_pb_column type=\u00a0\u00bb2_3&Prime;][et_pb_image src=\u00a0\u00bbhttps:\/\/orsodiving.com\/wp-content\/uploads\/2017\/04\/dive_spots.jpg\u00a0\u00bb alt=\u00a0\u00bbOrso Diving Club in Poltu Quatu\u00a0\u00bb title_text=\u00a0\u00bbOrso Diving Club in Poltu Quatu\u00a0\u00bb animation=\u00a0\u00bbfade_in\u00a0\u00bb sticky=\u00a0\u00bbon\u00a0\u00bb align=\u00a0\u00bbcenter\u00a0\u00bb custom_margin=\u00a0\u00bb15px|||\u00a0\u00bb animation_style=\u00a0\u00bbfade\u00a0\u00bb animation_duration=\u00a0\u00bb500ms\u00a0\u00bb animation_intensity_slide=\u00a0\u00bb10%\u00a0\u00bb animation_direction=\u00a0\u00bbcenter\u00a0\u00bb show_bottom_space=\u00a0\u00bboff\u00a0\u00bb]<br \/>\n[\/et_pb_image][\/et_pb_column][et_pb_column type=\u00a0\u00bb1_3&Prime;][et_pb_text text_orientation=\u00a0\u00bbjustified\u00a0\u00bb inline_fonts=\u00a0\u00bbAmatic SC\u00a0\u00bb background_position=\u00a0\u00bbtop_left\u00a0\u00bb background_repeat=\u00a0\u00bbrepeat\u00a0\u00bb background_size=\u00a0\u00bbinitial\u00a0\u00bb]<\/p>\n<h2 id=\"news\"><strong><span class=\"titolo\" style=\"font-family: 'Amatic SC'; font-size: xx-large;\">Scuba Dive \u00ab\u00a0On Board\u00a0\u00bb Yacht Service<\/span><\/strong><\/h2>\n<div id=\"guida\">\n<p>Instructeur de plong\u00e9e, guide et bateau avec tous les comforts n\u00e9cessaires.<\/p>\n<p>Si vous \u00eates sur votre bateau et vous souhaitez plonger, suivre un cours de plong\u00e9e ou faire un tour en snorkeling, contactez nous et nous allons rapidement vous rejoindre o\u00f9 que vous soyez!<br \/>\nGrace \u00e0 notre \u00e9quipe de 12 instructeurs PADI\/Dive Master\u00a0 multilingues et \u00e0 nos 3 bateaux totalement \u00e9quip\u00e9s nous pouvons vous offrir des services priv\u00e9s exclusifs\u00a0 directement aupr\u00e8s de votre r\u00e9sidence, h\u00f4tel ou bateau!<br \/>\nPar exemple: vous \u00eates en Corse pr\u00e8s de Lavezzi sur votre bateau, vous \u00eates le seul plongeur et vous souhaitez plonger sur le fameux cite de plong\u00e9e \u201cla cit\u00e9 des M\u00e9rous\u201d\u00a0 alors que vos amis pr\u00e9f\u00e8rent se relaxer sur la plage ou \u00e0 bord de votre bateau,\u00a0 pas de probl\u00e8mes: contactez nous et nous pouvons vous rejoindre avec notre bateau rapide en deux heures\u00a0 avec tout le mat\u00e9riel de plong\u00e9e n\u00e9cessaire ainsi que le guide qui vous assistera en tant que compagnon de plong\u00e9e ainsi qu\u2019un capitaine \u00e0 bord pour toute necessit\u00e9.<br \/>\nPrix sur demande.<\/p>\n<\/div>\n<p>[\/et_pb_text][et_pb_image src=\u00a0\u00bbhttps:\/\/orsodiving.com\/wp-content\/uploads\/2017\/04\/barchevicine.png\u00a0\u00bb alt=\u00a0\u00bbRelax a Tahiti\u00a0\u00bb title_text=\u00a0\u00bbRelax a Tahiti\u00a0\u00bb animation_style=\u00a0\u00bbslide\u00a0\u00bb animation_duration=\u00a0\u00bb500ms\u00a0\u00bb animation_intensity_slide=\u00a0\u00bb10%\u00a0\u00bb animation_direction=\u00a0\u00bbleft\u00a0\u00bb show_bottom_space=\u00a0\u00bbon\u00a0\u00bb]<br \/>\n[\/et_pb_image][et_pb_image src=\u00a0\u00bbhttps:\/\/orsodiving.com\/wp-content\/uploads\/2017\/04\/monaci.png\u00a0\u00bb alt=\u00a0\u00bbRelax a Tahiti\u00a0\u00bb title_text=\u00a0\u00bbRelax a Tahiti\u00a0\u00bb animation_style=\u00a0\u00bbslide\u00a0\u00bb animation_duration=\u00a0\u00bb500ms\u00a0\u00bb animation_intensity_slide=\u00a0\u00bb10%\u00a0\u00bb animation_direction=\u00a0\u00bbleft\u00a0\u00bb show_bottom_space=\u00a0\u00bbon\u00a0\u00bb]<br \/>\n[\/et_pb_image][\/et_pb_column][\/et_pb_row][\/et_pb_section][et_pb_section bb_built=\u00a0\u00bb1&Prime; background_color=\u00a0\u00bbrgba(56,56,56,0.22)\u00a0\u00bb _builder_version=\u00a0\u00bb3.0.92&Prime; custom_margin=\u00a0\u00bb|||\u00a0\u00bb custom_padding=\u00a0\u00bb0px|0px|0px|0px\u00a0\u00bb global_module=\u00a0\u00bb34093&Prime;][et_pb_row global_parent=\u00a0\u00bb34093&Prime; custom_margin=\u00a0\u00bb||10px|\u00a0\u00bb _builder_version=\u00a0\u00bb3.0.92&Prime;][et_pb_column type=\u00a0\u00bb1_4&Prime;][et_pb_text global_parent=\u00a0\u00bb34093&Prime; _builder_version=\u00a0\u00bb3.0.92&Prime; custom_margin=\u00a0\u00bb10px||10px|\u00a0\u00bb background_layout=\u00a0\u00bblight\u00a0\u00bb]<\/p>\n<p><span style=\"color: #333399; font-family: impact, sans-serif; font-size: 14pt;\"><strong>CONTACT<\/strong><\/span><br \/>\n<span style=\"font-size: 12pt;\"><strong>Tel: +39 078999001<\/strong><\/span><br \/>\n<span style=\"font-size: 12pt;\"><strong>Mob: +39 3480641825<\/strong><\/span><br \/>\n<span style=\"font-size: 12pt;\"><strong>info@orsodiving.com\u00a0<\/strong><\/span><\/p>\n<p>[\/et_pb_text][\/et_pb_column][et_pb_column type=\u00a0\u00bb1_4&Prime;][et_pb_text global_parent=\u00a0\u00bb34093&Prime; _builder_version=\u00a0\u00bb3.0.92&Prime; custom_margin=\u00a0\u00bb10px|||\u00a0\u00bb background_layout=\u00a0\u00bblight\u00a0\u00bb]<\/p>\n<p><span style=\"font-family: impact, sans-serif; color: #333399; font-size: 12pt;\"><strong><span style=\"font-size: 14pt;\">ADDRESS<\/span><br \/>\n<\/strong><\/span><strong><span style=\"font-size: 12pt;\">Loc. Poltu Quatu, Arzachena (OT)<\/span><\/strong><br \/>\n<strong><span style=\"font-size: 12pt;\">07021 Sardegna, ITALY<\/span><\/strong><\/p>\n<p>[\/et_pb_text][\/et_pb_column][et_pb_column type=\u00a0\u00bb1_4&Prime;][et_pb_text global_parent=\u00a0\u00bb34093&Prime; _builder_version=\u00a0\u00bb3.0.92&Prime; custom_margin=\u00a0\u00bb10px|||\u00a0\u00bb background_layout=\u00a0\u00bblight\u00a0\u00bb]<\/p>\n<p><span style=\"font-size: 12pt; font-family: impact, sans-serif; color: #333399;\"><span style=\"font-size: 14pt;\">OPENING TIME<\/span><br \/>\n<\/span><strong><span style=\"font-size: 12pt;\">Monday &#8211; Sunday<\/span><\/strong><br \/>\n<strong><span style=\"font-size: 12pt;\">h. 8:00 am &#8211; 7:00 pm<\/span><\/strong><\/p>\n<p>[\/et_pb_text][\/et_pb_column][et_pb_column type=\u00a0\u00bb1_4&Prime;][et_pb_social_media_follow global_parent=\u00a0\u00bb34093&Prime; url_new_window=\u00a0\u00bboff\u00a0\u00bb _builder_version=\u00a0\u00bb3.0.92&Prime; custom_margin=\u00a0\u00bb10px|||\u00a0\u00bb][et_pb_social_media_follow_network social_network=\u00a0\u00bbfacebook\u00a0\u00bb url=\u00a0\u00bbhttps:\/\/www.facebook.com\/groups\/OrsoDiving\/\u00a0\u00bb _builder_version=\u00a0\u00bb3.0.92&Prime; background_color=\u00a0\u00bb#3b5998&Prime; follow_button=\u00a0\u00bboff\u00a0\u00bb url_new_window=\u00a0\u00bboff\u00a0\u00bb] Facebook [\/et_pb_social_media_follow_network][et_pb_social_media_follow_network social_network=\u00a0\u00bbinstagram\u00a0\u00bb url=\u00a0\u00bbhttps:\/\/www.instagram.com\/orsodiving\/\u00a0\u00bb _builder_version=\u00a0\u00bb3.0.92&Prime; background_color=\u00a0\u00bb#517fa4&Prime; follow_button=\u00a0\u00bboff\u00a0\u00bb url_new_window=\u00a0\u00bboff\u00a0\u00bb] Instagram [\/et_pb_social_media_follow_network][et_pb_social_media_follow_network social_network=\u00a0\u00bbskype\u00a0\u00bb skype_url=\u00a0\u00bbpaolaorsodiving\u00a0\u00bb _builder_version=\u00a0\u00bb3.0.92&Prime; background_color=\u00a0\u00bb#12a5f4&Prime; follow_button=\u00a0\u00bboff\u00a0\u00bb url_new_window=\u00a0\u00bboff\u00a0\u00bb] skype [\/et_pb_social_media_follow_network][et_pb_social_media_follow_network social_network=\u00a0\u00bbyoutube\u00a0\u00bb url=\u00a0\u00bbhttps:\/\/www.youtube.com\/user\/orsocapo1&Prime; _builder_version=\u00a0\u00bb3.0.92&Prime; background_color=\u00a0\u00bb#a82400&Prime; follow_button=\u00a0\u00bboff\u00a0\u00bb url_new_window=\u00a0\u00bboff\u00a0\u00bb] Youtube [\/et_pb_social_media_follow_network][\/et_pb_social_media_follow][\/et_pb_column][\/et_pb_row][\/et_pb_section]<\/p>\n","protected":false},"excerpt":{"rendered":"<p>\u00a0\u00a0\u00a0 Scuba Dive \u00ab\u00a0On Board\u00a0\u00bb Yacht Service Instructeur de plong\u00e9e, guide et bateau avec tous les comforts n\u00e9cessaires. Si vous \u00eates sur votre bateau et vous souhaitez plonger, suivre un cours de plong\u00e9e ou faire un tour en snorkeling, contactez nous et nous allons rapidement vous rejoindre o\u00f9 que vous soyez! Grace \u00e0 notre \u00e9quipe [&hellip;]<\/p>\n","protected":false},"author":1,"featured_media":0,"parent":0,"menu_order":0,"comment_status":"closed","ping_status":"closed","template":"","meta":{"_et_pb_use_builder":"on","_et_pb_old_content":"","_et_gb_content_width":"","footnotes":""},"class_list":["post-30383","page","type-page","status-publish","hentry"],"yoast_head":"<!-- This site is optimized with the Yoast SEO Premium plugin v27.0 (Yoast SEO v27.4) - https:\/\/yoast.com\/product\/yoast-seo-premium-wordpress\/ -->\n<title>yacht service | Orso Diving Club<\/title>\n<meta name=\"robots\" content=\"index, follow, max-snippet:-1, max-image-preview:large, max-video-preview:-1\" \/>\n<link rel=\"canonical\" href=\"https:\/\/orsodiving.com\/yacht-service\/\" \/>\n<meta property=\"og:locale\" content=\"fr_FR\" \/>\n<meta property=\"og:type\" content=\"article\" \/>\n<meta property=\"og:title\" content=\"yacht service\" \/>\n<meta property=\"og:description\" content=\"\u00a0\u00a0\u00a0 Scuba Dive &quot;On Board&quot; Yacht Service Instructeur de plong\u00e9e, guide et bateau avec tous les comforts n\u00e9cessaires. Si vous \u00eates sur votre bateau et vous souhaitez plonger, suivre un cours de plong\u00e9e ou faire un tour en snorkeling, contactez nous et nous allons rapidement vous rejoindre o\u00f9 que vous soyez! Grace \u00e0 notre \u00e9quipe [&hellip;]\" \/>\n<meta property=\"og:url\" content=\"https:\/\/orsodiving.com\/yacht-service\/\" \/>\n<meta property=\"og:site_name\" content=\"Orso Diving Club\" \/>\n<meta property=\"article:publisher\" content=\"https:\/\/www.facebook.com\/OrsoDiving\/\" \/>\n<meta property=\"article:modified_time\" content=\"2018-05-31T09:58:33+00:00\" \/>\n<meta property=\"og:image\" content=\"https:\/\/orsodiving.com\/wp-content\/uploads\/2017\/03\/logo-ODC-vintage30-bianco-300x300.png\" \/>\n<meta name=\"twitter:card\" content=\"summary_large_image\" \/>\n<meta name=\"twitter:label1\" content=\"Dur\u00e9e de lecture estim\u00e9e\" \/>\n\t<meta name=\"twitter:data1\" content=\"4 minutes\" \/>\n<script type=\"application\/ld+json\" class=\"yoast-schema-graph\">{\"@context\":\"https:\\\/\\\/schema.org\",\"@graph\":[{\"@type\":\"WebPage\",\"@id\":\"https:\\\/\\\/orsodiving.com\\\/yacht-service\\\/\",\"url\":\"https:\\\/\\\/orsodiving.com\\\/yacht-service\\\/\",\"name\":\"yacht service | Orso Diving Club\",\"isPartOf\":{\"@id\":\"https:\\\/\\\/orsodiving.com\\\/#website\"},\"primaryImageOfPage\":{\"@id\":\"https:\\\/\\\/orsodiving.com\\\/yacht-service\\\/#primaryimage\"},\"image\":{\"@id\":\"https:\\\/\\\/orsodiving.com\\\/yacht-service\\\/#primaryimage\"},\"thumbnailUrl\":\"https:\\\/\\\/orsodiving.com\\\/wp-content\\\/uploads\\\/2017\\\/03\\\/logo-ODC-vintage30-bianco-300x300.png\",\"datePublished\":\"2017-04-03T15:21:29+00:00\",\"dateModified\":\"2018-05-31T09:58:33+00:00\",\"breadcrumb\":{\"@id\":\"https:\\\/\\\/orsodiving.com\\\/yacht-service\\\/#breadcrumb\"},\"inLanguage\":\"fr-FR\",\"potentialAction\":[{\"@type\":\"ReadAction\",\"target\":[\"https:\\\/\\\/orsodiving.com\\\/yacht-service\\\/\"]}]},{\"@type\":\"ImageObject\",\"inLanguage\":\"fr-FR\",\"@id\":\"https:\\\/\\\/orsodiving.com\\\/yacht-service\\\/#primaryimage\",\"url\":\"https:\\\/\\\/orsodiving.com\\\/wp-content\\\/uploads\\\/2017\\\/03\\\/logo-ODC-vintage30-bianco-300x300.png\",\"contentUrl\":\"https:\\\/\\\/orsodiving.com\\\/wp-content\\\/uploads\\\/2017\\\/03\\\/logo-ODC-vintage30-bianco-300x300.png\"},{\"@type\":\"BreadcrumbList\",\"@id\":\"https:\\\/\\\/orsodiving.com\\\/yacht-service\\\/#breadcrumb\",\"itemListElement\":[{\"@type\":\"ListItem\",\"position\":1,\"name\":\"Home\",\"item\":\"https:\\\/\\\/orsodiving.com\\\/fr\\\/\"},{\"@type\":\"ListItem\",\"position\":2,\"name\":\"yacht service\"}]},{\"@type\":\"WebSite\",\"@id\":\"https:\\\/\\\/orsodiving.com\\\/#website\",\"url\":\"https:\\\/\\\/orsodiving.com\\\/\",\"name\":\"Orso Diving Club\",\"description\":\"Diving, Snorkeling, Whale Warching\",\"publisher\":{\"@id\":\"https:\\\/\\\/orsodiving.com\\\/#organization\"},\"potentialAction\":[{\"@type\":\"SearchAction\",\"target\":{\"@type\":\"EntryPoint\",\"urlTemplate\":\"https:\\\/\\\/orsodiving.com\\\/?s={search_term_string}\"},\"query-input\":{\"@type\":\"PropertyValueSpecification\",\"valueRequired\":true,\"valueName\":\"search_term_string\"}}],\"inLanguage\":\"fr-FR\"},{\"@type\":\"Organization\",\"@id\":\"https:\\\/\\\/orsodiving.com\\\/#organization\",\"name\":\"Orso Diving Club\",\"url\":\"https:\\\/\\\/orsodiving.com\\\/\",\"logo\":{\"@type\":\"ImageObject\",\"inLanguage\":\"fr-FR\",\"@id\":\"https:\\\/\\\/orsodiving.com\\\/#\\\/schema\\\/logo\\\/image\\\/\",\"url\":\"https:\\\/\\\/orsodiving.com\\\/wp-content\\\/uploads\\\/2020\\\/05\\\/logoODC-2020since-nero-1.png\",\"contentUrl\":\"https:\\\/\\\/orsodiving.com\\\/wp-content\\\/uploads\\\/2020\\\/05\\\/logoODC-2020since-nero-1.png\",\"width\":2048,\"height\":2048,\"caption\":\"Orso Diving Club\"},\"image\":{\"@id\":\"https:\\\/\\\/orsodiving.com\\\/#\\\/schema\\\/logo\\\/image\\\/\"},\"sameAs\":[\"https:\\\/\\\/www.facebook.com\\\/OrsoDiving\\\/\",\"https:\\\/\\\/www.youtube.com\\\/user\\\/orsocapo1\",\"https:\\\/\\\/www.instagram.com\\\/orsodiving\\\/\"]}]}<\/script>\n<!-- \/ Yoast SEO Premium plugin. -->","yoast_head_json":{"title":"yacht service | Orso Diving Club","robots":{"index":"index","follow":"follow","max-snippet":"max-snippet:-1","max-image-preview":"max-image-preview:large","max-video-preview":"max-video-preview:-1"},"canonical":"https:\/\/orsodiving.com\/yacht-service\/","og_locale":"fr_FR","og_type":"article","og_title":"yacht service","og_description":"\u00a0\u00a0\u00a0 Scuba Dive \"On Board\" Yacht Service Instructeur de plong\u00e9e, guide et bateau avec tous les comforts n\u00e9cessaires. Si vous \u00eates sur votre bateau et vous souhaitez plonger, suivre un cours de plong\u00e9e ou faire un tour en snorkeling, contactez nous et nous allons rapidement vous rejoindre o\u00f9 que vous soyez! Grace \u00e0 notre \u00e9quipe [&hellip;]","og_url":"https:\/\/orsodiving.com\/yacht-service\/","og_site_name":"Orso Diving Club","article_publisher":"https:\/\/www.facebook.com\/OrsoDiving\/","article_modified_time":"2018-05-31T09:58:33+00:00","og_image":[{"url":"https:\/\/orsodiving.com\/wp-content\/uploads\/2017\/03\/logo-ODC-vintage30-bianco-300x300.png","type":"","width":"","height":""}],"twitter_card":"summary_large_image","twitter_misc":{"Dur\u00e9e de lecture estim\u00e9e":"4 minutes"},"schema":{"@context":"https:\/\/schema.org","@graph":[{"@type":"WebPage","@id":"https:\/\/orsodiving.com\/yacht-service\/","url":"https:\/\/orsodiving.com\/yacht-service\/","name":"yacht service | Orso Diving Club","isPartOf":{"@id":"https:\/\/orsodiving.com\/#website"},"primaryImageOfPage":{"@id":"https:\/\/orsodiving.com\/yacht-service\/#primaryimage"},"image":{"@id":"https:\/\/orsodiving.com\/yacht-service\/#primaryimage"},"thumbnailUrl":"https:\/\/orsodiving.com\/wp-content\/uploads\/2017\/03\/logo-ODC-vintage30-bianco-300x300.png","datePublished":"2017-04-03T15:21:29+00:00","dateModified":"2018-05-31T09:58:33+00:00","breadcrumb":{"@id":"https:\/\/orsodiving.com\/yacht-service\/#breadcrumb"},"inLanguage":"fr-FR","potentialAction":[{"@type":"ReadAction","target":["https:\/\/orsodiving.com\/yacht-service\/"]}]},{"@type":"ImageObject","inLanguage":"fr-FR","@id":"https:\/\/orsodiving.com\/yacht-service\/#primaryimage","url":"https:\/\/orsodiving.com\/wp-content\/uploads\/2017\/03\/logo-ODC-vintage30-bianco-300x300.png","contentUrl":"https:\/\/orsodiving.com\/wp-content\/uploads\/2017\/03\/logo-ODC-vintage30-bianco-300x300.png"},{"@type":"BreadcrumbList","@id":"https:\/\/orsodiving.com\/yacht-service\/#breadcrumb","itemListElement":[{"@type":"ListItem","position":1,"name":"Home","item":"https:\/\/orsodiving.com\/fr\/"},{"@type":"ListItem","position":2,"name":"yacht service"}]},{"@type":"WebSite","@id":"https:\/\/orsodiving.com\/#website","url":"https:\/\/orsodiving.com\/","name":"Orso Diving Club","description":"Diving, Snorkeling, Whale Warching","publisher":{"@id":"https:\/\/orsodiving.com\/#organization"},"potentialAction":[{"@type":"SearchAction","target":{"@type":"EntryPoint","urlTemplate":"https:\/\/orsodiving.com\/?s={search_term_string}"},"query-input":{"@type":"PropertyValueSpecification","valueRequired":true,"valueName":"search_term_string"}}],"inLanguage":"fr-FR"},{"@type":"Organization","@id":"https:\/\/orsodiving.com\/#organization","name":"Orso Diving Club","url":"https:\/\/orsodiving.com\/","logo":{"@type":"ImageObject","inLanguage":"fr-FR","@id":"https:\/\/orsodiving.com\/#\/schema\/logo\/image\/","url":"https:\/\/orsodiving.com\/wp-content\/uploads\/2020\/05\/logoODC-2020since-nero-1.png","contentUrl":"https:\/\/orsodiving.com\/wp-content\/uploads\/2020\/05\/logoODC-2020since-nero-1.png","width":2048,"height":2048,"caption":"Orso Diving Club"},"image":{"@id":"https:\/\/orsodiving.com\/#\/schema\/logo\/image\/"},"sameAs":["https:\/\/www.facebook.com\/OrsoDiving\/","https:\/\/www.youtube.com\/user\/orsocapo1","https:\/\/www.instagram.com\/orsodiving\/"]}]}},"_links":{"self":[{"href":"https:\/\/orsodiving.com\/fr\/wp-json\/wp\/v2\/pages\/30383","targetHints":{"allow":["GET"]}}],"collection":[{"href":"https:\/\/orsodiving.com\/fr\/wp-json\/wp\/v2\/pages"}],"about":[{"href":"https:\/\/orsodiving.com\/fr\/wp-json\/wp\/v2\/types\/page"}],"author":[{"embeddable":true,"href":"https:\/\/orsodiving.com\/fr\/wp-json\/wp\/v2\/users\/1"}],"replies":[{"embeddable":true,"href":"https:\/\/orsodiving.com\/fr\/wp-json\/wp\/v2\/comments?post=30383"}],"version-history":[{"count":3,"href":"https:\/\/orsodiving.com\/fr\/wp-json\/wp\/v2\/pages\/30383\/revisions"}],"predecessor-version":[{"id":34152,"href":"https:\/\/orsodiving.com\/fr\/wp-json\/wp\/v2\/pages\/30383\/revisions\/34152"}],"wp:attachment":[{"href":"https:\/\/orsodiving.com\/fr\/wp-json\/wp\/v2\/media?parent=30383"}],"curies":[{"name":"wp","href":"https:\/\/api.w.org\/{rel}","templated":true}]}}