{"id":30332,"date":"2017-04-22T14:26:05","date_gmt":"2017-04-22T12:26:05","guid":{"rendered":"https:\/\/orsodiving.com\/residence-manor\/"},"modified":"2021-04-08T18:45:01","modified_gmt":"2021-04-08T16:45:01","slug":"residence-manor","status":"publish","type":"page","link":"https:\/\/orsodiving.com\/fr\/residence-manor\/","title":{"rendered":"Residence Manor"},"content":{"rendered":"<p>[et_pb_section fb_built=\u00a0\u00bb1&Prime; fullwidth=\u00a0\u00bbon\u00a0\u00bb _builder_version=\u00a0\u00bb3.22&Prime; custom_padding=\u00a0\u00bb0px|0px|25px|0px\u00a0\u00bb][et_pb_fullwidth_image src=\u00a0\u00bbhttps:\/\/orsodiving.com\/wp-content\/uploads\/2017\/04\/Fullwidth_manor.jpg\u00a0\u00bb alt=\u00a0\u00bbOrso Diving Club\u00a0\u00bb _builder_version=\u00a0\u00bb3.0.72&Prime; custom_margin=\u00a0\u00bb20px|||\u00a0\u00bb animation_style=\u00a0\u00bbslide\u00a0\u00bb animation_direction=\u00a0\u00bbleft\u00a0\u00bb animation_duration=\u00a0\u00bb500ms\u00a0\u00bb animation_intensity_slide=\u00a0\u00bb10%\u00a0\u00bb][\/et_pb_fullwidth_image][\/et_pb_section][et_pb_section fb_built=\u00a0\u00bb1&Prime; _builder_version=\u00a0\u00bb3.22&Prime;][et_pb_row column_structure=\u00a0\u00bb2_3,1_3&Prime; _builder_version=\u00a0\u00bb3.25&Prime; background_size=\u00a0\u00bbinitial\u00a0\u00bb background_position=\u00a0\u00bbtop_left\u00a0\u00bb background_repeat=\u00a0\u00bbrepeat\u00a0\u00bb][et_pb_column type=\u00a0\u00bb2_3&Prime; _builder_version=\u00a0\u00bb3.25&Prime; custom_padding=\u00a0\u00bb|||\u00a0\u00bb custom_padding__hover=\u00a0\u00bb|||\u00a0\u00bb][et_pb_divider show_divider=\u00a0\u00bboff\u00a0\u00bb disabled_on=\u00a0\u00bbon|on|off\u00a0\u00bb _builder_version=\u00a0\u00bb3.23.4&Prime; height=\u00a0\u00bb30px\u00a0\u00bb hide_on_mobile=\u00a0\u00bbon\u00a0\u00bb][\/et_pb_divider][et_pb_text _builder_version=\u00a0\u00bb4.9.2&Prime; background_size=\u00a0\u00bbinitial\u00a0\u00bb background_position=\u00a0\u00bbtop_left\u00a0\u00bb background_repeat=\u00a0\u00bbrepeat\u00a0\u00bb use_border_color=\u00a0\u00bboff\u00a0\u00bb border_color=\u00a0\u00bb#ffffff\u00a0\u00bb border_style=\u00a0\u00bbsolid\u00a0\u00bb inline_fonts=\u00a0\u00bbAmatic SC\u00a0\u00bb]<\/p>\n<h2 style=\"text-align: center;\"><span style=\"font-size: xx-large;\"><strong><span style=\"font-family: 'Amatic SC';\">RESIDENCE MANOR<br \/><\/span><\/strong><\/span><\/h2>\n<p>[\/et_pb_text][et_pb_divider show_divider=\u00a0\u00bboff\u00a0\u00bb disabled_on=\u00a0\u00bbon|on|off\u00a0\u00bb _builder_version=\u00a0\u00bb3.23.4&Prime; height=\u00a0\u00bb30px\u00a0\u00bb hide_on_mobile=\u00a0\u00bbon\u00a0\u00bb][\/et_pb_divider][et_pb_accordion closed_toggle_background_color=\u00a0\u00bbrgba(0,232,197,0.13)\u00a0\u00bb admin_label=\u00a0\u00bbAccordion\u00a0\u00bb _builder_version=\u00a0\u00bb4.9.2&Prime; hover_enabled=\u00a0\u00bb0&Prime; use_border_color=\u00a0\u00bboff\u00a0\u00bb border_color=\u00a0\u00bb#ffffff\u00a0\u00bb border_style=\u00a0\u00bbsolid\u00a0\u00bb sticky_enabled=\u00a0\u00bb0&Prime;][et_pb_accordion_item title=\u00a0\u00bbPRIZ SPECIAUX\u00a0\u00bb open=\u00a0\u00bbon\u00a0\u00bb _builder_version=\u00a0\u00bb4.9.2&Prime;]<\/p>\n<p style=\"text-align: center;\">\u00a0The special prices we propose you for the above Residence Bagaglino<br \/>are valid only for the divers (and their companions)<br \/>Informations and reservations with Orso Diving Club<\/p>\n<p style=\"text-align: center;\"><a href=\"mailto:info@orsodiving.com\"><span style=\"color: #0000ff;\">info@orsodiving.com<\/span><\/a><\/p>\n<p>[\/et_pb_accordion_item][et_pb_accordion_item title=\u00a0\u00bbINFO RESIDENCE\u00a0\u00bb _builder_version=\u00a0\u00bb4.9.2&Prime; open=\u00a0\u00bboff\u00a0\u00bb]<\/p>\n<div id=\"news\" style=\"text-align: justify;\"><span class=\"titolo\">Residence Manor*****<\/span><\/div>\n<div id=\"txtnews\">\n<div id=\"txtnews\">\n<div id=\"news\">\n<p>Laid out like a typical Sardinian village, espousing the contours of the land, the 68 apartments of the residential structures offer a further variety of accommodation.<br \/>Facing the typical Sardinian macchia hillside, the gardens and the quiet paths and side streets of the township, these apartments provide quiet solutions and a discreet manner for living Poltu Quatu.<br \/>Each apartment is made up by one or more rooms, living room, wooden rollaway kitchens. Each room is equipped with a private bathroom. In all rooms a flat screen TV is available. Each apartment has one or more terraces according to the apartment type.<\/p>\n<p>Two-room apartments: 1 bedroom, 1 bathroom, kitchen, dining room, terrace or balcony<br \/>Three-room apartments: 2 bedrooms, 2 bathrooms, kitchen, dining room, terrace or balcony<br \/>Apartments are distributed within the village, alternating between mountain, village, 5-star hotel and garden views<br \/>The apartments are located few mt from the beautiful turistical harbour and few km from the wonderful beaches of \u201cCosta Smeralda\u201d.<\/p>\n<p>The apartments are located few mt from the beautiful turistical harbour and few km from the wonderful beaches of \u201cCosta Smeralda\u201d.<\/p>\n<\/div>\n<\/div>\n<\/div>\n<p>[\/et_pb_accordion_item][et_pb_accordion_item title=\u00a0\u00bbINFO DIVERS\u00a0\u00bb _builder_version=\u00a0\u00bb4.9.2&Prime; hover_enabled=\u00a0\u00bb0&Prime; open=\u00a0\u00bboff\u00a0\u00bb sticky_enabled=\u00a0\u00bb0&Prime;]<\/p>\n<div class=\"et_pb_toggle_content clearfix\">\n<p>Les sorties de plong\u00e9e sont propos\u00e9e le matin avec 2 plong\u00e9es cons\u00e9cutif (Intervalle de surface d&rsquo;une heure) \u00e0 l\u2019int\u00e9rieur du parc naturel de La Maddalena (iles de Caprera e Monaci) avec rentr\u00e9e au Diving center entre 13 heures et 13 heures 30 selon la distance. Il est possible choisir sites de plong\u00e9e or des 12 miles dans le \u201cBocche de Bonifacio en payent un extra de \u20ac 25.00 pour les sorties avec 2 plong\u00e9e, ou pour le Full-Day avec un extra de \u20ac 50. Le Full-Day est possible aussi pour Tavolara avec un extra de \u20ac 60 our pour iles Cerbicali avec un extra de \u20ac 70.<\/p>\n<p>Si vous venez en avion et r\u00e9servez un paquet des plongees + h\u00e9bergement, l&rsquo;\u00e9quipement de plong\u00e9e est inclus dans le co\u00fbt de la plong\u00e9e (\u00e0 l&rsquo;exclusion de l&rsquo;ordinateur et de la torche et des mois de juillet et ao\u00fbt).<br \/>Temp\u00e9rature de l&rsquo;eau: 18\/19\u00b0 mai &#8211; 20\/23\u00b0 juin &#8211; 23\/24\u00b0 juillet &#8211; 24\/26\u00b0 ao\u00fbt &#8211; 25\/23\u00b0 septembre &#8211; 23\/22\u00b0 octobre<\/p>\n<p>Plus vous plongez et moins vous payez et aussi offre familiale (min 3 personnes), un seul compte.<br \/>1 plong\u00e9e \u20ac 80,00<br \/>De 2 \u00e0 4 plong\u00e9es (sortie du matin) \u20ac 60.00 chaque<br \/>De 5 \u00e0 8 plong\u00e9es (sortie du matin) \u20ac 50.00 chaque<br \/>De 9 \u00e0 14 plong\u00e9es (sortie du matin) \u20ac 45.00 chaque<br \/>Plus de 14 plong\u00e9es (sortie du matin) \u20ac 35.00 chaque<\/p>\n<p><span class=\"VIiyi\" jsaction=\"mouseup:BR6jm\" jsname=\"jqKxS\" lang=\"fr\"><span jsaction=\"agoMJf:PFBcW;usxOmf:aWLT7;jhKsnd:P7O7bd,F8DmGf;Q4AGo:Gm7gYd,qAKMYb;uFUCPb:pvnm0e,pfE8Hb,PFBcW;f56efd:dJXsye;EnoYf:KNzws,ZJsZZ,JgVSJc;zdMJQc:cCQNKb,ZJsZZ,zchEXc;Ytrrj:JJDvdc;tNR8yc:GeFvjb;oFN6Ye:hij5Wb\" jscontroller=\"Zl5N8\" jsmodel=\"SsMkhd\" jsname=\"txFAF\" class=\"JLqJ4b ChMk0b\" data-language-for-alternatives=\"fr\" data-language-to-translate-into=\"en\" data-phrase-index=\"0\" jsdata=\"uqLsIf;_;$617\"><span jsaction=\"click:qtZ4nf,GFf3ac,tMZCfe; contextmenu:Nqw7Te,QP7LD; mouseout:Nqw7Te; mouseover:qtZ4nf,c2aHje\" jsname=\"W297wb\"><span jsaction=\"agoMJf:PFBcW;usxOmf:aWLT7;jhKsnd:P7O7bd,F8DmGf;Q4AGo:Gm7gYd,qAKMYb;uFUCPb:pvnm0e,pfE8Hb,PFBcW;f56efd:dJXsye;EnoYf:KNzws,ZJsZZ,JgVSJc;zdMJQc:cCQNKb,ZJsZZ,zchEXc;Ytrrj:JJDvdc;tNR8yc:GeFvjb;oFN6Ye:hij5Wb\" jscontroller=\"Zl5N8\" jsmodel=\"SsMkhd\" jsname=\"txFAF\" class=\"JLqJ4b ChMk0b\" data-language-for-alternatives=\"fr\" data-language-to-translate-into=\"en\" data-phrase-index=\"0\" jsdata=\"uqLsIf;_;$637\">Le centre de plong\u00e9e est \u00e0 distance de marche de l&rsquo;h\u00f4tel<\/span>.<\/span><\/span>\u00a0<span jsaction=\"agoMJf:PFBcW;usxOmf:aWLT7;jhKsnd:P7O7bd,F8DmGf;Q4AGo:Gm7gYd,qAKMYb;uFUCPb:pvnm0e,pfE8Hb,PFBcW;f56efd:dJXsye;EnoYf:KNzws,ZJsZZ,JgVSJc;zdMJQc:cCQNKb,ZJsZZ,zchEXc;Ytrrj:JJDvdc;tNR8yc:GeFvjb;oFN6Ye:hij5Wb\" jscontroller=\"Zl5N8\" jsmodel=\"SsMkhd\" jsname=\"txFAF\" class=\"JLqJ4b ChMk0b\" data-language-for-alternatives=\"fr\" data-language-to-translate-into=\"en\" data-phrase-index=\"0\" jsdata=\"uqLsIf;_;$627\"><span jsaction=\"click:qtZ4nf,GFf3ac,tMZCfe; contextmenu:Nqw7Te,QP7LD; mouseout:Nqw7Te; mouseover:qtZ4nf,c2aHje\" jsname=\"W297wb\">Nous offrons un service de navette gratuit pour les plongeurs, qui n&rsquo;ont pas de voiture, de l&rsquo;h\u00f4tel \u00e0 la plong\u00e9e et retour.<\/span><\/span><\/span><\/p>\n<\/div>\n<p>[\/et_pb_accordion_item][\/et_pb_accordion][\/et_pb_column][et_pb_column type=\u00a0\u00bb1_3&Prime; _builder_version=\u00a0\u00bb3.25&Prime; background_color=\u00a0\u00bb#000000&Prime; custom_padding=\u00a0\u00bb50px|||\u00a0\u00bb custom_padding__hover=\u00a0\u00bb|||\u00a0\u00bb][et_pb_gallery gallery_ids=\u00a0\u00bb42137,42140,42143,42146,42149,42152&Prime; posts_number=\u00a0\u00bb2&Prime; show_title_and_caption=\u00a0\u00bboff\u00a0\u00bb _builder_version=\u00a0\u00bb3.0.87&Prime; use_border_color=\u00a0\u00bboff\u00a0\u00bb border_color=\u00a0\u00bb#ffffff\u00a0\u00bb border_style=\u00a0\u00bbsolid\u00a0\u00bb][\/et_pb_gallery][\/et_pb_column][\/et_pb_row][\/et_pb_section][et_pb_section fb_built=\u00a0\u00bb1&Prime; _builder_version=\u00a0\u00bb3.0.92&Prime; background_color=\u00a0\u00bbrgba(255,255,255,0)\u00a0\u00bb use_background_color_gradient=\u00a0\u00bbon\u00a0\u00bb background_color_gradient_start=\u00a0\u00bb#000000&Prime; background_color_gradient_end=\u00a0\u00bb#000000&Prime; custom_margin=\u00a0\u00bb|||\u00a0\u00bb custom_padding=\u00a0\u00bb0px|0px|0px|0px\u00a0\u00bb global_module=\u00a0\u00bb34093&Prime;][et_pb_row column_structure=\u00a0\u00bb1_3,1_3,1_3&Prime; _builder_version=\u00a0\u00bb3.25&Prime; background_size=\u00a0\u00bbinitial\u00a0\u00bb background_position=\u00a0\u00bbtop_left\u00a0\u00bb background_repeat=\u00a0\u00bbrepeat\u00a0\u00bb][et_pb_column type=\u00a0\u00bb1_3&Prime; _builder_version=\u00a0\u00bb3.25&Prime; custom_padding=\u00a0\u00bb|||\u00a0\u00bb custom_padding__hover=\u00a0\u00bb|||\u00a0\u00bb][et_pb_text _builder_version=\u00a0\u00bb3.27.4&Prime; inline_fonts=\u00a0\u00bbAmatic SC\u00a0\u00bb]<\/p>\n<p>\u00a0<\/p>\n<p><strong>CONTACTS<\/strong><br \/><strong>Tel: +39 0789 99001<\/strong><br \/><strong>Mob: +39 348 0641825<\/strong><br \/><strong><a href=\"mailto:info@orsodiving.com\"><span style=\"color: #999999;\">info@orsodiving.com<\/span><\/a><\/strong><\/p>\n<p>[\/et_pb_text][\/et_pb_column][et_pb_column type=\u00a0\u00bb1_3&Prime; _builder_version=\u00a0\u00bb3.25&Prime; custom_padding=\u00a0\u00bb|||\u00a0\u00bb custom_padding__hover=\u00a0\u00bb|||\u00a0\u00bb][et_pb_text _builder_version=\u00a0\u00bb3.27.4&Prime; custom_margin=\u00a0\u00bb10px|||\u00a0\u00bb]<\/p>\n<p><strong>ADDRESS<\/strong><br \/><strong>Orso Diving Club &#8211; Poltu Quatu<\/strong><br \/><strong>between Baja Sardinia &amp; Porto Cervo<\/strong><br \/><strong>07021 Arzachena (OT) <\/strong><br \/><strong>SARDEGNA, ITALY<br \/><\/strong><\/p>\n<p>[\/et_pb_text][\/et_pb_column][et_pb_column type=\u00a0\u00bb1_3&Prime; _builder_version=\u00a0\u00bb3.25&Prime; custom_padding=\u00a0\u00bb|||\u00a0\u00bb custom_padding__hover=\u00a0\u00bb|||\u00a0\u00bb][et_pb_text _builder_version=\u00a0\u00bb3.27.4&Prime; custom_margin=\u00a0\u00bb10px|||\u00a0\u00bb]<\/p>\n<p><strong>OPENING TIME<\/strong><br \/><strong>Monday &#8211; Sunday<\/strong><br \/><strong>8:00 am &#8211; 7:00 pm<br \/><\/strong><\/p>\n<p>[\/et_pb_text][et_pb_social_media_follow url_new_window=\u00a0\u00bboff\u00a0\u00bb _builder_version=\u00a0\u00bb3.0.92&Prime; custom_margin=\u00a0\u00bb10px|||\u00a0\u00bb][et_pb_social_media_follow_network social_network=\u00a0\u00bbfacebook\u00a0\u00bb url=\u00a0\u00bbhttps:\/\/www.facebook.com\/groups\/OrsoDiving\/\u00a0\u00bb _builder_version=\u00a0\u00bb3.0.92&Prime; background_color=\u00a0\u00bb#3b5998&Prime; follow_button=\u00a0\u00bboff\u00a0\u00bb url_new_window=\u00a0\u00bboff\u00a0\u00bb] Facebook [\/et_pb_social_media_follow_network][et_pb_social_media_follow_network social_network=\u00a0\u00bbinstagram\u00a0\u00bb url=\u00a0\u00bbhttps:\/\/www.instagram.com\/orsodiving\/\u00a0\u00bb _builder_version=\u00a0\u00bb3.0.92&Prime; background_color=\u00a0\u00bb#517fa4&Prime; follow_button=\u00a0\u00bboff\u00a0\u00bb url_new_window=\u00a0\u00bboff\u00a0\u00bb] Instagram [\/et_pb_social_media_follow_network][et_pb_social_media_follow_network social_network=\u00a0\u00bbskype\u00a0\u00bb skype_url=\u00a0\u00bbpaolaorsodiving\u00a0\u00bb _builder_version=\u00a0\u00bb3.0.92&Prime; background_color=\u00a0\u00bb#12a5f4&Prime; follow_button=\u00a0\u00bboff\u00a0\u00bb url_new_window=\u00a0\u00bboff\u00a0\u00bb] skype [\/et_pb_social_media_follow_network][et_pb_social_media_follow_network social_network=\u00a0\u00bbyoutube\u00a0\u00bb url=\u00a0\u00bbhttps:\/\/www.youtube.com\/user\/orsocapo1&Prime; _builder_version=\u00a0\u00bb3.0.92&Prime; background_color=\u00a0\u00bb#a82400&Prime; follow_button=\u00a0\u00bboff\u00a0\u00bb url_new_window=\u00a0\u00bboff\u00a0\u00bb] Youtube [\/et_pb_social_media_follow_network][\/et_pb_social_media_follow][\/et_pb_column][\/et_pb_row][\/et_pb_section]<\/p>\n","protected":false},"excerpt":{"rendered":"<p>RESIDENCE MANOR\u00a0The special prices we propose you for the above Residence Bagaglinoare valid only for the divers (and their companions)Informations and reservations with Orso Diving Club info@orsodiving.comResidence Manor***** Laid out like a typical Sardinian village, espousing the contours of the land, the 68 apartments of the residential structures offer a further variety of accommodation.Facing the [&hellip;]<\/p>\n","protected":false},"author":1,"featured_media":0,"parent":0,"menu_order":0,"comment_status":"closed","ping_status":"closed","template":"","meta":{"_et_pb_use_builder":"on","_et_pb_old_content":"","_et_gb_content_width":"","footnotes":""},"class_list":["post-30332","page","type-page","status-publish","hentry"],"yoast_head":"<!-- This site is optimized with the Yoast SEO Premium plugin v27.0 (Yoast SEO v27.4) - https:\/\/yoast.com\/product\/yoast-seo-premium-wordpress\/ -->\n<title>Residence Manor | Orso Diving Club<\/title>\n<meta name=\"robots\" content=\"index, follow, max-snippet:-1, max-image-preview:large, max-video-preview:-1\" \/>\n<link rel=\"canonical\" href=\"https:\/\/orsodiving.com\/residence-manor\/\" \/>\n<meta property=\"og:locale\" content=\"fr_FR\" \/>\n<meta property=\"og:type\" content=\"article\" \/>\n<meta property=\"og:title\" content=\"Residence Manor\" \/>\n<meta property=\"og:description\" content=\"RESIDENCE MANOR\u00a0The special prices we propose you for the above Residence Bagaglinoare valid only for the divers (and their companions)Informations and reservations with Orso Diving Club info@orsodiving.comResidence Manor***** Laid out like a typical Sardinian village, espousing the contours of the land, the 68 apartments of the residential structures offer a further variety of accommodation.Facing the [&hellip;]\" \/>\n<meta property=\"og:url\" content=\"https:\/\/orsodiving.com\/residence-manor\/\" \/>\n<meta property=\"og:site_name\" content=\"Orso Diving Club\" \/>\n<meta property=\"article:publisher\" content=\"https:\/\/www.facebook.com\/OrsoDiving\/\" \/>\n<meta property=\"article:modified_time\" content=\"2021-04-08T16:45:01+00:00\" \/>\n<meta name=\"twitter:card\" content=\"summary_large_image\" \/>\n<meta name=\"twitter:label1\" content=\"Dur\u00e9e de lecture estim\u00e9e\" \/>\n\t<meta name=\"twitter:data1\" content=\"5 minutes\" \/>\n<script type=\"application\/ld+json\" class=\"yoast-schema-graph\">{\"@context\":\"https:\\\/\\\/schema.org\",\"@graph\":[{\"@type\":\"WebPage\",\"@id\":\"https:\\\/\\\/orsodiving.com\\\/residence-manor\\\/\",\"url\":\"https:\\\/\\\/orsodiving.com\\\/residence-manor\\\/\",\"name\":\"Residence Manor | Orso Diving Club\",\"isPartOf\":{\"@id\":\"https:\\\/\\\/orsodiving.com\\\/#website\"},\"datePublished\":\"2017-04-22T12:26:05+00:00\",\"dateModified\":\"2021-04-08T16:45:01+00:00\",\"breadcrumb\":{\"@id\":\"https:\\\/\\\/orsodiving.com\\\/residence-manor\\\/#breadcrumb\"},\"inLanguage\":\"fr-FR\",\"potentialAction\":[{\"@type\":\"ReadAction\",\"target\":[\"https:\\\/\\\/orsodiving.com\\\/residence-manor\\\/\"]}]},{\"@type\":\"BreadcrumbList\",\"@id\":\"https:\\\/\\\/orsodiving.com\\\/residence-manor\\\/#breadcrumb\",\"itemListElement\":[{\"@type\":\"ListItem\",\"position\":1,\"name\":\"Home\",\"item\":\"https:\\\/\\\/orsodiving.com\\\/fr\\\/\"},{\"@type\":\"ListItem\",\"position\":2,\"name\":\"Residence Manor\"}]},{\"@type\":\"WebSite\",\"@id\":\"https:\\\/\\\/orsodiving.com\\\/#website\",\"url\":\"https:\\\/\\\/orsodiving.com\\\/\",\"name\":\"Orso Diving Club\",\"description\":\"Diving, Snorkeling, Whale Warching\",\"publisher\":{\"@id\":\"https:\\\/\\\/orsodiving.com\\\/#organization\"},\"potentialAction\":[{\"@type\":\"SearchAction\",\"target\":{\"@type\":\"EntryPoint\",\"urlTemplate\":\"https:\\\/\\\/orsodiving.com\\\/?s={search_term_string}\"},\"query-input\":{\"@type\":\"PropertyValueSpecification\",\"valueRequired\":true,\"valueName\":\"search_term_string\"}}],\"inLanguage\":\"fr-FR\"},{\"@type\":\"Organization\",\"@id\":\"https:\\\/\\\/orsodiving.com\\\/#organization\",\"name\":\"Orso Diving Club\",\"url\":\"https:\\\/\\\/orsodiving.com\\\/\",\"logo\":{\"@type\":\"ImageObject\",\"inLanguage\":\"fr-FR\",\"@id\":\"https:\\\/\\\/orsodiving.com\\\/#\\\/schema\\\/logo\\\/image\\\/\",\"url\":\"https:\\\/\\\/orsodiving.com\\\/wp-content\\\/uploads\\\/2020\\\/05\\\/logoODC-2020since-nero-1.png\",\"contentUrl\":\"https:\\\/\\\/orsodiving.com\\\/wp-content\\\/uploads\\\/2020\\\/05\\\/logoODC-2020since-nero-1.png\",\"width\":2048,\"height\":2048,\"caption\":\"Orso Diving Club\"},\"image\":{\"@id\":\"https:\\\/\\\/orsodiving.com\\\/#\\\/schema\\\/logo\\\/image\\\/\"},\"sameAs\":[\"https:\\\/\\\/www.facebook.com\\\/OrsoDiving\\\/\",\"https:\\\/\\\/www.youtube.com\\\/user\\\/orsocapo1\",\"https:\\\/\\\/www.instagram.com\\\/orsodiving\\\/\"]}]}<\/script>\n<!-- \/ Yoast SEO Premium plugin. -->","yoast_head_json":{"title":"Residence Manor | Orso Diving Club","robots":{"index":"index","follow":"follow","max-snippet":"max-snippet:-1","max-image-preview":"max-image-preview:large","max-video-preview":"max-video-preview:-1"},"canonical":"https:\/\/orsodiving.com\/residence-manor\/","og_locale":"fr_FR","og_type":"article","og_title":"Residence Manor","og_description":"RESIDENCE MANOR\u00a0The special prices we propose you for the above Residence Bagaglinoare valid only for the divers (and their companions)Informations and reservations with Orso Diving Club info@orsodiving.comResidence Manor***** Laid out like a typical Sardinian village, espousing the contours of the land, the 68 apartments of the residential structures offer a further variety of accommodation.Facing the [&hellip;]","og_url":"https:\/\/orsodiving.com\/residence-manor\/","og_site_name":"Orso Diving Club","article_publisher":"https:\/\/www.facebook.com\/OrsoDiving\/","article_modified_time":"2021-04-08T16:45:01+00:00","twitter_card":"summary_large_image","twitter_misc":{"Dur\u00e9e de lecture estim\u00e9e":"5 minutes"},"schema":{"@context":"https:\/\/schema.org","@graph":[{"@type":"WebPage","@id":"https:\/\/orsodiving.com\/residence-manor\/","url":"https:\/\/orsodiving.com\/residence-manor\/","name":"Residence Manor | Orso Diving Club","isPartOf":{"@id":"https:\/\/orsodiving.com\/#website"},"datePublished":"2017-04-22T12:26:05+00:00","dateModified":"2021-04-08T16:45:01+00:00","breadcrumb":{"@id":"https:\/\/orsodiving.com\/residence-manor\/#breadcrumb"},"inLanguage":"fr-FR","potentialAction":[{"@type":"ReadAction","target":["https:\/\/orsodiving.com\/residence-manor\/"]}]},{"@type":"BreadcrumbList","@id":"https:\/\/orsodiving.com\/residence-manor\/#breadcrumb","itemListElement":[{"@type":"ListItem","position":1,"name":"Home","item":"https:\/\/orsodiving.com\/fr\/"},{"@type":"ListItem","position":2,"name":"Residence Manor"}]},{"@type":"WebSite","@id":"https:\/\/orsodiving.com\/#website","url":"https:\/\/orsodiving.com\/","name":"Orso Diving Club","description":"Diving, Snorkeling, Whale Warching","publisher":{"@id":"https:\/\/orsodiving.com\/#organization"},"potentialAction":[{"@type":"SearchAction","target":{"@type":"EntryPoint","urlTemplate":"https:\/\/orsodiving.com\/?s={search_term_string}"},"query-input":{"@type":"PropertyValueSpecification","valueRequired":true,"valueName":"search_term_string"}}],"inLanguage":"fr-FR"},{"@type":"Organization","@id":"https:\/\/orsodiving.com\/#organization","name":"Orso Diving Club","url":"https:\/\/orsodiving.com\/","logo":{"@type":"ImageObject","inLanguage":"fr-FR","@id":"https:\/\/orsodiving.com\/#\/schema\/logo\/image\/","url":"https:\/\/orsodiving.com\/wp-content\/uploads\/2020\/05\/logoODC-2020since-nero-1.png","contentUrl":"https:\/\/orsodiving.com\/wp-content\/uploads\/2020\/05\/logoODC-2020since-nero-1.png","width":2048,"height":2048,"caption":"Orso Diving Club"},"image":{"@id":"https:\/\/orsodiving.com\/#\/schema\/logo\/image\/"},"sameAs":["https:\/\/www.facebook.com\/OrsoDiving\/","https:\/\/www.youtube.com\/user\/orsocapo1","https:\/\/www.instagram.com\/orsodiving\/"]}]}},"_links":{"self":[{"href":"https:\/\/orsodiving.com\/fr\/wp-json\/wp\/v2\/pages\/30332","targetHints":{"allow":["GET"]}}],"collection":[{"href":"https:\/\/orsodiving.com\/fr\/wp-json\/wp\/v2\/pages"}],"about":[{"href":"https:\/\/orsodiving.com\/fr\/wp-json\/wp\/v2\/types\/page"}],"author":[{"embeddable":true,"href":"https:\/\/orsodiving.com\/fr\/wp-json\/wp\/v2\/users\/1"}],"replies":[{"embeddable":true,"href":"https:\/\/orsodiving.com\/fr\/wp-json\/wp\/v2\/comments?post=30332"}],"version-history":[{"count":10,"href":"https:\/\/orsodiving.com\/fr\/wp-json\/wp\/v2\/pages\/30332\/revisions"}],"predecessor-version":[{"id":45695,"href":"https:\/\/orsodiving.com\/fr\/wp-json\/wp\/v2\/pages\/30332\/revisions\/45695"}],"wp:attachment":[{"href":"https:\/\/orsodiving.com\/fr\/wp-json\/wp\/v2\/media?parent=30332"}],"curies":[{"name":"wp","href":"https:\/\/api.w.org\/{rel}","templated":true}]}}