{"id":30216,"date":"2017-04-14T10:10:58","date_gmt":"2017-04-14T08:10:58","guid":{"rendered":"https:\/\/orsodiving.com\/felixstowe\/"},"modified":"2018-11-19T13:40:10","modified_gmt":"2018-11-19T12:40:10","slug":"felixstowe","status":"publish","type":"page","link":"https:\/\/orsodiving.com\/fr\/felixstowe\/","title":{"rendered":"Felixstowe"},"content":{"rendered":"<p>[et_pb_section fb_built=\u00a0\u00bb1&Prime; fullwidth=\u00a0\u00bbon\u00a0\u00bb _builder_version=\u00a0\u00bb3.0.47&Prime;][et_pb_fullwidth_image src=\u00a0\u00bbhttps:\/\/orsodiving.com\/wp-content\/uploads\/2017\/04\/felix.jpg\u00a0\u00bb _builder_version=\u00a0\u00bb3.0.47&Prime; animation_style=\u00a0\u00bbslide\u00a0\u00bb animation_direction=\u00a0\u00bbleft\u00a0\u00bb animation_duration=\u00a0\u00bb500ms\u00a0\u00bb animation_intensity_slide=\u00a0\u00bb10%\u00a0\u00bb use_border_color=\u00a0\u00bboff\u00a0\u00bb border_color=\u00a0\u00bb#ffffff\u00a0\u00bb border_style=\u00a0\u00bbsolid\u00a0\u00bb animation=\u00a0\u00bbleft\u00a0\u00bb][\/et_pb_fullwidth_image][\/et_pb_section][et_pb_section fb_built=\u00a0\u00bb1&Prime; _builder_version=\u00a0\u00bb3.0.47&Prime; custom_padding=\u00a0\u00bb0px|0px|0px|0px\u00a0\u00bb][et_pb_row _builder_version=\u00a0\u00bb3.0.47&Prime; background_size=\u00a0\u00bbinitial\u00a0\u00bb background_position=\u00a0\u00bbtop_left\u00a0\u00bb background_repeat=\u00a0\u00bbrepeat\u00a0\u00bb][et_pb_column type=\u00a0\u00bb4_4&Prime; _builder_version=\u00a0\u00bb3.0.47&Prime; parallax=\u00a0\u00bboff\u00a0\u00bb parallax_method=\u00a0\u00bbon\u00a0\u00bb][et_pb_text background_layout=\u00a0\u00bbdark\u00a0\u00bb _builder_version=\u00a0\u00bb3.0.47&Prime; background_size=\u00a0\u00bbinitial\u00a0\u00bb background_position=\u00a0\u00bbtop_left\u00a0\u00bb background_repeat=\u00a0\u00bbrepeat\u00a0\u00bb custom_margin=\u00a0\u00bb20px|||\u00a0\u00bb custom_padding=\u00a0\u00bb||10px|\u00a0\u00bb]<\/p>\n<h2 style=\"text-align: center;\">Relitto dragamine inglese \u00ab\u00a0Felixstowe\u00a0\u00bb<\/h2>\n<p>[\/et_pb_text][\/et_pb_column][\/et_pb_row][\/et_pb_section][et_pb_section fb_built=\u00a0\u00bb1&Prime; _builder_version=\u00a0\u00bb3.0.47&Prime; custom_padding=\u00a0\u00bb21px|0px|29px|0px\u00a0\u00bb][et_pb_row custom_padding=\u00a0\u00bb0px|0px|0px|0px\u00a0\u00bb padding_top_1=\u00a0\u00bb70px\u00a0\u00bb parallax_method_1=\u00a0\u00bboff\u00a0\u00bb parallax_method_2=\u00a0\u00bboff\u00a0\u00bb _builder_version=\u00a0\u00bb3.0.47&Prime; background_size=\u00a0\u00bbinitial\u00a0\u00bb background_position=\u00a0\u00bbtop_left\u00a0\u00bb background_repeat=\u00a0\u00bbrepeat\u00a0\u00bb][et_pb_column type=\u00a0\u00bb1_2&Prime; _builder_version=\u00a0\u00bb3.0.47&Prime; padding_top=\u00a0\u00bb70px\u00a0\u00bb parallax=\u00a0\u00bboff\u00a0\u00bb parallax_method=\u00a0\u00bboff\u00a0\u00bb][et_pb_accordion open_toggle_text_color=\u00a0\u00bb#ffffff\u00a0\u00bb open_toggle_background_color=\u00a0\u00bbrgba(48,128,209,0.6)\u00a0\u00bb closed_toggle_text_color=\u00a0\u00bb#ffffff\u00a0\u00bb closed_toggle_background_color=\u00a0\u00bbrgba(48,128,209,0.6)\u00a0\u00bb admin_label=\u00a0\u00bbAccordion\u00a0\u00bb _builder_version=\u00a0\u00bb3.0.47&Prime; body_text_color=\u00a0\u00bb#ffffff\u00a0\u00bb toggle_font=\u00a0\u00bbAmatic SC||||\u00a0\u00bb toggle_font_size=\u00a0\u00bb34px\u00a0\u00bb custom_padding=\u00a0\u00bb|||\u00a0\u00bb][et_pb_accordion_item title=\u00a0\u00bbINFO\u00a0\u00bb _builder_version=\u00a0\u00bb3.0.47&Prime; title_font_size=\u00a0\u00bb18&Prime; title_text_shadow_horizontal_length=\u00a0\u00bb0em\u00a0\u00bb title_text_shadow_vertical_length=\u00a0\u00bb0em\u00a0\u00bb title_text_shadow_blur_strength=\u00a0\u00bb0em\u00a0\u00bb body_text_shadow_horizontal_length=\u00a0\u00bb0em\u00a0\u00bb body_text_shadow_vertical_length=\u00a0\u00bb0em\u00a0\u00bb body_text_shadow_blur_strength=\u00a0\u00bb0em\u00a0\u00bb background_size=\u00a0\u00bbinitial\u00a0\u00bb background_position=\u00a0\u00bbtop_left\u00a0\u00bb background_repeat=\u00a0\u00bbrepeat\u00a0\u00bb open=\u00a0\u00bbon\u00a0\u00bb]<\/p>\n<p style=\"text-align: center;\">Profondit\u00e0: max 85m \/ min 75m. &#8211;\u00a0 Distanza dal diving 5 ml.<\/p>\n<p style=\"text-align: center;\">Tempo di navigazione 20<\/p>\n<p>[\/et_pb_accordion_item][et_pb_accordion_item title=\u00a0\u00bbSTORIA\u00a0\u00bb open=\u00a0\u00bboff\u00a0\u00bb _builder_version=\u00a0\u00bb3.0.47&Prime; title_font_size=\u00a0\u00bb18&Prime; title_text_shadow_horizontal_length=\u00a0\u00bb0em\u00a0\u00bb title_text_shadow_vertical_length=\u00a0\u00bb0em\u00a0\u00bb title_text_shadow_blur_strength=\u00a0\u00bb0em\u00a0\u00bb body_text_shadow_horizontal_length=\u00a0\u00bb0em\u00a0\u00bb body_text_shadow_vertical_length=\u00a0\u00bb0em\u00a0\u00bb body_text_shadow_blur_strength=\u00a0\u00bb0em\u00a0\u00bb background_size=\u00a0\u00bbinitial\u00a0\u00bb background_position=\u00a0\u00bbtop_left\u00a0\u00bb background_repeat=\u00a0\u00bbrepeat\u00a0\u00bb]Dragamine inglese affondato il 18.12.1943 di fronte Capo Ferro. E&rsquo; la nave gemella del Cromarty con l&rsquo;unica differenza che purtroppo \u00e8 adagiata sul fondo sotto sopra. Rimane pur sempre un relitto interessantissimo dato che sono possibili delle penetrazioni sui lati dello scafo. Degni di nota sono la cucina con le stoviglie e gli utensili \u00e8 ancora ben in vista. Svariate bottiglie di rum, che servivano come genere di conforto per l&rsquo;equipaggio, sono accatastate le une sulle altre. A poppa le due grandi eliche con le assi, sono piegate all&rsquo;ins\u00f9 contro lo scafo, probabilmente a causa dell&rsquo;esplosione della mina che lo affond\u00f2. Sono presenti ancora delle bombe di profondit\u00e0 anti-somm.<br \/>\nLo scafo \u00e8 completamente ricoperto da gorgonie rosse e gialle, spesso popolate da stelle gorgone.<br \/>\n[\/et_pb_accordion_item][et_pb_accordion_item title=\u00a0\u00bbSCHEDA TECNICA\u00a0\u00bb _builder_version=\u00a0\u00bb3.0.47&Prime; title_font_size=\u00a0\u00bb18&Prime; title_text_shadow_horizontal_length=\u00a0\u00bb0em\u00a0\u00bb title_text_shadow_vertical_length=\u00a0\u00bb0em\u00a0\u00bb title_text_shadow_blur_strength=\u00a0\u00bb0em\u00a0\u00bb body_text_shadow_horizontal_length=\u00a0\u00bb0em\u00a0\u00bb body_text_shadow_vertical_length=\u00a0\u00bb0em\u00a0\u00bb body_text_shadow_blur_strength=\u00a0\u00bb0em\u00a0\u00bb background_size=\u00a0\u00bbinitial\u00a0\u00bb background_position=\u00a0\u00bbtop_left\u00a0\u00bb background_repeat=\u00a0\u00bbrepeat\u00a0\u00bb open=\u00a0\u00bboff\u00a0\u00bb]<\/p>\n<table>\n<tbody>\n<tr>\n<td>Tipo<\/td>\n<td style=\"text-align: right;\">Dragamine Marina Militare<\/td>\n<\/tr>\n<tr>\n<td>Nazionalit\u00e0<\/td>\n<td style=\"text-align: right;\">britannica<\/td>\n<\/tr>\n<tr>\n<td>Anno costruzione<\/td>\n<td style=\"text-align: right;\">1941<\/td>\n<\/tr>\n<tr>\n<td>Cantiere<\/td>\n<td style=\"text-align: right;\">Lobnitz-Renfrew (Gran Bretagna)<\/td>\n<\/tr>\n<tr>\n<td>Dislocamento carico normale<\/td>\n<td style=\"text-align: right;\">673 tonnellate<\/td>\n<\/tr>\n<tr>\n<td>Dislocamento pieno carico<\/td>\n<td style=\"text-align: right;\">860 tonnellate<\/td>\n<\/tr>\n<tr>\n<td>Lunghezza<\/td>\n<td style=\"text-align: right;\">57,60 mt<\/td>\n<\/tr>\n<tr>\n<td>Larghezza<\/td>\n<td style=\"text-align: right;\">8,68 mt<\/td>\n<\/tr>\n<tr>\n<td>Apparato motore<\/td>\n<td style=\"text-align: right;\">1 macchina a triplice espansione<\/td>\n<\/tr>\n<tr>\n<td><\/td>\n<td style=\"text-align: right;\">2 caldaie cilindriche a nafta<\/td>\n<\/tr>\n<tr>\n<td>Eliche<\/td>\n<td style=\"text-align: right;\">2<\/td>\n<\/tr>\n<tr>\n<td>INTERESSE STORICO<\/td>\n<td style=\"text-align: right;\">****<\/td>\n<\/tr>\n<tr>\n<td>INTERESSE FOTOGRAFICO<\/td>\n<td style=\"text-align: right;\">***<\/td>\n<\/tr>\n<\/tbody>\n<\/table>\n<p>[\/et_pb_accordion_item][\/et_pb_accordion][\/et_pb_column][et_pb_column type=\u00a0\u00bb1_2&Prime; _builder_version=\u00a0\u00bb3.0.47&Prime; parallax=\u00a0\u00bboff\u00a0\u00bb parallax_method=\u00a0\u00bboff\u00a0\u00bb][et_pb_video src=\u00a0\u00bbhttps:\/\/youtu.be\/20akXtAmR-I\u00a0\u00bb _builder_version=\u00a0\u00bb3.0.47&Prime;][\/et_pb_video][et_pb_gallery gallery_ids=\u00a0\u00bb1643,1644,1645,1646,1647,1648,1649,1650,1651,1652,1653,1654&Prime; gallery_orderby=\u00a0\u00bbrand\u00a0\u00bb fullwidth=\u00a0\u00bbon\u00a0\u00bb background_layout=\u00a0\u00bbdark\u00a0\u00bb _builder_version=\u00a0\u00bb3.0.47&Prime;][\/et_pb_gallery][\/et_pb_column][\/et_pb_row][\/et_pb_section][et_pb_section fb_built=\u00a0\u00bb1&Prime; background_color=\u00a0\u00bbrgba(56,56,56,0.22)\u00a0\u00bb _builder_version=\u00a0\u00bb3.0.92&Prime; custom_margin=\u00a0\u00bb|||\u00a0\u00bb custom_padding=\u00a0\u00bb0px|0px|0px|0px\u00a0\u00bb global_module=\u00a0\u00bb33992&Prime;][et_pb_row custom_margin=\u00a0\u00bb||10px|\u00a0\u00bb _builder_version=\u00a0\u00bb3.0.92&Prime;][et_pb_column type=\u00a0\u00bb1_4&Prime; _builder_version=\u00a0\u00bb3.0.47&Prime; parallax=\u00a0\u00bboff\u00a0\u00bb parallax_method=\u00a0\u00bbon\u00a0\u00bb][et_pb_text _builder_version=\u00a0\u00bb3.0.92&Prime; custom_margin=\u00a0\u00bb10px||10px|\u00a0\u00bb]<\/p>\n<p><span style=\"color: #333399; font-family: impact, sans-serif; font-size: 14pt;\"><strong>CONTATTI<\/strong><\/span><br \/><span style=\"font-size: 12pt;\"><strong>Tel: +39 078999001<\/strong><\/span><br \/><span style=\"font-size: 12pt;\"><strong>Mob: +39 3480641825<\/strong><\/span><br \/><span style=\"font-size: 12pt;\"><strong>info@orsodiving.com\u00a0<\/strong><\/span><\/p>\n<p>[\/et_pb_text][\/et_pb_column][et_pb_column type=\u00a0\u00bb1_4&Prime; _builder_version=\u00a0\u00bb3.0.47&Prime; parallax=\u00a0\u00bboff\u00a0\u00bb parallax_method=\u00a0\u00bbon\u00a0\u00bb][et_pb_text _builder_version=\u00a0\u00bb3.0.92&Prime; custom_margin=\u00a0\u00bb10px|||\u00a0\u00bb]<\/p>\n<p><span style=\"font-family: impact, sans-serif; color: #333399; font-size: 12pt;\"><strong><span style=\"font-size: 18.6667px;\">INDIRIZZO<\/span><br \/><\/strong><\/span><strong><span style=\"font-size: 12pt;\">Loc. Poltu Quatu, Arzachena (OT)<\/span><\/strong><br \/><strong><span style=\"font-size: 12pt;\">07021 Sardegna, ITALY<\/span><\/strong><\/p>\n<p>[\/et_pb_text][\/et_pb_column][et_pb_column type=\u00a0\u00bb1_4&Prime; _builder_version=\u00a0\u00bb3.0.47&Prime; parallax=\u00a0\u00bboff\u00a0\u00bb parallax_method=\u00a0\u00bbon\u00a0\u00bb][et_pb_text _builder_version=\u00a0\u00bb3.0.92&Prime; custom_margin=\u00a0\u00bb10px|||\u00a0\u00bb]<\/p>\n<p><span style=\"font-size: 12pt; font-family: impact, sans-serif; color: #333399;\"><span style=\"font-size: 14pt;\">ORARIO DI APERTURA<\/span><br \/><\/span><strong><span style=\"font-size: 12pt;\">Luned\u00ec &#8211; Domanica<\/span><\/strong><br \/><strong><span style=\"font-size: 12pt;\">h. 8:00 &#8211; 19:00<\/span><\/strong><\/p>\n<p>[\/et_pb_text][\/et_pb_column][et_pb_column type=\u00a0\u00bb1_4&Prime; _builder_version=\u00a0\u00bb3.0.47&Prime; parallax=\u00a0\u00bboff\u00a0\u00bb parallax_method=\u00a0\u00bbon\u00a0\u00bb][et_pb_social_media_follow url_new_window=\u00a0\u00bboff\u00a0\u00bb _builder_version=\u00a0\u00bb3.0.92&Prime; custom_margin=\u00a0\u00bb10px|||\u00a0\u00bb][et_pb_social_media_follow_network social_network=\u00a0\u00bbfacebook\u00a0\u00bb url=\u00a0\u00bbhttps:\/\/www.facebook.com\/groups\/OrsoDiving\/\u00a0\u00bb _builder_version=\u00a0\u00bb3.0.92&Prime; background_color=\u00a0\u00bb#3b5998&Prime; follow_button=\u00a0\u00bboff\u00a0\u00bb url_new_window=\u00a0\u00bboff\u00a0\u00bb] Facebook [\/et_pb_social_media_follow_network][et_pb_social_media_follow_network social_network=\u00a0\u00bbinstagram\u00a0\u00bb url=\u00a0\u00bbhttps:\/\/www.instagram.com\/orsodiving\/\u00a0\u00bb _builder_version=\u00a0\u00bb3.0.92&Prime; background_color=\u00a0\u00bb#517fa4&Prime; follow_button=\u00a0\u00bboff\u00a0\u00bb url_new_window=\u00a0\u00bboff\u00a0\u00bb] Instagram [\/et_pb_social_media_follow_network][et_pb_social_media_follow_network social_network=\u00a0\u00bbskype\u00a0\u00bb skype_url=\u00a0\u00bbpaolaorsodiving\u00a0\u00bb _builder_version=\u00a0\u00bb3.0.92&Prime; background_color=\u00a0\u00bb#12a5f4&Prime; follow_button=\u00a0\u00bboff\u00a0\u00bb url_new_window=\u00a0\u00bboff\u00a0\u00bb] skype [\/et_pb_social_media_follow_network][et_pb_social_media_follow_network social_network=\u00a0\u00bbyoutube\u00a0\u00bb url=\u00a0\u00bbhttps:\/\/www.youtube.com\/user\/orsocapo1&Prime; _builder_version=\u00a0\u00bb3.0.92&Prime; background_color=\u00a0\u00bb#a82400&Prime; follow_button=\u00a0\u00bboff\u00a0\u00bb url_new_window=\u00a0\u00bboff\u00a0\u00bb] Youtube [\/et_pb_social_media_follow_network][\/et_pb_social_media_follow][\/et_pb_column][\/et_pb_row][\/et_pb_section]<\/p>\n","protected":false},"excerpt":{"rendered":"<p>Relitto dragamine inglese \u00ab\u00a0Felixstowe\u00a0\u00bb Profondit\u00e0: max 85m \/ min 75m. &#8211;\u00a0 Distanza dal diving 5 ml. Tempo di navigazione 20Dragamine inglese affondato il 18.12.1943 di fronte Capo Ferro. E&rsquo; la nave gemella del Cromarty con l&rsquo;unica differenza che purtroppo \u00e8 adagiata sul fondo sotto sopra. Rimane pur sempre un relitto interessantissimo dato che sono possibili [&hellip;]<\/p>\n","protected":false},"author":1,"featured_media":0,"parent":0,"menu_order":0,"comment_status":"closed","ping_status":"closed","template":"","meta":{"_et_pb_use_builder":"on","_et_pb_old_content":"","_et_gb_content_width":"","footnotes":""},"class_list":["post-30216","page","type-page","status-publish","hentry"],"yoast_head":"<!-- This site is optimized with the Yoast SEO Premium plugin v27.0 (Yoast SEO v27.4) - https:\/\/yoast.com\/product\/yoast-seo-premium-wordpress\/ -->\n<title>Felixstowe | Orso Diving Club<\/title>\n<meta name=\"robots\" content=\"index, follow, max-snippet:-1, max-image-preview:large, max-video-preview:-1\" \/>\n<link rel=\"canonical\" href=\"https:\/\/orsodiving.com\/felixstowe\/\" \/>\n<meta property=\"og:locale\" content=\"fr_FR\" \/>\n<meta property=\"og:type\" content=\"article\" \/>\n<meta property=\"og:title\" content=\"Felixstowe\" \/>\n<meta property=\"og:description\" content=\"Relitto dragamine inglese &quot;Felixstowe&quot; Profondit\u00e0: max 85m \/ min 75m. -\u00a0 Distanza dal diving 5 ml. Tempo di navigazione 20Dragamine inglese affondato il 18.12.1943 di fronte Capo Ferro. E&#039; la nave gemella del Cromarty con l&#039;unica differenza che purtroppo \u00e8 adagiata sul fondo sotto sopra. Rimane pur sempre un relitto interessantissimo dato che sono possibili [&hellip;]\" \/>\n<meta property=\"og:url\" content=\"https:\/\/orsodiving.com\/felixstowe\/\" \/>\n<meta property=\"og:site_name\" content=\"Orso Diving Club\" \/>\n<meta property=\"article:publisher\" content=\"https:\/\/www.facebook.com\/OrsoDiving\/\" \/>\n<meta property=\"article:modified_time\" content=\"2018-11-19T12:40:10+00:00\" \/>\n<meta name=\"twitter:card\" content=\"summary_large_image\" \/>\n<meta name=\"twitter:label1\" content=\"Dur\u00e9e de lecture estim\u00e9e\" \/>\n\t<meta name=\"twitter:data1\" content=\"5 minutes\" \/>\n<script type=\"application\/ld+json\" class=\"yoast-schema-graph\">{\"@context\":\"https:\\\/\\\/schema.org\",\"@graph\":[{\"@type\":\"WebPage\",\"@id\":\"https:\\\/\\\/orsodiving.com\\\/felixstowe\\\/\",\"url\":\"https:\\\/\\\/orsodiving.com\\\/felixstowe\\\/\",\"name\":\"Felixstowe | Orso Diving Club\",\"isPartOf\":{\"@id\":\"https:\\\/\\\/orsodiving.com\\\/#website\"},\"datePublished\":\"2017-04-14T08:10:58+00:00\",\"dateModified\":\"2018-11-19T12:40:10+00:00\",\"breadcrumb\":{\"@id\":\"https:\\\/\\\/orsodiving.com\\\/felixstowe\\\/#breadcrumb\"},\"inLanguage\":\"fr-FR\",\"potentialAction\":[{\"@type\":\"ReadAction\",\"target\":[\"https:\\\/\\\/orsodiving.com\\\/felixstowe\\\/\"]}]},{\"@type\":\"BreadcrumbList\",\"@id\":\"https:\\\/\\\/orsodiving.com\\\/felixstowe\\\/#breadcrumb\",\"itemListElement\":[{\"@type\":\"ListItem\",\"position\":1,\"name\":\"Home\",\"item\":\"https:\\\/\\\/orsodiving.com\\\/fr\\\/\"},{\"@type\":\"ListItem\",\"position\":2,\"name\":\"Felixstowe\"}]},{\"@type\":\"WebSite\",\"@id\":\"https:\\\/\\\/orsodiving.com\\\/#website\",\"url\":\"https:\\\/\\\/orsodiving.com\\\/\",\"name\":\"Orso Diving Club\",\"description\":\"Diving, Snorkeling, Whale Warching\",\"publisher\":{\"@id\":\"https:\\\/\\\/orsodiving.com\\\/#organization\"},\"potentialAction\":[{\"@type\":\"SearchAction\",\"target\":{\"@type\":\"EntryPoint\",\"urlTemplate\":\"https:\\\/\\\/orsodiving.com\\\/?s={search_term_string}\"},\"query-input\":{\"@type\":\"PropertyValueSpecification\",\"valueRequired\":true,\"valueName\":\"search_term_string\"}}],\"inLanguage\":\"fr-FR\"},{\"@type\":\"Organization\",\"@id\":\"https:\\\/\\\/orsodiving.com\\\/#organization\",\"name\":\"Orso Diving Club\",\"url\":\"https:\\\/\\\/orsodiving.com\\\/\",\"logo\":{\"@type\":\"ImageObject\",\"inLanguage\":\"fr-FR\",\"@id\":\"https:\\\/\\\/orsodiving.com\\\/#\\\/schema\\\/logo\\\/image\\\/\",\"url\":\"https:\\\/\\\/orsodiving.com\\\/wp-content\\\/uploads\\\/2020\\\/05\\\/logoODC-2020since-nero-1.png\",\"contentUrl\":\"https:\\\/\\\/orsodiving.com\\\/wp-content\\\/uploads\\\/2020\\\/05\\\/logoODC-2020since-nero-1.png\",\"width\":2048,\"height\":2048,\"caption\":\"Orso Diving Club\"},\"image\":{\"@id\":\"https:\\\/\\\/orsodiving.com\\\/#\\\/schema\\\/logo\\\/image\\\/\"},\"sameAs\":[\"https:\\\/\\\/www.facebook.com\\\/OrsoDiving\\\/\",\"https:\\\/\\\/www.youtube.com\\\/user\\\/orsocapo1\",\"https:\\\/\\\/www.instagram.com\\\/orsodiving\\\/\"]}]}<\/script>\n<!-- \/ Yoast SEO Premium plugin. -->","yoast_head_json":{"title":"Felixstowe | Orso Diving Club","robots":{"index":"index","follow":"follow","max-snippet":"max-snippet:-1","max-image-preview":"max-image-preview:large","max-video-preview":"max-video-preview:-1"},"canonical":"https:\/\/orsodiving.com\/felixstowe\/","og_locale":"fr_FR","og_type":"article","og_title":"Felixstowe","og_description":"Relitto dragamine inglese \"Felixstowe\" Profondit\u00e0: max 85m \/ min 75m. -\u00a0 Distanza dal diving 5 ml. Tempo di navigazione 20Dragamine inglese affondato il 18.12.1943 di fronte Capo Ferro. E' la nave gemella del Cromarty con l'unica differenza che purtroppo \u00e8 adagiata sul fondo sotto sopra. Rimane pur sempre un relitto interessantissimo dato che sono possibili [&hellip;]","og_url":"https:\/\/orsodiving.com\/felixstowe\/","og_site_name":"Orso Diving Club","article_publisher":"https:\/\/www.facebook.com\/OrsoDiving\/","article_modified_time":"2018-11-19T12:40:10+00:00","twitter_card":"summary_large_image","twitter_misc":{"Dur\u00e9e de lecture estim\u00e9e":"5 minutes"},"schema":{"@context":"https:\/\/schema.org","@graph":[{"@type":"WebPage","@id":"https:\/\/orsodiving.com\/felixstowe\/","url":"https:\/\/orsodiving.com\/felixstowe\/","name":"Felixstowe | Orso Diving Club","isPartOf":{"@id":"https:\/\/orsodiving.com\/#website"},"datePublished":"2017-04-14T08:10:58+00:00","dateModified":"2018-11-19T12:40:10+00:00","breadcrumb":{"@id":"https:\/\/orsodiving.com\/felixstowe\/#breadcrumb"},"inLanguage":"fr-FR","potentialAction":[{"@type":"ReadAction","target":["https:\/\/orsodiving.com\/felixstowe\/"]}]},{"@type":"BreadcrumbList","@id":"https:\/\/orsodiving.com\/felixstowe\/#breadcrumb","itemListElement":[{"@type":"ListItem","position":1,"name":"Home","item":"https:\/\/orsodiving.com\/fr\/"},{"@type":"ListItem","position":2,"name":"Felixstowe"}]},{"@type":"WebSite","@id":"https:\/\/orsodiving.com\/#website","url":"https:\/\/orsodiving.com\/","name":"Orso Diving Club","description":"Diving, Snorkeling, Whale Warching","publisher":{"@id":"https:\/\/orsodiving.com\/#organization"},"potentialAction":[{"@type":"SearchAction","target":{"@type":"EntryPoint","urlTemplate":"https:\/\/orsodiving.com\/?s={search_term_string}"},"query-input":{"@type":"PropertyValueSpecification","valueRequired":true,"valueName":"search_term_string"}}],"inLanguage":"fr-FR"},{"@type":"Organization","@id":"https:\/\/orsodiving.com\/#organization","name":"Orso Diving Club","url":"https:\/\/orsodiving.com\/","logo":{"@type":"ImageObject","inLanguage":"fr-FR","@id":"https:\/\/orsodiving.com\/#\/schema\/logo\/image\/","url":"https:\/\/orsodiving.com\/wp-content\/uploads\/2020\/05\/logoODC-2020since-nero-1.png","contentUrl":"https:\/\/orsodiving.com\/wp-content\/uploads\/2020\/05\/logoODC-2020since-nero-1.png","width":2048,"height":2048,"caption":"Orso Diving Club"},"image":{"@id":"https:\/\/orsodiving.com\/#\/schema\/logo\/image\/"},"sameAs":["https:\/\/www.facebook.com\/OrsoDiving\/","https:\/\/www.youtube.com\/user\/orsocapo1","https:\/\/www.instagram.com\/orsodiving\/"]}]}},"_links":{"self":[{"href":"https:\/\/orsodiving.com\/fr\/wp-json\/wp\/v2\/pages\/30216","targetHints":{"allow":["GET"]}}],"collection":[{"href":"https:\/\/orsodiving.com\/fr\/wp-json\/wp\/v2\/pages"}],"about":[{"href":"https:\/\/orsodiving.com\/fr\/wp-json\/wp\/v2\/types\/page"}],"author":[{"embeddable":true,"href":"https:\/\/orsodiving.com\/fr\/wp-json\/wp\/v2\/users\/1"}],"replies":[{"embeddable":true,"href":"https:\/\/orsodiving.com\/fr\/wp-json\/wp\/v2\/comments?post=30216"}],"version-history":[{"count":11,"href":"https:\/\/orsodiving.com\/fr\/wp-json\/wp\/v2\/pages\/30216\/revisions"}],"predecessor-version":[{"id":34620,"href":"https:\/\/orsodiving.com\/fr\/wp-json\/wp\/v2\/pages\/30216\/revisions\/34620"}],"wp:attachment":[{"href":"https:\/\/orsodiving.com\/fr\/wp-json\/wp\/v2\/media?parent=30216"}],"curies":[{"name":"wp","href":"https:\/\/api.w.org\/{rel}","templated":true}]}}