{"id":30140,"date":"2017-04-03T17:21:29","date_gmt":"2017-04-03T15:21:29","guid":{"rendered":"https:\/\/orsodiving.com\/yacht-service\/"},"modified":"2018-05-31T11:59:03","modified_gmt":"2018-05-31T09:59:03","slug":"yacht-service","status":"publish","type":"page","link":"https:\/\/orsodiving.com\/de\/yacht-service\/","title":{"rendered":"yacht service"},"content":{"rendered":"<p>[et_pb_section bb_built=&#8220;1&#8243; background_color=&#8220;#000000&#8243; fullwidth=&#8220;on&#8220; _builder_version=&#8220;3.0.47&#8243; background_image=&#8220;https:\/\/orsodiving.com\/wp-content\/uploads\/2017\/04\/Fullwidth_castagnole.jpg&#8220; parallax=&#8220;on&#8220;][et_pb_fullwidth_header background_layout=&#8220;dark&#8220; text_orientation=&#8220;right&#8220; image_orientation=&#8220;bottom&#8220; _builder_version=&#8220;3.0.47&#8243;]<\/p>\n<p class=\"\">\u00a0\u00a0\u00a0 <img loading=\"lazy\" decoding=\"async\" class=\"wp-image-850 alignnone size-medium\" src=\"https:\/\/orsodiving.com\/wp-content\/uploads\/2017\/03\/logo-ODC-vintage30-bianco-300x300.png\" alt=\"\" width=\"132\" height=\"118\" \/><\/p>\n<p>[\/et_pb_fullwidth_header][\/et_pb_section][et_pb_section bb_built=&#8220;1&#8243; _builder_version=&#8220;3.0.47&#8243; custom_padding=&#8220;12px|0px|0px|0px&#8220;][et_pb_row padding_left_1=&#8220;NaNpx&#8220; parallax_method_1=&#8220;off&#8220; parallax_method_2=&#8220;off&#8220; _builder_version=&#8220;3.0.47&#8243; background_size=&#8220;initial&#8220; background_position=&#8220;top_left&#8220; background_repeat=&#8220;repeat&#8220;][et_pb_column type=&#8220;2_3&#8243;][et_pb_image src=&#8220;https:\/\/orsodiving.com\/wp-content\/uploads\/2017\/04\/dive_spots.jpg&#8220; alt=&#8220;Orso Diving Club in Poltu Quatu&#8220; title_text=&#8220;Orso Diving Club in Poltu Quatu&#8220; show_bottom_space=&#8220;off&#8220; align=&#8220;center&#8220; _builder_version=&#8220;3.0.47&#8243; custom_margin=&#8220;15px|||&#8220; animation_style=&#8220;fade&#8220; animation_duration=&#8220;500ms&#8220; animation=&#8220;fade_in&#8220; sticky=&#8220;on&#8220; animation_intensity_slide=&#8220;10%&#8220; animation_direction=&#8220;center&#8220;]<br \/>\n[\/et_pb_image][\/et_pb_column][et_pb_column type=&#8220;1_3&#8243;][et_pb_text _builder_version=&#8220;3.0.47&#8243; background_size=&#8220;initial&#8220; background_position=&#8220;top_left&#8220; background_repeat=&#8220;repeat&#8220; text_orientation=&#8220;justified&#8220; inline_fonts=&#8220;Amatic SC&#8220;]<\/p>\n<h2 id=\"news\"><strong><span class=\"titolo\" style=\"font-family: 'Amatic SC'; font-size: xx-large;\">Scuba Dive &#8222;On Board&#8220; Yacht Service<\/span><\/strong><\/h2>\n<div id=\"guida\">\n<p>F\u00fchrung, Tauchlehrer und technische Schiffe zur ausschliesslichen Benutzung!<br \/>\nDu kommst mit deinem Boot und m\u00f6chtest einen Tauchgang\/Tauchkurs machen oder nur gef\u00fchrt Schnorcheln gehen, kontaktiere uns und wir werden dich schon bald dort erreichen, wo du uns erw\u00fcnschst!<br \/>\nDank dem Orso Diving Team von 12 Tauchlehrern und Dive Master PADI, mehrsprachigen Mitarbeitern und 3 tauchspezialisierten Booten, sind wir in der Lage unseren Service direkt in deine Villa, dein Hotel oder direkt zu deinem Schiff\/Boot kommen zu lassen.<br \/>\nEin Beispiel: Du bist am Anker im Archipel von Lavezzi in Korsika und willst die ber\u00fchmte Stadt der Zackenbarsche betauchen, aber an Bord mangelt es dir an Tauchflaschen etc., oder du bist der einzige Taucher und deine Schiffskameraden bevorzugen es mit dem Schiff in Strandn\u00e4he zu bleiben? Keine Probleme! Ruf uns an und wir sind in maximal zwei Stunden mit unserem Boot und der von dir ben\u00f6tigten Tauchausr\u00fcstung f\u00fcr dich da.<br \/>\nDer Tauchf\u00fchrer hilft dem Bootsf\u00fchrer aus der Patsche! Kostenvereinbarung auf Anfrage.<\/p>\n<\/div>\n<p>[\/et_pb_text][et_pb_image src=&#8220;https:\/\/orsodiving.com\/wp-content\/uploads\/2017\/04\/barchevicine.png&#8220; alt=&#8220;Relax a Tahiti&#8220; title_text=&#8220;Relax a Tahiti&#8220; _builder_version=&#8220;3.0.47&#8243; animation_style=&#8220;slide&#8220; animation_direction=&#8220;left&#8220; animation_duration=&#8220;500ms&#8220; animation_intensity_slide=&#8220;10%&#8220; show_bottom_space=&#8220;on&#8220;]<br \/>\n[\/et_pb_image][et_pb_image src=&#8220;https:\/\/orsodiving.com\/wp-content\/uploads\/2017\/04\/monaci.png&#8220; alt=&#8220;Relax a Tahiti&#8220; title_text=&#8220;Relax a Tahiti&#8220; _builder_version=&#8220;3.0.47&#8243; animation_style=&#8220;slide&#8220; animation_direction=&#8220;left&#8220; animation_duration=&#8220;500ms&#8220; animation_intensity_slide=&#8220;10%&#8220; show_bottom_space=&#8220;on&#8220;]<br \/>\n[\/et_pb_image][\/et_pb_column][\/et_pb_row][\/et_pb_section][et_pb_section bb_built=&#8220;1&#8243; background_color=&#8220;rgba(56,56,56,0.22)&#8220; _builder_version=&#8220;3.0.92&#8243; custom_margin=&#8220;|||&#8220; custom_padding=&#8220;0px|0px|0px|0px&#8220; global_module=&#8220;34095&#8243;][et_pb_row global_parent=&#8220;34095&#8243; custom_margin=&#8220;||10px|&#8220; _builder_version=&#8220;3.0.92&#8243;][et_pb_column type=&#8220;1_4&#8243;][et_pb_text global_parent=&#8220;34095&#8243; _builder_version=&#8220;3.0.92&#8243; custom_margin=&#8220;10px||10px|&#8220;]<\/p>\n<p><span style=\"color: #333399; font-family: impact, sans-serif; font-size: 14pt;\"><strong>CONTACT<\/strong><\/span><br \/>\n<span style=\"font-size: 12pt;\"><strong>Tel: +39 078999001<\/strong><\/span><br \/>\n<span style=\"font-size: 12pt;\"><strong>Mob: +39 3480641825<\/strong><\/span><br \/>\n<span style=\"font-size: 12pt;\"><strong>info@orsodiving.com\u00a0<\/strong><\/span><\/p>\n<p>[\/et_pb_text][\/et_pb_column][et_pb_column type=&#8220;1_4&#8243;][et_pb_text global_parent=&#8220;34095&#8243; _builder_version=&#8220;3.0.92&#8243; custom_margin=&#8220;10px|||&#8220;]<\/p>\n<p><span style=\"font-family: impact, sans-serif; color: #333399; font-size: 12pt;\"><strong><span style=\"font-size: 14pt;\">ADDRESS<\/span><br \/>\n<\/strong><\/span><strong><span style=\"font-size: 12pt;\">Loc. Poltu Quatu, Arzachena (OT)<\/span><\/strong><br \/>\n<strong><span style=\"font-size: 12pt;\">07021 Sardegna, ITALY<\/span><\/strong><\/p>\n<p>[\/et_pb_text][\/et_pb_column][et_pb_column type=&#8220;1_4&#8243;][et_pb_text global_parent=&#8220;34095&#8243; _builder_version=&#8220;3.0.92&#8243; custom_margin=&#8220;10px|||&#8220;]<\/p>\n<p><span style=\"font-size: 12pt; font-family: impact, sans-serif; color: #333399;\"><span style=\"font-size: 14pt;\">OPENING TIME<\/span><br \/>\n<\/span><strong><span style=\"font-size: 12pt;\">Monday &#8211; Sunday<\/span><\/strong><br \/>\n<strong><span style=\"font-size: 12pt;\">h. 8:00 am &#8211; 7:00 pm<\/span><\/strong><\/p>\n<p>[\/et_pb_text][\/et_pb_column][et_pb_column type=&#8220;1_4&#8243;][et_pb_social_media_follow global_parent=&#8220;34095&#8243; url_new_window=&#8220;off&#8220; _builder_version=&#8220;3.0.92&#8243; custom_margin=&#8220;10px|||&#8220;][et_pb_social_media_follow_network social_network=&#8220;facebook&#8220; url=&#8220;https:\/\/www.facebook.com\/groups\/OrsoDiving\/&#8220; _builder_version=&#8220;3.0.92&#8243; background_color=&#8220;#3b5998&#8243; follow_button=&#8220;off&#8220; url_new_window=&#8220;off&#8220;] Facebook [\/et_pb_social_media_follow_network][et_pb_social_media_follow_network social_network=&#8220;instagram&#8220; url=&#8220;https:\/\/www.instagram.com\/orsodiving\/&#8220; _builder_version=&#8220;3.0.92&#8243; background_color=&#8220;#517fa4&#8243; follow_button=&#8220;off&#8220; url_new_window=&#8220;off&#8220;] Instagram [\/et_pb_social_media_follow_network][et_pb_social_media_follow_network social_network=&#8220;skype&#8220; skype_url=&#8220;paolaorsodiving&#8220; _builder_version=&#8220;3.0.92&#8243; background_color=&#8220;#12a5f4&#8243; follow_button=&#8220;off&#8220; url_new_window=&#8220;off&#8220;] skype [\/et_pb_social_media_follow_network][et_pb_social_media_follow_network social_network=&#8220;youtube&#8220; url=&#8220;https:\/\/www.youtube.com\/user\/orsocapo1&#8243; _builder_version=&#8220;3.0.92&#8243; background_color=&#8220;#a82400&#8243; follow_button=&#8220;off&#8220; url_new_window=&#8220;off&#8220;] Youtube [\/et_pb_social_media_follow_network][\/et_pb_social_media_follow][\/et_pb_column][\/et_pb_row][\/et_pb_section]<\/p>\n","protected":false},"excerpt":{"rendered":"<p>\u00a0\u00a0\u00a0 Scuba Dive &#8222;On Board&#8220; Yacht Service F\u00fchrung, Tauchlehrer und technische Schiffe zur ausschliesslichen Benutzung! Du kommst mit deinem Boot und m\u00f6chtest einen Tauchgang\/Tauchkurs machen oder nur gef\u00fchrt Schnorcheln gehen, kontaktiere uns und wir werden dich schon bald dort erreichen, wo du uns erw\u00fcnschst! Dank dem Orso Diving Team von 12 Tauchlehrern und Dive Master [&hellip;]<\/p>\n","protected":false},"author":1,"featured_media":0,"parent":0,"menu_order":0,"comment_status":"closed","ping_status":"closed","template":"","meta":{"_et_pb_use_builder":"on","_et_pb_old_content":"","_et_gb_content_width":"","footnotes":""},"class_list":["post-30140","page","type-page","status-publish","hentry"],"yoast_head":"<!-- This site is optimized with the Yoast SEO Premium plugin v27.0 (Yoast SEO v27.4) - https:\/\/yoast.com\/product\/yoast-seo-premium-wordpress\/ -->\n<title>yacht service | Orso Diving Club<\/title>\n<meta name=\"robots\" content=\"index, follow, max-snippet:-1, max-image-preview:large, max-video-preview:-1\" \/>\n<link rel=\"canonical\" href=\"https:\/\/orsodiving.com\/yacht-service\/\" \/>\n<meta property=\"og:locale\" content=\"de_DE\" \/>\n<meta property=\"og:type\" content=\"article\" \/>\n<meta property=\"og:title\" content=\"yacht service\" \/>\n<meta property=\"og:description\" content=\"\u00a0\u00a0\u00a0 Scuba Dive &quot;On Board&quot; Yacht Service F\u00fchrung, Tauchlehrer und technische Schiffe zur ausschliesslichen Benutzung! Du kommst mit deinem Boot und m\u00f6chtest einen Tauchgang\/Tauchkurs machen oder nur gef\u00fchrt Schnorcheln gehen, kontaktiere uns und wir werden dich schon bald dort erreichen, wo du uns erw\u00fcnschst! Dank dem Orso Diving Team von 12 Tauchlehrern und Dive Master [&hellip;]\" \/>\n<meta property=\"og:url\" content=\"https:\/\/orsodiving.com\/yacht-service\/\" \/>\n<meta property=\"og:site_name\" content=\"Orso Diving Club\" \/>\n<meta property=\"article:publisher\" content=\"https:\/\/www.facebook.com\/OrsoDiving\/\" \/>\n<meta property=\"article:modified_time\" content=\"2018-05-31T09:59:03+00:00\" \/>\n<meta property=\"og:image\" content=\"https:\/\/orsodiving.com\/wp-content\/uploads\/2017\/03\/logo-ODC-vintage30-bianco-300x300.png\" \/>\n<meta name=\"twitter:card\" content=\"summary_large_image\" \/>\n<meta name=\"twitter:label1\" content=\"Gesch\u00e4tzte Lesezeit\" \/>\n\t<meta name=\"twitter:data1\" content=\"4\u00a0Minuten\" \/>\n<script type=\"application\/ld+json\" class=\"yoast-schema-graph\">{\"@context\":\"https:\\\/\\\/schema.org\",\"@graph\":[{\"@type\":\"WebPage\",\"@id\":\"https:\\\/\\\/orsodiving.com\\\/yacht-service\\\/\",\"url\":\"https:\\\/\\\/orsodiving.com\\\/yacht-service\\\/\",\"name\":\"yacht service | Orso Diving Club\",\"isPartOf\":{\"@id\":\"https:\\\/\\\/orsodiving.com\\\/#website\"},\"primaryImageOfPage\":{\"@id\":\"https:\\\/\\\/orsodiving.com\\\/yacht-service\\\/#primaryimage\"},\"image\":{\"@id\":\"https:\\\/\\\/orsodiving.com\\\/yacht-service\\\/#primaryimage\"},\"thumbnailUrl\":\"https:\\\/\\\/orsodiving.com\\\/wp-content\\\/uploads\\\/2017\\\/03\\\/logo-ODC-vintage30-bianco-300x300.png\",\"datePublished\":\"2017-04-03T15:21:29+00:00\",\"dateModified\":\"2018-05-31T09:59:03+00:00\",\"breadcrumb\":{\"@id\":\"https:\\\/\\\/orsodiving.com\\\/yacht-service\\\/#breadcrumb\"},\"inLanguage\":\"de\",\"potentialAction\":[{\"@type\":\"ReadAction\",\"target\":[\"https:\\\/\\\/orsodiving.com\\\/yacht-service\\\/\"]}]},{\"@type\":\"ImageObject\",\"inLanguage\":\"de\",\"@id\":\"https:\\\/\\\/orsodiving.com\\\/yacht-service\\\/#primaryimage\",\"url\":\"https:\\\/\\\/orsodiving.com\\\/wp-content\\\/uploads\\\/2017\\\/03\\\/logo-ODC-vintage30-bianco-300x300.png\",\"contentUrl\":\"https:\\\/\\\/orsodiving.com\\\/wp-content\\\/uploads\\\/2017\\\/03\\\/logo-ODC-vintage30-bianco-300x300.png\"},{\"@type\":\"BreadcrumbList\",\"@id\":\"https:\\\/\\\/orsodiving.com\\\/yacht-service\\\/#breadcrumb\",\"itemListElement\":[{\"@type\":\"ListItem\",\"position\":1,\"name\":\"Home\",\"item\":\"https:\\\/\\\/orsodiving.com\\\/de\\\/\"},{\"@type\":\"ListItem\",\"position\":2,\"name\":\"yacht service\"}]},{\"@type\":\"WebSite\",\"@id\":\"https:\\\/\\\/orsodiving.com\\\/#website\",\"url\":\"https:\\\/\\\/orsodiving.com\\\/\",\"name\":\"Orso Diving Club\",\"description\":\"Diving, Snorkeling, Whale Warching\",\"publisher\":{\"@id\":\"https:\\\/\\\/orsodiving.com\\\/#organization\"},\"potentialAction\":[{\"@type\":\"SearchAction\",\"target\":{\"@type\":\"EntryPoint\",\"urlTemplate\":\"https:\\\/\\\/orsodiving.com\\\/?s={search_term_string}\"},\"query-input\":{\"@type\":\"PropertyValueSpecification\",\"valueRequired\":true,\"valueName\":\"search_term_string\"}}],\"inLanguage\":\"de\"},{\"@type\":\"Organization\",\"@id\":\"https:\\\/\\\/orsodiving.com\\\/#organization\",\"name\":\"Orso Diving Club\",\"url\":\"https:\\\/\\\/orsodiving.com\\\/\",\"logo\":{\"@type\":\"ImageObject\",\"inLanguage\":\"de\",\"@id\":\"https:\\\/\\\/orsodiving.com\\\/#\\\/schema\\\/logo\\\/image\\\/\",\"url\":\"https:\\\/\\\/orsodiving.com\\\/wp-content\\\/uploads\\\/2020\\\/05\\\/logoODC-2020since-nero-1.png\",\"contentUrl\":\"https:\\\/\\\/orsodiving.com\\\/wp-content\\\/uploads\\\/2020\\\/05\\\/logoODC-2020since-nero-1.png\",\"width\":2048,\"height\":2048,\"caption\":\"Orso Diving Club\"},\"image\":{\"@id\":\"https:\\\/\\\/orsodiving.com\\\/#\\\/schema\\\/logo\\\/image\\\/\"},\"sameAs\":[\"https:\\\/\\\/www.facebook.com\\\/OrsoDiving\\\/\",\"https:\\\/\\\/www.youtube.com\\\/user\\\/orsocapo1\",\"https:\\\/\\\/www.instagram.com\\\/orsodiving\\\/\"]}]}<\/script>\n<!-- \/ Yoast SEO Premium plugin. -->","yoast_head_json":{"title":"yacht service | Orso Diving Club","robots":{"index":"index","follow":"follow","max-snippet":"max-snippet:-1","max-image-preview":"max-image-preview:large","max-video-preview":"max-video-preview:-1"},"canonical":"https:\/\/orsodiving.com\/yacht-service\/","og_locale":"de_DE","og_type":"article","og_title":"yacht service","og_description":"\u00a0\u00a0\u00a0 Scuba Dive \"On Board\" Yacht Service F\u00fchrung, Tauchlehrer und technische Schiffe zur ausschliesslichen Benutzung! Du kommst mit deinem Boot und m\u00f6chtest einen Tauchgang\/Tauchkurs machen oder nur gef\u00fchrt Schnorcheln gehen, kontaktiere uns und wir werden dich schon bald dort erreichen, wo du uns erw\u00fcnschst! Dank dem Orso Diving Team von 12 Tauchlehrern und Dive Master [&hellip;]","og_url":"https:\/\/orsodiving.com\/yacht-service\/","og_site_name":"Orso Diving Club","article_publisher":"https:\/\/www.facebook.com\/OrsoDiving\/","article_modified_time":"2018-05-31T09:59:03+00:00","og_image":[{"url":"https:\/\/orsodiving.com\/wp-content\/uploads\/2017\/03\/logo-ODC-vintage30-bianco-300x300.png","type":"","width":"","height":""}],"twitter_card":"summary_large_image","twitter_misc":{"Gesch\u00e4tzte Lesezeit":"4\u00a0Minuten"},"schema":{"@context":"https:\/\/schema.org","@graph":[{"@type":"WebPage","@id":"https:\/\/orsodiving.com\/yacht-service\/","url":"https:\/\/orsodiving.com\/yacht-service\/","name":"yacht service | Orso Diving Club","isPartOf":{"@id":"https:\/\/orsodiving.com\/#website"},"primaryImageOfPage":{"@id":"https:\/\/orsodiving.com\/yacht-service\/#primaryimage"},"image":{"@id":"https:\/\/orsodiving.com\/yacht-service\/#primaryimage"},"thumbnailUrl":"https:\/\/orsodiving.com\/wp-content\/uploads\/2017\/03\/logo-ODC-vintage30-bianco-300x300.png","datePublished":"2017-04-03T15:21:29+00:00","dateModified":"2018-05-31T09:59:03+00:00","breadcrumb":{"@id":"https:\/\/orsodiving.com\/yacht-service\/#breadcrumb"},"inLanguage":"de","potentialAction":[{"@type":"ReadAction","target":["https:\/\/orsodiving.com\/yacht-service\/"]}]},{"@type":"ImageObject","inLanguage":"de","@id":"https:\/\/orsodiving.com\/yacht-service\/#primaryimage","url":"https:\/\/orsodiving.com\/wp-content\/uploads\/2017\/03\/logo-ODC-vintage30-bianco-300x300.png","contentUrl":"https:\/\/orsodiving.com\/wp-content\/uploads\/2017\/03\/logo-ODC-vintage30-bianco-300x300.png"},{"@type":"BreadcrumbList","@id":"https:\/\/orsodiving.com\/yacht-service\/#breadcrumb","itemListElement":[{"@type":"ListItem","position":1,"name":"Home","item":"https:\/\/orsodiving.com\/de\/"},{"@type":"ListItem","position":2,"name":"yacht service"}]},{"@type":"WebSite","@id":"https:\/\/orsodiving.com\/#website","url":"https:\/\/orsodiving.com\/","name":"Orso Diving Club","description":"Diving, Snorkeling, Whale Warching","publisher":{"@id":"https:\/\/orsodiving.com\/#organization"},"potentialAction":[{"@type":"SearchAction","target":{"@type":"EntryPoint","urlTemplate":"https:\/\/orsodiving.com\/?s={search_term_string}"},"query-input":{"@type":"PropertyValueSpecification","valueRequired":true,"valueName":"search_term_string"}}],"inLanguage":"de"},{"@type":"Organization","@id":"https:\/\/orsodiving.com\/#organization","name":"Orso Diving Club","url":"https:\/\/orsodiving.com\/","logo":{"@type":"ImageObject","inLanguage":"de","@id":"https:\/\/orsodiving.com\/#\/schema\/logo\/image\/","url":"https:\/\/orsodiving.com\/wp-content\/uploads\/2020\/05\/logoODC-2020since-nero-1.png","contentUrl":"https:\/\/orsodiving.com\/wp-content\/uploads\/2020\/05\/logoODC-2020since-nero-1.png","width":2048,"height":2048,"caption":"Orso Diving Club"},"image":{"@id":"https:\/\/orsodiving.com\/#\/schema\/logo\/image\/"},"sameAs":["https:\/\/www.facebook.com\/OrsoDiving\/","https:\/\/www.youtube.com\/user\/orsocapo1","https:\/\/www.instagram.com\/orsodiving\/"]}]}},"_links":{"self":[{"href":"https:\/\/orsodiving.com\/de\/wp-json\/wp\/v2\/pages\/30140","targetHints":{"allow":["GET"]}}],"collection":[{"href":"https:\/\/orsodiving.com\/de\/wp-json\/wp\/v2\/pages"}],"about":[{"href":"https:\/\/orsodiving.com\/de\/wp-json\/wp\/v2\/types\/page"}],"author":[{"embeddable":true,"href":"https:\/\/orsodiving.com\/de\/wp-json\/wp\/v2\/users\/1"}],"replies":[{"embeddable":true,"href":"https:\/\/orsodiving.com\/de\/wp-json\/wp\/v2\/comments?post=30140"}],"version-history":[{"count":6,"href":"https:\/\/orsodiving.com\/de\/wp-json\/wp\/v2\/pages\/30140\/revisions"}],"predecessor-version":[{"id":34153,"href":"https:\/\/orsodiving.com\/de\/wp-json\/wp\/v2\/pages\/30140\/revisions\/34153"}],"wp:attachment":[{"href":"https:\/\/orsodiving.com\/de\/wp-json\/wp\/v2\/media?parent=30140"}],"curies":[{"name":"wp","href":"https:\/\/api.w.org\/{rel}","templated":true}]}}