{"id":30032,"date":"2017-04-13T14:02:10","date_gmt":"2017-04-13T12:02:10","guid":{"rendered":"https:\/\/orsodiving.com\/messerschmitt-323\/"},"modified":"2018-11-16T18:59:06","modified_gmt":"2018-11-16T17:59:06","slug":"messerschmitt-323","status":"publish","type":"page","link":"https:\/\/orsodiving.com\/de\/messerschmitt-323\/","title":{"rendered":"Messerschmitt 323"},"content":{"rendered":"<p>[et_pb_section fb_built=&#8220;1&#8243; fullwidth=&#8220;on&#8220; _builder_version=&#8220;3.0.47&#8243;][et_pb_fullwidth_image src=&#8220;https:\/\/orsodiving.com\/wp-content\/uploads\/2017\/07\/19702433_1594425670569703_569806824107407436_n-2.jpg&#8220; _builder_version=&#8220;3.0.47&#8243; animation_style=&#8220;slide&#8220; animation_direction=&#8220;left&#8220; animation_duration=&#8220;500ms&#8220; animation_intensity_slide=&#8220;10%&#8220;][\/et_pb_fullwidth_image][\/et_pb_section][et_pb_section fb_built=&#8220;1&#8243; _builder_version=&#8220;3.0.47&#8243; custom_padding=&#8220;0px|0px|0px|0px&#8220;][et_pb_row _builder_version=&#8220;3.0.47&#8243; background_size=&#8220;initial&#8220; background_position=&#8220;top_left&#8220; background_repeat=&#8220;repeat&#8220;][et_pb_column type=&#8220;4_4&#8243; _builder_version=&#8220;3.0.47&#8243; parallax=&#8220;off&#8220; parallax_method=&#8220;on&#8220;][et_pb_text background_layout=&#8220;dark&#8220; _builder_version=&#8220;3.0.47&#8243; background_size=&#8220;initial&#8220; background_position=&#8220;top_left&#8220; background_repeat=&#8220;repeat&#8220; custom_margin=&#8220;20px|||&#8220; custom_padding=&#8220;||10px|&#8220;]<\/p>\n<h2 class=\"titolo\" style=\"font-size: 28px; line-height: 54px; color: #d6d6d6; font-family: 'Trebuchet MS', Arial, Helvetica, sans-serif; font-variant-ligatures: normal; font-variant-position: normal; font-variant-numeric: normal; font-variant-alternates: normal; font-variant-east-asian: normal; letter-spacing: -1px; height: 54px; text-align: center;\">Sechsmotoriges Flugzeug &#8222;Giant Messerschmitt 323&#8220;<\/h2>\n<p>[\/et_pb_text][\/et_pb_column][\/et_pb_row][\/et_pb_section][et_pb_section fb_built=&#8220;1&#8243; _builder_version=&#8220;3.0.47&#8243; custom_padding=&#8220;21px|0px|29px|0px&#8220;][et_pb_row custom_padding=&#8220;0px|0px|0px|0px&#8220; padding_top_1=&#8220;70px&#8220; parallax_method_1=&#8220;off&#8220; parallax_method_2=&#8220;off&#8220; _builder_version=&#8220;3.0.47&#8243; background_size=&#8220;initial&#8220; background_position=&#8220;top_left&#8220; background_repeat=&#8220;repeat&#8220;][et_pb_column type=&#8220;1_2&#8243; _builder_version=&#8220;3.0.47&#8243; padding_top=&#8220;70px&#8220; parallax=&#8220;off&#8220; parallax_method=&#8220;off&#8220;][et_pb_accordion open_toggle_text_color=&#8220;#ffffff&#8220; open_toggle_background_color=&#8220;rgba(48,128,209,0.6)&#8220; closed_toggle_text_color=&#8220;#ffffff&#8220; closed_toggle_background_color=&#8220;rgba(48,128,209,0.6)&#8220; admin_label=&#8220;Accordion&#8220; _builder_version=&#8220;3.0.47&#8243; body_text_color=&#8220;#ffffff&#8220; toggle_font=&#8220;Amatic SC||||&#8220; toggle_font_size=&#8220;34px&#8220; custom_padding=&#8220;|||&#8220;][et_pb_accordion_item title=&#8220;Info &#8220; open=&#8220;on&#8220; _builder_version=&#8220;3.0.47&#8243; title_font_size=&#8220;18&#8243; title_text_shadow_horizontal_length=&#8220;0em&#8220; title_text_shadow_vertical_length=&#8220;0em&#8220; title_text_shadow_blur_strength=&#8220;0em&#8220; body_text_shadow_horizontal_length=&#8220;0em&#8220; body_text_shadow_vertical_length=&#8220;0em&#8220; body_text_shadow_blur_strength=&#8220;0em&#8220; background_size=&#8220;initial&#8220; background_position=&#8220;top_left&#8220; background_repeat=&#8220;repeat&#8220;]<\/p>\n<p style=\"text-align: center;\">Tiefe: max 64m\/min 59m. &#8211;\u00a0 Entfernung zum Tauchzentrum 5sm. &#8211; Fahrtzeit 20Min<\/p>\n<p>[\/et_pb_accordion_item][et_pb_accordion_item title=&#8220;Geschichte&#8220; _builder_version=&#8220;3.0.47&#8243; title_font_size=&#8220;18&#8243; title_text_shadow_horizontal_length=&#8220;0em&#8220; title_text_shadow_vertical_length=&#8220;0em&#8220; title_text_shadow_blur_strength=&#8220;0em&#8220; body_text_shadow_horizontal_length=&#8220;0em&#8220; body_text_shadow_vertical_length=&#8220;0em&#8220; body_text_shadow_blur_strength=&#8220;0em&#8220; background_size=&#8220;initial&#8220; background_position=&#8220;top_left&#8220; background_repeat=&#8220;repeat&#8220; open=&#8220;off&#8220;]Wirklich ein einmaliges Wrack, weil es das Einzige noch exestierende Exemplar ist!! Das Flugzeug hatte den Spitznamen Riese verdient, denn es ist das gr\u00f6\u00dfte Flugzeug aus dem Zweiten Weltkrieg. Die typische Last bestand aus zwei je 4-Tonnen-LKW\u2019s, einer Flugabwehrkanone 8,8 cm, \u00a0Ausr\u00fcstung, Munition und Besatzung oder 52 Barrel\u00a0<img loading=\"lazy\" decoding=\"async\" src=\"http:\/\/www.tauchensardinien.de\/images\/messerschmittbn.jpg\" alt=\"messerschmitt\" width=\"429\" height=\"209\" \/>Treibstoff zu 250 l oder 130 Mann, oder 60 Tragbahren.<br \/>\nDie Crew der Me 323 bestand aus \u00a0zwei Piloten, zwei Flugingenieuren und Funkern und es konnte zus\u00e4tzlich noch zwei Sch\u00fctzen aufnehmen. Das Cockpit befand sich oberhalb des Ladebereiches und war kugelsicher.<br \/>\nUm die Produktionskosten der Me 323 m\u00f6glichst gering zu halten, wurde der Rahmen aus Stahlrohren mit beschichtetem Gewebe abgedeckt, anstatt mit einem herk\u00f6mmlichen Aluminium-Monocoque. Bei unseren Tauchg\u00e4ngen finden wir daher nur das Sklett des Flugzeuges und die perfekt erhaltenen 6 Popellermotoren.<br \/>\nDas Wrack erfordert nicht die Verwendung von Scootern, aber sie ist trotzdem ratsam, zum einen wegen m\u00f6glicher Str\u00f6mung und au\u00dferdem um die umliegenden sehenswerten Einzelteile des Wracks leichter zu entdecken, die \u00fcberall im Sand \u00a0versteut zu finden sind,<br \/>\nDie Me 323 war zusammen mit einem Schwesterflugzeug von Sardinien am 26.6.1943 um 12:00 Uhr in Richtung Italien, Pistoia gestartet. Nach wenigen Minuten jedoch kreuzten 8 britische Fighter der Staffel 144 ihren Weg. F\u00fcr die beiden Riesen gab es keine Hoffnung. Einer wurde beim Absturz auf die Insel La Madalena zerst\u00f6rt. Der andere jedoch wurde nur am Heck getroffen und schaffte es auf dem Wasser zu landen um sp\u00e4ter dennoch zu sinken.<br \/>\n[\/et_pb_accordion_item][et_pb_accordion_item title=&#8220;Beschreibung&#8220; _builder_version=&#8220;3.0.47&#8243; title_font_size=&#8220;18&#8243; title_text_shadow_horizontal_length=&#8220;0em&#8220; title_text_shadow_vertical_length=&#8220;0em&#8220; title_text_shadow_blur_strength=&#8220;0em&#8220; body_text_shadow_horizontal_length=&#8220;0em&#8220; body_text_shadow_vertical_length=&#8220;0em&#8220; body_text_shadow_blur_strength=&#8220;0em&#8220; background_size=&#8220;initial&#8220; background_position=&#8220;top_left&#8220; background_repeat=&#8220;repeat&#8220; open=&#8220;off&#8220;]<\/p>\n<table width=\"765\">\n<tbody>\n<tr>\n<td style=\"width: 214px; text-align: left;\" align=\"center\"><span class=\"tabelletxt\">Typ<\/span><\/td>\n<td class=\"tabelletxt\" style=\"width: 229px;\">Flugzeug Schwertransporter<\/td>\n<td style=\"width: 300px;\" rowspan=\"33\"><object width=\"300\" height=\"260\"><embed src=\"http:\/\/www.youtube.com\/v\/G7cZLxsRdb8?hl=it_IT&amp;version=3&amp;rel=0\" type=\"application\/x-shockwave-flash\" width=\"300\" height=\"260\" allowscriptaccess=\"always\" allowfullscreen=\"allowfullscreen\" \/><\/object><\/p>\n<p><img loading=\"lazy\" decoding=\"async\" src=\"http:\/\/www.tauchensardinien.de\/images\/messerschmitt2.jpg\" alt=\"messerschmitt\" width=\"210\" height=\"443\" \/><\/td>\n<\/tr>\n<tr>\n<td class=\"tabelletxt\" style=\"width: 214px;\">Besatzung<\/td>\n<td class=\"tabelletxt\" style=\"width: 229px;\">7-11 Mann<\/td>\n<\/tr>\n<tr>\n<td class=\"tabelletxt\" style=\"width: 214px;\">Erbauer<\/td>\n<td class=\"tabelletxt\" style=\"width: 229px;\">Messerschmitt Deutschaln<\/td>\n<\/tr>\n<tr>\n<td class=\"tabelletxt\" style=\"width: 214px;\">Erstflug<\/td>\n<td class=\"tabelletxt\" style=\"width: 229px;\">1941<\/td>\n<\/tr>\n<tr>\n<td class=\"tabelletxt\" style=\"width: 214px;\">Inbetriebnahme<\/td>\n<td class=\"tabelletxt\" style=\"width: 229px;\">1943<\/td>\n<\/tr>\n<tr>\n<td class=\"tabelletxt\" style=\"width: 214px;\">Hauptnutzung<\/td>\n<td class=\"tabelletxt\" style=\"width: 229px;\">Deutsche Luftwaffe<\/td>\n<\/tr>\n<tr>\n<td class=\"tabelletxt\" style=\"width: 214px;\">Exemplare<\/td>\n<td class=\"tabelletxt\" style=\"width: 229px;\">circa 200<\/td>\n<\/tr>\n<tr>\n<td class=\"tabelletxt\" style=\"width: 214px;\">Entwickelt von<\/td>\n<td class=\"tabelletxt\" style=\"width: 229px;\">Messerschmitt Me 321<\/td>\n<\/tr>\n<tr>\n<td class=\"tabelletxt\" style=\"width: 214px;\">Andere Varianten<\/td>\n<td class=\"tabelletxt\" style=\"width: 229px;\">Zappelin-Messerschmitt ZMe 423<\/td>\n<\/tr>\n<tr>\n<td class=\"bilo\" style=\"width: 214px;\">Masse und Gewichte<\/td>\n<td class=\"tabelletxt\" style=\"width: 229px;\"><\/td>\n<\/tr>\n<tr>\n<td class=\"tabelletxt\" style=\"width: 214px;\">L\u00e0nge<\/td>\n<td class=\"tabelletxt\" style=\"width: 229px;\">28,50 m<\/td>\n<\/tr>\n<tr>\n<td class=\"tabelletxt\" style=\"width: 214px;\">Spannweite<\/td>\n<td class=\"tabelletxt\" style=\"width: 229px;\">55,00 m<\/td>\n<\/tr>\n<tr>\n<td class=\"tabelletxt\" style=\"width: 214px;\">H\u00f2he<\/td>\n<td class=\"tabelletxt\" style=\"width: 229px;\">9,60 m<\/td>\n<\/tr>\n<tr>\n<td class=\"tabelletxt\" style=\"width: 214px;\">Tragfl\u00e0che<\/td>\n<td class=\"tabelletxt\" style=\"width: 229px;\">300,00 m<\/td>\n<\/tr>\n<tr>\n<td class=\"tabelletxt\" style=\"width: 214px;\">Leergewicht<\/td>\n<td class=\"tabelletxt\" style=\"width: 229px;\">29.000 kg<\/td>\n<\/tr>\n<tr>\n<td class=\"tabelletxt\" style=\"width: 214px;\">H\u00f2chstes Fluggewicht<\/td>\n<td class=\"tabelletxt\" style=\"width: 229px;\">45.000 kg<\/td>\n<\/tr>\n<tr>\n<td class=\"tabelletxt\" style=\"width: 214px;\">Passagiere<\/td>\n<td class=\"tabelletxt\" style=\"width: 229px;\">130<\/td>\n<\/tr>\n<tr>\n<td class=\"tabelletxt\" style=\"width: 214px;\">Kapazit\u00e0t<\/td>\n<td class=\"tabelletxt\" style=\"width: 229px;\">10.000 kg<\/td>\n<\/tr>\n<tr>\n<td class=\"bilo\" style=\"width: 214px;\">Antrieb<\/td>\n<td class=\"tabelletxt\" style=\"width: 229px;\"><\/td>\n<\/tr>\n<tr>\n<td class=\"tabelletxt\" style=\"width: 214px;\">Motor<\/td>\n<td class=\"tabelletxt\" style=\"width: 229px;\">6 Propeller Motor Gnome-Rh\u00f4ne 14N 48\/49<\/td>\n<\/tr>\n<tr>\n<td class=\"tabelletxt\" style=\"width: 214px;\">Potenza<\/td>\n<td class=\"tabelletxt\" style=\"width: 229px;\">1140 CV (838 KW) mit jeweils<\/td>\n<\/tr>\n<tr>\n<td class=\"tabelletxt\" style=\"width: 214px;\">Prestazioni<\/td>\n<td class=\"tabelletxt\" style=\"width: 229px;\"><\/td>\n<\/tr>\n<tr>\n<td class=\"tabelletxt\" style=\"width: 214px;\"><u>H\u00f6chstgeschwindigkeit<\/u><\/td>\n<td class=\"tabelletxt\" style=\"width: 229px;\">250 km\/h<\/td>\n<\/tr>\n<tr>\n<td class=\"tabelletxt\" style=\"width: 214px;\"><\/td>\n<td class=\"tabelletxt\" style=\"width: 229px;\"><\/td>\n<\/tr>\n<tr>\n<td class=\"tabelletxt\" style=\"width: 214px;\"><u>Durchschnittsgeschwindigkeit<\/u><\/td>\n<td class=\"tabelletxt\" style=\"width: 229px;\">235 Km\/h<\/td>\n<\/tr>\n<tr>\n<td class=\"tabelletxt\" style=\"width: 214px;\"><u>H\u00f6hengewinnung<\/u><strong><em>\u00a0<\/em><\/strong><\/td>\n<td class=\"tabelletxt\" style=\"width: 229px;\">265 m\/min<\/td>\n<\/tr>\n<tr>\n<td class=\"tabelletxt\" style=\"width: 214px;\"><u class=\"tabelletxt\">Reichweite<\/u><\/td>\n<td class=\"tabelletxt\" style=\"width: 229px;\">1300 km<\/td>\n<\/tr>\n<tr>\n<td class=\"bilo\" style=\"width: 214px;\">Ausr\u00f9stung<\/td>\n<td class=\"tabelletxt\" style=\"width: 229px;\"><\/td>\n<\/tr>\n<tr>\n<td class=\"tabelletxt\" style=\"width: 214px;\"><u>Maschinengewehre<\/u><\/td>\n<td class=\"tabelletxt\" style=\"width: 229px;\">7 MG 131 Kaliber 13 mm<\/td>\n<\/tr>\n<tr>\n<td class=\"tabelletxt\" style=\"width: 214px;\">Kanonen<\/td>\n<td class=\"tabelletxt\" style=\"width: 229px;\">2 MG 151 in torrette EDL 151<\/td>\n<\/tr>\n<tr>\n<td class=\"tabelletxt\" style=\"width: 214px;\"><\/td>\n<td class=\"tabelletxt\" style=\"width: 229px;\"><\/td>\n<\/tr>\n<tr>\n<td class=\"tabelletxt\" style=\"width: 214px;\">Interesse storico<\/td>\n<td class=\"tabelletxt\" style=\"width: 229px;\">* * * * *<\/td>\n<\/tr>\n<tr>\n<td class=\"tabelletxt\" style=\"width: 214px;\" height=\"18\">Interesse fotografico<\/td>\n<td class=\"tabelletxt\" style=\"width: 229px;\">* * * *<\/td>\n<\/tr>\n<\/tbody>\n<\/table>\n<p>[\/et_pb_accordion_item][\/et_pb_accordion][\/et_pb_column][et_pb_column type=&#8220;1_2&#8243; _builder_version=&#8220;3.0.47&#8243; parallax=&#8220;off&#8220; parallax_method=&#8220;off&#8220;][et_pb_video src=&#8220;https:\/\/youtu.be\/G7cZLxsRdb8&#8243; _builder_version=&#8220;3.0.47&#8243;][\/et_pb_video][et_pb_gallery gallery_ids=&#8220;31246,31247,31248,31249,31250,31251,31252,31253,31254,31255,31256,31257,31258,&#8220; gallery_orderby=&#8220;rand&#8220; fullwidth=&#8220;on&#8220; background_layout=&#8220;dark&#8220; _builder_version=&#8220;3.0.47&#8243;][\/et_pb_gallery][\/et_pb_column][\/et_pb_row][\/et_pb_section][et_pb_section fb_built=&#8220;1&#8243; background_color=&#8220;rgba(56,56,56,0.22)&#8220; _builder_version=&#8220;3.0.92&#8243; custom_margin=&#8220;|||&#8220; custom_padding=&#8220;0px|0px|0px|0px&#8220; global_module=&#8220;34095&#8243;][et_pb_row custom_margin=&#8220;||10px|&#8220; _builder_version=&#8220;3.0.92&#8243;][et_pb_column type=&#8220;1_4&#8243; _builder_version=&#8220;3.0.47&#8243; parallax=&#8220;off&#8220; parallax_method=&#8220;on&#8220;][et_pb_text _builder_version=&#8220;3.0.92&#8243; custom_margin=&#8220;10px||10px|&#8220;]<\/p>\n<p><span style=\"color: #333399; font-family: impact, sans-serif; font-size: 14pt;\"><strong>CONTACT<\/strong><\/span><br \/>\n<span style=\"font-size: 12pt;\"><strong>Tel: +39 078999001<\/strong><\/span><br \/>\n<span style=\"font-size: 12pt;\"><strong>Mob: +39 3480641825<\/strong><\/span><br \/>\n<span style=\"font-size: 12pt;\"><strong>info@orsodiving.com\u00a0<\/strong><\/span><\/p>\n<p>[\/et_pb_text][\/et_pb_column][et_pb_column type=&#8220;1_4&#8243; _builder_version=&#8220;3.0.47&#8243; parallax=&#8220;off&#8220; parallax_method=&#8220;on&#8220;][et_pb_text _builder_version=&#8220;3.0.92&#8243; custom_margin=&#8220;10px|||&#8220;]<\/p>\n<p><span style=\"font-family: impact, sans-serif; color: #333399; font-size: 12pt;\"><strong><span style=\"font-size: 14pt;\">ADDRESS<\/span><br \/>\n<\/strong><\/span><strong><span style=\"font-size: 12pt;\">Loc. Poltu Quatu, Arzachena (OT)<\/span><\/strong><br \/>\n<strong><span style=\"font-size: 12pt;\">07021 Sardegna, ITALY<\/span><\/strong><\/p>\n<p>[\/et_pb_text][\/et_pb_column][et_pb_column type=&#8220;1_4&#8243; _builder_version=&#8220;3.0.47&#8243; parallax=&#8220;off&#8220; parallax_method=&#8220;on&#8220;][et_pb_text _builder_version=&#8220;3.0.92&#8243; custom_margin=&#8220;10px|||&#8220;]<\/p>\n<p><span style=\"font-size: 12pt; font-family: impact, sans-serif; color: #333399;\"><span style=\"font-size: 14pt;\">OPENING TIME<\/span><br \/>\n<\/span><strong><span style=\"font-size: 12pt;\">Monday &#8211; Sunday<\/span><\/strong><br \/>\n<strong><span style=\"font-size: 12pt;\">h. 8:00 am &#8211; 7:00 pm<\/span><\/strong><\/p>\n<p>[\/et_pb_text][\/et_pb_column][et_pb_column type=&#8220;1_4&#8243; _builder_version=&#8220;3.0.47&#8243; parallax=&#8220;off&#8220; parallax_method=&#8220;on&#8220;][et_pb_social_media_follow url_new_window=&#8220;off&#8220; _builder_version=&#8220;3.0.92&#8243; custom_margin=&#8220;10px|||&#8220;][et_pb_social_media_follow_network social_network=&#8220;facebook&#8220; url=&#8220;https:\/\/www.facebook.com\/groups\/OrsoDiving\/&#8220; _builder_version=&#8220;3.0.92&#8243; background_color=&#8220;#3b5998&#8243; follow_button=&#8220;off&#8220; url_new_window=&#8220;off&#8220;] Facebook [\/et_pb_social_media_follow_network][et_pb_social_media_follow_network social_network=&#8220;instagram&#8220; url=&#8220;https:\/\/www.instagram.com\/orsodiving\/&#8220; _builder_version=&#8220;3.0.92&#8243; background_color=&#8220;#517fa4&#8243; follow_button=&#8220;off&#8220; url_new_window=&#8220;off&#8220;] Instagram [\/et_pb_social_media_follow_network][et_pb_social_media_follow_network social_network=&#8220;skype&#8220; skype_url=&#8220;paolaorsodiving&#8220; _builder_version=&#8220;3.0.92&#8243; background_color=&#8220;#12a5f4&#8243; follow_button=&#8220;off&#8220; url_new_window=&#8220;off&#8220;] skype [\/et_pb_social_media_follow_network][et_pb_social_media_follow_network social_network=&#8220;youtube&#8220; url=&#8220;https:\/\/www.youtube.com\/user\/orsocapo1&#8243; _builder_version=&#8220;3.0.92&#8243; background_color=&#8220;#a82400&#8243; follow_button=&#8220;off&#8220; url_new_window=&#8220;off&#8220;] Youtube [\/et_pb_social_media_follow_network][\/et_pb_social_media_follow][\/et_pb_column][\/et_pb_row][\/et_pb_section]<\/p>\n","protected":false},"excerpt":{"rendered":"<p>Sechsmotoriges Flugzeug &#8222;Giant Messerschmitt 323&#8220; Tiefe: max 64m\/min 59m. &#8211;\u00a0 Entfernung zum Tauchzentrum 5sm. &#8211; Fahrtzeit 20MinWirklich ein einmaliges Wrack, weil es das Einzige noch exestierende Exemplar ist!! Das Flugzeug hatte den Spitznamen Riese verdient, denn es ist das gr\u00f6\u00dfte Flugzeug aus dem Zweiten Weltkrieg. Die typische Last bestand aus zwei je 4-Tonnen-LKW\u2019s, einer Flugabwehrkanone [&hellip;]<\/p>\n","protected":false},"author":1,"featured_media":0,"parent":0,"menu_order":0,"comment_status":"closed","ping_status":"closed","template":"","meta":{"_et_pb_use_builder":"on","_et_pb_old_content":"","_et_gb_content_width":"","footnotes":""},"class_list":["post-30032","page","type-page","status-publish","hentry"],"yoast_head":"<!-- This site is optimized with the Yoast SEO Premium plugin v27.0 (Yoast SEO v27.4) - https:\/\/yoast.com\/product\/yoast-seo-premium-wordpress\/ -->\n<title>Messerschmitt 323 | Orso Diving Club<\/title>\n<meta name=\"robots\" content=\"index, follow, max-snippet:-1, max-image-preview:large, max-video-preview:-1\" \/>\n<link rel=\"canonical\" href=\"https:\/\/orsodiving.com\/messerschmitt-323\/\" \/>\n<meta property=\"og:locale\" content=\"de_DE\" \/>\n<meta property=\"og:type\" content=\"article\" \/>\n<meta property=\"og:title\" content=\"Messerschmitt 323\" \/>\n<meta property=\"og:description\" content=\"Sechsmotoriges Flugzeug &quot;Giant Messerschmitt 323&quot; Tiefe: max 64m\/min 59m. -\u00a0 Entfernung zum Tauchzentrum 5sm. - Fahrtzeit 20MinWirklich ein einmaliges Wrack, weil es das Einzige noch exestierende Exemplar ist!! Das Flugzeug hatte den Spitznamen Riese verdient, denn es ist das gr\u00f6\u00dfte Flugzeug aus dem Zweiten Weltkrieg. Die typische Last bestand aus zwei je 4-Tonnen-LKW\u2019s, einer Flugabwehrkanone [&hellip;]\" \/>\n<meta property=\"og:url\" content=\"https:\/\/orsodiving.com\/messerschmitt-323\/\" \/>\n<meta property=\"og:site_name\" content=\"Orso Diving Club\" \/>\n<meta property=\"article:publisher\" content=\"https:\/\/www.facebook.com\/OrsoDiving\/\" \/>\n<meta property=\"article:modified_time\" content=\"2018-11-16T17:59:06+00:00\" \/>\n<meta property=\"og:image\" content=\"http:\/\/www.tauchensardinien.de\/images\/messerschmittbn.jpg\" \/>\n<meta name=\"twitter:card\" content=\"summary_large_image\" \/>\n<meta name=\"twitter:label1\" content=\"Gesch\u00e4tzte Lesezeit\" \/>\n\t<meta name=\"twitter:data1\" content=\"6\u00a0Minuten\" \/>\n<script type=\"application\/ld+json\" class=\"yoast-schema-graph\">{\"@context\":\"https:\\\/\\\/schema.org\",\"@graph\":[{\"@type\":\"WebPage\",\"@id\":\"https:\\\/\\\/orsodiving.com\\\/messerschmitt-323\\\/\",\"url\":\"https:\\\/\\\/orsodiving.com\\\/messerschmitt-323\\\/\",\"name\":\"Messerschmitt 323 | Orso Diving Club\",\"isPartOf\":{\"@id\":\"https:\\\/\\\/orsodiving.com\\\/#website\"},\"primaryImageOfPage\":{\"@id\":\"https:\\\/\\\/orsodiving.com\\\/messerschmitt-323\\\/#primaryimage\"},\"image\":{\"@id\":\"https:\\\/\\\/orsodiving.com\\\/messerschmitt-323\\\/#primaryimage\"},\"thumbnailUrl\":\"http:\\\/\\\/www.tauchensardinien.de\\\/images\\\/messerschmittbn.jpg\",\"datePublished\":\"2017-04-13T12:02:10+00:00\",\"dateModified\":\"2018-11-16T17:59:06+00:00\",\"breadcrumb\":{\"@id\":\"https:\\\/\\\/orsodiving.com\\\/messerschmitt-323\\\/#breadcrumb\"},\"inLanguage\":\"de\",\"potentialAction\":[{\"@type\":\"ReadAction\",\"target\":[\"https:\\\/\\\/orsodiving.com\\\/messerschmitt-323\\\/\"]}]},{\"@type\":\"ImageObject\",\"inLanguage\":\"de\",\"@id\":\"https:\\\/\\\/orsodiving.com\\\/messerschmitt-323\\\/#primaryimage\",\"url\":\"http:\\\/\\\/www.tauchensardinien.de\\\/images\\\/messerschmittbn.jpg\",\"contentUrl\":\"http:\\\/\\\/www.tauchensardinien.de\\\/images\\\/messerschmittbn.jpg\"},{\"@type\":\"BreadcrumbList\",\"@id\":\"https:\\\/\\\/orsodiving.com\\\/messerschmitt-323\\\/#breadcrumb\",\"itemListElement\":[{\"@type\":\"ListItem\",\"position\":1,\"name\":\"Home\",\"item\":\"https:\\\/\\\/orsodiving.com\\\/de\\\/\"},{\"@type\":\"ListItem\",\"position\":2,\"name\":\"Messerschmitt 323\"}]},{\"@type\":\"WebSite\",\"@id\":\"https:\\\/\\\/orsodiving.com\\\/#website\",\"url\":\"https:\\\/\\\/orsodiving.com\\\/\",\"name\":\"Orso Diving Club\",\"description\":\"Diving, Snorkeling, Whale Warching\",\"publisher\":{\"@id\":\"https:\\\/\\\/orsodiving.com\\\/#organization\"},\"potentialAction\":[{\"@type\":\"SearchAction\",\"target\":{\"@type\":\"EntryPoint\",\"urlTemplate\":\"https:\\\/\\\/orsodiving.com\\\/?s={search_term_string}\"},\"query-input\":{\"@type\":\"PropertyValueSpecification\",\"valueRequired\":true,\"valueName\":\"search_term_string\"}}],\"inLanguage\":\"de\"},{\"@type\":\"Organization\",\"@id\":\"https:\\\/\\\/orsodiving.com\\\/#organization\",\"name\":\"Orso Diving Club\",\"url\":\"https:\\\/\\\/orsodiving.com\\\/\",\"logo\":{\"@type\":\"ImageObject\",\"inLanguage\":\"de\",\"@id\":\"https:\\\/\\\/orsodiving.com\\\/#\\\/schema\\\/logo\\\/image\\\/\",\"url\":\"https:\\\/\\\/orsodiving.com\\\/wp-content\\\/uploads\\\/2020\\\/05\\\/logoODC-2020since-nero-1.png\",\"contentUrl\":\"https:\\\/\\\/orsodiving.com\\\/wp-content\\\/uploads\\\/2020\\\/05\\\/logoODC-2020since-nero-1.png\",\"width\":2048,\"height\":2048,\"caption\":\"Orso Diving Club\"},\"image\":{\"@id\":\"https:\\\/\\\/orsodiving.com\\\/#\\\/schema\\\/logo\\\/image\\\/\"},\"sameAs\":[\"https:\\\/\\\/www.facebook.com\\\/OrsoDiving\\\/\",\"https:\\\/\\\/www.youtube.com\\\/user\\\/orsocapo1\",\"https:\\\/\\\/www.instagram.com\\\/orsodiving\\\/\"]}]}<\/script>\n<!-- \/ Yoast SEO Premium plugin. -->","yoast_head_json":{"title":"Messerschmitt 323 | Orso Diving Club","robots":{"index":"index","follow":"follow","max-snippet":"max-snippet:-1","max-image-preview":"max-image-preview:large","max-video-preview":"max-video-preview:-1"},"canonical":"https:\/\/orsodiving.com\/messerschmitt-323\/","og_locale":"de_DE","og_type":"article","og_title":"Messerschmitt 323","og_description":"Sechsmotoriges Flugzeug \"Giant Messerschmitt 323\" Tiefe: max 64m\/min 59m. -\u00a0 Entfernung zum Tauchzentrum 5sm. - Fahrtzeit 20MinWirklich ein einmaliges Wrack, weil es das Einzige noch exestierende Exemplar ist!! Das Flugzeug hatte den Spitznamen Riese verdient, denn es ist das gr\u00f6\u00dfte Flugzeug aus dem Zweiten Weltkrieg. Die typische Last bestand aus zwei je 4-Tonnen-LKW\u2019s, einer Flugabwehrkanone [&hellip;]","og_url":"https:\/\/orsodiving.com\/messerschmitt-323\/","og_site_name":"Orso Diving Club","article_publisher":"https:\/\/www.facebook.com\/OrsoDiving\/","article_modified_time":"2018-11-16T17:59:06+00:00","og_image":[{"url":"http:\/\/www.tauchensardinien.de\/images\/messerschmittbn.jpg","type":"","width":"","height":""}],"twitter_card":"summary_large_image","twitter_misc":{"Gesch\u00e4tzte Lesezeit":"6\u00a0Minuten"},"schema":{"@context":"https:\/\/schema.org","@graph":[{"@type":"WebPage","@id":"https:\/\/orsodiving.com\/messerschmitt-323\/","url":"https:\/\/orsodiving.com\/messerschmitt-323\/","name":"Messerschmitt 323 | Orso Diving Club","isPartOf":{"@id":"https:\/\/orsodiving.com\/#website"},"primaryImageOfPage":{"@id":"https:\/\/orsodiving.com\/messerschmitt-323\/#primaryimage"},"image":{"@id":"https:\/\/orsodiving.com\/messerschmitt-323\/#primaryimage"},"thumbnailUrl":"http:\/\/www.tauchensardinien.de\/images\/messerschmittbn.jpg","datePublished":"2017-04-13T12:02:10+00:00","dateModified":"2018-11-16T17:59:06+00:00","breadcrumb":{"@id":"https:\/\/orsodiving.com\/messerschmitt-323\/#breadcrumb"},"inLanguage":"de","potentialAction":[{"@type":"ReadAction","target":["https:\/\/orsodiving.com\/messerschmitt-323\/"]}]},{"@type":"ImageObject","inLanguage":"de","@id":"https:\/\/orsodiving.com\/messerschmitt-323\/#primaryimage","url":"http:\/\/www.tauchensardinien.de\/images\/messerschmittbn.jpg","contentUrl":"http:\/\/www.tauchensardinien.de\/images\/messerschmittbn.jpg"},{"@type":"BreadcrumbList","@id":"https:\/\/orsodiving.com\/messerschmitt-323\/#breadcrumb","itemListElement":[{"@type":"ListItem","position":1,"name":"Home","item":"https:\/\/orsodiving.com\/de\/"},{"@type":"ListItem","position":2,"name":"Messerschmitt 323"}]},{"@type":"WebSite","@id":"https:\/\/orsodiving.com\/#website","url":"https:\/\/orsodiving.com\/","name":"Orso Diving Club","description":"Diving, Snorkeling, Whale Warching","publisher":{"@id":"https:\/\/orsodiving.com\/#organization"},"potentialAction":[{"@type":"SearchAction","target":{"@type":"EntryPoint","urlTemplate":"https:\/\/orsodiving.com\/?s={search_term_string}"},"query-input":{"@type":"PropertyValueSpecification","valueRequired":true,"valueName":"search_term_string"}}],"inLanguage":"de"},{"@type":"Organization","@id":"https:\/\/orsodiving.com\/#organization","name":"Orso Diving Club","url":"https:\/\/orsodiving.com\/","logo":{"@type":"ImageObject","inLanguage":"de","@id":"https:\/\/orsodiving.com\/#\/schema\/logo\/image\/","url":"https:\/\/orsodiving.com\/wp-content\/uploads\/2020\/05\/logoODC-2020since-nero-1.png","contentUrl":"https:\/\/orsodiving.com\/wp-content\/uploads\/2020\/05\/logoODC-2020since-nero-1.png","width":2048,"height":2048,"caption":"Orso Diving Club"},"image":{"@id":"https:\/\/orsodiving.com\/#\/schema\/logo\/image\/"},"sameAs":["https:\/\/www.facebook.com\/OrsoDiving\/","https:\/\/www.youtube.com\/user\/orsocapo1","https:\/\/www.instagram.com\/orsodiving\/"]}]}},"_links":{"self":[{"href":"https:\/\/orsodiving.com\/de\/wp-json\/wp\/v2\/pages\/30032","targetHints":{"allow":["GET"]}}],"collection":[{"href":"https:\/\/orsodiving.com\/de\/wp-json\/wp\/v2\/pages"}],"about":[{"href":"https:\/\/orsodiving.com\/de\/wp-json\/wp\/v2\/types\/page"}],"author":[{"embeddable":true,"href":"https:\/\/orsodiving.com\/de\/wp-json\/wp\/v2\/users\/1"}],"replies":[{"embeddable":true,"href":"https:\/\/orsodiving.com\/de\/wp-json\/wp\/v2\/comments?post=30032"}],"version-history":[{"count":9,"href":"https:\/\/orsodiving.com\/de\/wp-json\/wp\/v2\/pages\/30032\/revisions"}],"predecessor-version":[{"id":34570,"href":"https:\/\/orsodiving.com\/de\/wp-json\/wp\/v2\/pages\/30032\/revisions\/34570"}],"wp:attachment":[{"href":"https:\/\/orsodiving.com\/de\/wp-json\/wp\/v2\/media?parent=30032"}],"curies":[{"name":"wp","href":"https:\/\/api.w.org\/{rel}","templated":true}]}}