{"id":29968,"date":"2017-04-22T11:08:01","date_gmt":"2017-04-22T09:08:01","guid":{"rendered":"https:\/\/orsodiving.com\/grand-hotel-in-poltu-quatu\/"},"modified":"2021-04-09T10:50:15","modified_gmt":"2021-04-09T08:50:15","slug":"grand-hotel-in-poltu-quatu","status":"publish","type":"page","link":"https:\/\/orsodiving.com\/de\/grand-hotel-in-poltu-quatu\/","title":{"rendered":"Grand Hotel in Poltu Quatu"},"content":{"rendered":"<p>[et_pb_section fb_built=&#8220;1&#8243; fullwidth=&#8220;on&#8220; _builder_version=&#8220;3.22&#8243; custom_padding=&#8220;0px|0px|25px|0px&#8220;][et_pb_fullwidth_image src=&#8220;https:\/\/orsodiving.com\/wp-content\/uploads\/2017\/04\/Fullwidth_ghotel.jpg&#8220; alt=&#8220;Orso Tec Department&#8220; _builder_version=&#8220;3.0.72&#8243; custom_margin=&#8220;20px|||&#8220; animation_style=&#8220;slide&#8220; animation_direction=&#8220;left&#8220; animation_duration=&#8220;500ms&#8220; animation_intensity_slide=&#8220;10%&#8220;][\/et_pb_fullwidth_image][\/et_pb_section][et_pb_section fb_built=&#8220;1&#8243; _builder_version=&#8220;3.22&#8243; custom_padding=&#8220;0px|0px|36px|0px&#8220;][et_pb_row column_structure=&#8220;2_3,1_3&#8243; _builder_version=&#8220;3.25&#8243; background_size=&#8220;initial&#8220; background_position=&#8220;top_left&#8220; background_repeat=&#8220;repeat&#8220;][et_pb_column type=&#8220;2_3&#8243; _builder_version=&#8220;3.25&#8243; custom_padding=&#8220;|||&#8220; custom_padding__hover=&#8220;|||&#8220;][et_pb_divider show_divider=&#8220;off&#8220; disabled_on=&#8220;on|on|off&#8220; _builder_version=&#8220;3.23.4&#8243; height=&#8220;30px&#8220; hide_on_mobile=&#8220;on&#8220;][\/et_pb_divider][et_pb_text _builder_version=&#8220;3.27.4&#8243; background_size=&#8220;initial&#8220; background_position=&#8220;top_left&#8220; background_repeat=&#8220;repeat&#8220; use_border_color=&#8220;off&#8220; border_color=&#8220;#ffffff&#8220; border_style=&#8220;solid&#8220; inline_fonts=&#8220;Amatic SC&#8220;]<\/p>\n<h2 style=\"text-align: center;\"><strong><span style=\"font-family: 'Amatic SC'; font-size: xx-large;\">GRAND HOTEL in POLTU QUATU<br \/><\/span><\/strong><\/h2>\n<p>[\/et_pb_text][et_pb_divider show_divider=&#8220;off&#8220; disabled_on=&#8220;on|on|off&#8220; _builder_version=&#8220;3.23.4&#8243; height=&#8220;30px&#8220; hide_on_mobile=&#8220;on&#8220;][\/et_pb_divider][et_pb_accordion closed_toggle_background_color=&#8220;rgba(0,232,197,0.13)&#8220; admin_label=&#8220;Accordion&#8220; _builder_version=&#8220;4.9.2&#8243; hover_enabled=&#8220;0&#8243; use_border_color=&#8220;off&#8220; border_color=&#8220;#ffffff&#8220; border_style=&#8220;solid&#8220; sticky_enabled=&#8220;0&#8243;][et_pb_accordion_item title=&#8220;SONDERPREISE&#8220; open=&#8220;on&#8220; _builder_version=&#8220;4.9.2&#8243; hover_enabled=&#8220;0&#8243; sticky_enabled=&#8220;0&#8243;]<\/p>\n<p style=\"text-align: center;\">Die besonderen Preise, die wir Ihnen f\u00fcr den oben erw\u00e4hnten<br \/>Grand Hotel vorschlagen, sind g\u00fcltig nur f\u00fcr die Taucher (und ihre Begleiter).<br \/>Informations und Reservierung mit Orso Diving Club<\/p>\n<p style=\"text-align: center;\"><a href=\"mailto:info@orsodiving.com\"><span style=\"color: #0000ff;\">info@orsodiving.com<\/span><\/a><\/p>\n<p>[\/et_pb_accordion_item][et_pb_accordion_item title=&#8220;HOTEL-Info&#8220; _builder_version=&#8220;4.9.2&#8243; hover_enabled=&#8220;0&#8243; open=&#8220;off&#8220; sticky_enabled=&#8220;0&#8243;]<\/p>\n<div id=\"news\" style=\"text-align: justify;\"><span class=\"titolo\">Grand Hotel in Poltu Quatu 5*****<\/span><\/div>\n<div id=\"txtnews\">\n<div id=\"txtnews\">\n<p>Grand Hotel Poltu Quatu is located on the Costa Esmeralda, Sardinia\u2019s most famous stretch of spectacular coastline and a popular destination for V.I.P visitors to the island. The hotel, designed by the architect Jean Claude Le Suisse, is an example of innovative Mediterranean architecture; a perfect combination of Sardinian art and culture with Spanish design. The Costa Esmeralda, in the north of Sardinia, is an area of exceptional natural beauty, and the port of Poltu Quatu is one of its most evocative corners. Poltu Quatu is a magnificent natural inlet with cliffs that plunge down into crystal clear waters and of the characteristic colour and perfume of its Mediterranean setting.<\/p>\n<p><span class=\"bilo\">HOTEL:<\/span> Meticulous service is characteristic of this hotel, as is the detailed attention offered to guests in its two restaurants, the piano bar, the private garage and the <strong> Beauty Centre and Spa<\/strong>. As well as enjoying the natural beauty of the Costa Esmeralda, the hotel offers a different type of vacation: the ideal way to beat the winter blues and get back in physical and mental shape, something which is becoming increasingly popular amongst our satisfied guests. Our success is thanks to the wide range of relaxing therapies, body and facial care treatments and a balanced combination of professional products for both men and women. We provide services such as hamman, sauna and a relaxation area with chromo therapy, an innovative Ayurvedic massage with warm stones, a deep facial cleansing treatment, a relaxing massage with aromatherapy, toning and relaxing mud treatments and a detox and regeneration treatment. The special offers are always attractive and an alternative for men and women who seek an effective programme for getting back in shape before the summer season.<\/p>\n<p><span class=\"bilo\">ENTFERNUNG VOM MEER:<\/span> <span xml:lang=\"de\" lang=\"de\"> Die Anlage befindet sich in der N\u00e4he des touristischen Hafens, und nur wenige Kilometer von den sch\u00f6nsten Str\u00e4nden der &#8222;Costa Smeralda&#8220;.<\/span><\/p>\n<\/div>\n<\/div>\n<p>[\/et_pb_accordion_item][et_pb_accordion_item title=&#8220;TAUCH-Info&#8220; _builder_version=&#8220;4.9.2&#8243; hover_enabled=&#8220;0&#8243; open=&#8220;off&#8220; sticky_enabled=&#8220;0&#8243;]<\/p>\n<p>Die Vormittag Tauchausflug besteht aus \u201czwei Flaschen Tauchg\u00e0ngen\u201d d.h. in einer Reisen warden zwei TG, der eine nach dem anderen mit 1 Stunde Oberfl\u00e0chenpause, realisiert &#8211; im Marine Park von La Maddalena (Caprera und Monaci Inseln) &#8211; R\u00f9ckkehr von Ausgang its ungef\u00e0hr zwischen 13,30 und 13,30 Uhr, abh\u00e0ngig von der Entfernung des Tauchplatzes. Man hat auf diese Weise den ganzen Nachmittag zur Verf\u00f9gung. Mit einem Zuschlag von \u20ac 25,00 pro Ausflug (mit zwei TG) ist es m\u00f6glich, die Short Distance TG in Long Distance TG im Gebiet der Natural Park von Lavezzi (Korsika-Frankreich) zu verwandeln, das mehr als 12 Meilen von Poltu Quatu entfernt liegt oder mit einem Zuschlag von \u20ac 50 pro Ausflug (mit zwei TG) ist es m\u00f6glich, die Short Distance TG in Full-Day Ausflug zu verwandeln. Wir bieten auch Full-Day Ausflug im Gebiet des Natural Parks von Tavolara mit einem Zuschlag von \u20ac 60, oder \u20ac 70 im Gebiet der Cerbicali Inseln, das in mehr als 18 Meilen Entfernung von Poltu Quatu liegen.<\/p>\n<p>Wenn Sie mit dem Flugzeug anreisen und ein Tauchpacket mit Unterkunft buchen, ist die Tauchausr\u00fcstung im Tauchpreis enthalten (au\u00dfer Computer und Taschenlampe sowie die Monate Juli und August). <br \/>Im Mai die Wassertemperatur ist etwa 18\/19\u00b0 &#8211; Juni 20\/23\u00b0 &#8211; Juli 23\/24\u00b0 &#8211; August 24\/26\u00b0 &#8211; September 25\/23*, im Oktober 22\/23\u00b0<\/p>\n<p>Mehr tauchen und weniger bezahlen und Familienangebot (min 3 Personen) einzigartige Z\u00e4hlung.<br \/>\u2022 1 Tauchgang \u20ac 80,00<br \/>\u2022 von 2 bis 4 Tauchg\u00e4nge (Morgenausflug) \u20ac 60,00 \/ jeden<br \/>\u2022 von 5 bis 8 Tauchg\u00e4ngen (Vormittagsausflug) 50,00 \u20ac \/ jeden<br \/>. von 9 bis 14 Tauchg\u00e4ngen (Vormittagsausflug) 45,00 \u20ac \/ jeden<br \/>\u2022 \u00fcber 14 Tauchg\u00e4nge (Vormittagsausflug) 35,00 \u20ac \/ jeden<\/p>\n<p><span xml:lang=\"de\" lang=\"de\"><span id=\"result_box\" class=\"\" lang=\"de\"><span class=\"\">Das Tauchzentrum ist zu Fu\u00df erreichbar.<\/span> <span class=\"\">Im Tauchzentrum haben Sie die M\u00f6glichkeit, Ihre Ausr\u00fcstung f\u00fcr Ihren gesamten Aufenthalt zu hinterlassen.<\/span><\/span><\/span><\/p>\n<p>[\/et_pb_accordion_item][\/et_pb_accordion][\/et_pb_column][et_pb_column type=&#8220;1_3&#8243; _builder_version=&#8220;3.25&#8243; background_color=&#8220;#000000&#8243; custom_padding=&#8220;50px|||&#8220; custom_padding__hover=&#8220;|||&#8220;][et_pb_gallery gallery_ids=&#8220;42114,42117,42120,42123,42126,42129,42132,42135&#8243; posts_number=&#8220;2&#8243; show_title_and_caption=&#8220;off&#8220; _builder_version=&#8220;3.0.87&#8243; use_border_color=&#8220;off&#8220; border_color=&#8220;#ffffff&#8220; border_style=&#8220;solid&#8220;][\/et_pb_gallery][\/et_pb_column][\/et_pb_row][\/et_pb_section][et_pb_section fb_built=&#8220;1&#8243; _builder_version=&#8220;3.0.92&#8243; background_color=&#8220;rgba(255,255,255,0)&#8220; use_background_color_gradient=&#8220;on&#8220; background_color_gradient_start=&#8220;#000000&#8243; background_color_gradient_end=&#8220;#000000&#8243; custom_margin=&#8220;|||&#8220; custom_padding=&#8220;0px|0px|0px|0px&#8220; global_module=&#8220;34095&#8243;][et_pb_row column_structure=&#8220;1_3,1_3,1_3&#8243; _builder_version=&#8220;3.25&#8243; background_size=&#8220;initial&#8220; background_position=&#8220;top_left&#8220; background_repeat=&#8220;repeat&#8220;][et_pb_column type=&#8220;1_3&#8243; _builder_version=&#8220;3.25&#8243; custom_padding=&#8220;|||&#8220; custom_padding__hover=&#8220;|||&#8220;][et_pb_text _builder_version=&#8220;3.27.4&#8243; inline_fonts=&#8220;Amatic SC&#8220;]<\/p>\n<p><strong>KONTAKTE<\/strong><br \/><strong>Tel: +39 0789 99001<\/strong><br \/><strong>Mob: +39 348 0641825<\/strong><br \/><strong><a href=\"mailto:info@tauchensardinien.de\"><span style=\"color: #999999;\">info@tauchensardinien.de\u00a0<\/span><\/a><\/strong><\/p>\n<p>[\/et_pb_text][\/et_pb_column][et_pb_column type=&#8220;1_3&#8243; _builder_version=&#8220;3.25&#8243; custom_padding=&#8220;|||&#8220; custom_padding__hover=&#8220;|||&#8220;][et_pb_text _builder_version=&#8220;3.27.4&#8243; custom_margin=&#8220;10px|||&#8220;]<\/p>\n<p><strong>ADRESSE<\/strong><br \/><strong>Orso Diving Club &#8211; Poltu Quatu<\/strong><br \/><strong>zwischen Baja Sardinia und Porto Cervo<\/strong><br \/><strong>07021 Arzachena (OT) <\/strong><br \/><strong>SARDEGNA, ITALIEN<br \/><\/strong><\/p>\n<p>[\/et_pb_text][\/et_pb_column][et_pb_column type=&#8220;1_3&#8243; _builder_version=&#8220;3.25&#8243; custom_padding=&#8220;|||&#8220; custom_padding__hover=&#8220;|||&#8220;][et_pb_text _builder_version=&#8220;3.27.4&#8243; custom_margin=&#8220;10px|||&#8220;]<\/p>\n<p><strong>ER\u00d6FFNUNGSZEITEN<\/strong><br \/><strong>Montag &#8211; Sonntag<\/strong><br \/><strong>h. 8:00 &#8211; 19:00<\/strong><\/p>\n<p>[\/et_pb_text][et_pb_social_media_follow url_new_window=&#8220;off&#8220; _builder_version=&#8220;3.0.92&#8243; custom_margin=&#8220;10px|||&#8220;][et_pb_social_media_follow_network social_network=&#8220;facebook&#8220; url=&#8220;https:\/\/www.facebook.com\/groups\/OrsoDiving\/&#8220; _builder_version=&#8220;3.0.92&#8243; background_color=&#8220;#3b5998&#8243; follow_button=&#8220;off&#8220; url_new_window=&#8220;off&#8220;] Facebook [\/et_pb_social_media_follow_network][et_pb_social_media_follow_network social_network=&#8220;instagram&#8220; url=&#8220;https:\/\/www.instagram.com\/orsodiving\/&#8220; _builder_version=&#8220;3.0.92&#8243; background_color=&#8220;#517fa4&#8243; follow_button=&#8220;off&#8220; url_new_window=&#8220;off&#8220;] Instagram [\/et_pb_social_media_follow_network][et_pb_social_media_follow_network social_network=&#8220;skype&#8220; skype_url=&#8220;paolaorsodiving&#8220; _builder_version=&#8220;3.0.92&#8243; background_color=&#8220;#12a5f4&#8243; follow_button=&#8220;off&#8220; url_new_window=&#8220;off&#8220;] skype [\/et_pb_social_media_follow_network][et_pb_social_media_follow_network social_network=&#8220;youtube&#8220; url=&#8220;https:\/\/www.youtube.com\/user\/orsocapo1&#8243; _builder_version=&#8220;3.0.92&#8243; background_color=&#8220;#a82400&#8243; follow_button=&#8220;off&#8220; url_new_window=&#8220;off&#8220;] Youtube [\/et_pb_social_media_follow_network][\/et_pb_social_media_follow][\/et_pb_column][\/et_pb_row][\/et_pb_section]<\/p>\n","protected":false},"excerpt":{"rendered":"<p>GRAND HOTEL in POLTU QUATUDie besonderen Preise, die wir Ihnen f\u00fcr den oben erw\u00e4hntenGrand Hotel vorschlagen, sind g\u00fcltig nur f\u00fcr die Taucher (und ihre Begleiter).Informations und Reservierung mit Orso Diving Club info@orsodiving.comGrand Hotel in Poltu Quatu 5***** Grand Hotel Poltu Quatu is located on the Costa Esmeralda, Sardinia\u2019s most famous stretch of spectacular coastline and [&hellip;]<\/p>\n","protected":false},"author":1,"featured_media":0,"parent":0,"menu_order":0,"comment_status":"closed","ping_status":"closed","template":"","meta":{"_et_pb_use_builder":"on","_et_pb_old_content":"","_et_gb_content_width":"","footnotes":""},"class_list":["post-29968","page","type-page","status-publish","hentry"],"yoast_head":"<!-- This site is optimized with the Yoast SEO Premium plugin v27.0 (Yoast SEO v27.4) - https:\/\/yoast.com\/product\/yoast-seo-premium-wordpress\/ -->\n<title>Grand Hotel in Poltu Quatu | Orso Diving Club<\/title>\n<meta name=\"robots\" content=\"index, follow, max-snippet:-1, max-image-preview:large, max-video-preview:-1\" \/>\n<link rel=\"canonical\" href=\"https:\/\/orsodiving.com\/grand-hotel-in-poltu-quatu\/\" \/>\n<meta property=\"og:locale\" content=\"de_DE\" \/>\n<meta property=\"og:type\" content=\"article\" \/>\n<meta property=\"og:title\" content=\"Grand Hotel in Poltu Quatu\" \/>\n<meta property=\"og:description\" content=\"GRAND HOTEL in POLTU QUATUDie besonderen Preise, die wir Ihnen f\u00fcr den oben erw\u00e4hntenGrand Hotel vorschlagen, sind g\u00fcltig nur f\u00fcr die Taucher (und ihre Begleiter).Informations und Reservierung mit Orso Diving Club info@orsodiving.comGrand Hotel in Poltu Quatu 5***** Grand Hotel Poltu Quatu is located on the Costa Esmeralda, Sardinia\u2019s most famous stretch of spectacular coastline and [&hellip;]\" \/>\n<meta property=\"og:url\" content=\"https:\/\/orsodiving.com\/grand-hotel-in-poltu-quatu\/\" \/>\n<meta property=\"og:site_name\" content=\"Orso Diving Club\" \/>\n<meta property=\"article:publisher\" content=\"https:\/\/www.facebook.com\/OrsoDiving\/\" \/>\n<meta property=\"article:modified_time\" content=\"2021-04-09T08:50:15+00:00\" \/>\n<meta name=\"twitter:card\" content=\"summary_large_image\" \/>\n<meta name=\"twitter:label1\" content=\"Gesch\u00e4tzte Lesezeit\" \/>\n\t<meta name=\"twitter:data1\" content=\"6\u00a0Minuten\" \/>\n<script type=\"application\/ld+json\" class=\"yoast-schema-graph\">{\"@context\":\"https:\\\/\\\/schema.org\",\"@graph\":[{\"@type\":\"WebPage\",\"@id\":\"https:\\\/\\\/orsodiving.com\\\/grand-hotel-in-poltu-quatu\\\/\",\"url\":\"https:\\\/\\\/orsodiving.com\\\/grand-hotel-in-poltu-quatu\\\/\",\"name\":\"Grand Hotel in Poltu Quatu | Orso Diving Club\",\"isPartOf\":{\"@id\":\"https:\\\/\\\/orsodiving.com\\\/#website\"},\"datePublished\":\"2017-04-22T09:08:01+00:00\",\"dateModified\":\"2021-04-09T08:50:15+00:00\",\"breadcrumb\":{\"@id\":\"https:\\\/\\\/orsodiving.com\\\/grand-hotel-in-poltu-quatu\\\/#breadcrumb\"},\"inLanguage\":\"de\",\"potentialAction\":[{\"@type\":\"ReadAction\",\"target\":[\"https:\\\/\\\/orsodiving.com\\\/grand-hotel-in-poltu-quatu\\\/\"]}]},{\"@type\":\"BreadcrumbList\",\"@id\":\"https:\\\/\\\/orsodiving.com\\\/grand-hotel-in-poltu-quatu\\\/#breadcrumb\",\"itemListElement\":[{\"@type\":\"ListItem\",\"position\":1,\"name\":\"Home\",\"item\":\"https:\\\/\\\/orsodiving.com\\\/de\\\/\"},{\"@type\":\"ListItem\",\"position\":2,\"name\":\"Grand Hotel in Poltu Quatu\"}]},{\"@type\":\"WebSite\",\"@id\":\"https:\\\/\\\/orsodiving.com\\\/#website\",\"url\":\"https:\\\/\\\/orsodiving.com\\\/\",\"name\":\"Orso Diving Club\",\"description\":\"Diving, Snorkeling, Whale Warching\",\"publisher\":{\"@id\":\"https:\\\/\\\/orsodiving.com\\\/#organization\"},\"potentialAction\":[{\"@type\":\"SearchAction\",\"target\":{\"@type\":\"EntryPoint\",\"urlTemplate\":\"https:\\\/\\\/orsodiving.com\\\/?s={search_term_string}\"},\"query-input\":{\"@type\":\"PropertyValueSpecification\",\"valueRequired\":true,\"valueName\":\"search_term_string\"}}],\"inLanguage\":\"de\"},{\"@type\":\"Organization\",\"@id\":\"https:\\\/\\\/orsodiving.com\\\/#organization\",\"name\":\"Orso Diving Club\",\"url\":\"https:\\\/\\\/orsodiving.com\\\/\",\"logo\":{\"@type\":\"ImageObject\",\"inLanguage\":\"de\",\"@id\":\"https:\\\/\\\/orsodiving.com\\\/#\\\/schema\\\/logo\\\/image\\\/\",\"url\":\"https:\\\/\\\/orsodiving.com\\\/wp-content\\\/uploads\\\/2020\\\/05\\\/logoODC-2020since-nero-1.png\",\"contentUrl\":\"https:\\\/\\\/orsodiving.com\\\/wp-content\\\/uploads\\\/2020\\\/05\\\/logoODC-2020since-nero-1.png\",\"width\":2048,\"height\":2048,\"caption\":\"Orso Diving Club\"},\"image\":{\"@id\":\"https:\\\/\\\/orsodiving.com\\\/#\\\/schema\\\/logo\\\/image\\\/\"},\"sameAs\":[\"https:\\\/\\\/www.facebook.com\\\/OrsoDiving\\\/\",\"https:\\\/\\\/www.youtube.com\\\/user\\\/orsocapo1\",\"https:\\\/\\\/www.instagram.com\\\/orsodiving\\\/\"]}]}<\/script>\n<!-- \/ Yoast SEO Premium plugin. -->","yoast_head_json":{"title":"Grand Hotel in Poltu Quatu | Orso Diving Club","robots":{"index":"index","follow":"follow","max-snippet":"max-snippet:-1","max-image-preview":"max-image-preview:large","max-video-preview":"max-video-preview:-1"},"canonical":"https:\/\/orsodiving.com\/grand-hotel-in-poltu-quatu\/","og_locale":"de_DE","og_type":"article","og_title":"Grand Hotel in Poltu Quatu","og_description":"GRAND HOTEL in POLTU QUATUDie besonderen Preise, die wir Ihnen f\u00fcr den oben erw\u00e4hntenGrand Hotel vorschlagen, sind g\u00fcltig nur f\u00fcr die Taucher (und ihre Begleiter).Informations und Reservierung mit Orso Diving Club info@orsodiving.comGrand Hotel in Poltu Quatu 5***** Grand Hotel Poltu Quatu is located on the Costa Esmeralda, Sardinia\u2019s most famous stretch of spectacular coastline and [&hellip;]","og_url":"https:\/\/orsodiving.com\/grand-hotel-in-poltu-quatu\/","og_site_name":"Orso Diving Club","article_publisher":"https:\/\/www.facebook.com\/OrsoDiving\/","article_modified_time":"2021-04-09T08:50:15+00:00","twitter_card":"summary_large_image","twitter_misc":{"Gesch\u00e4tzte Lesezeit":"6\u00a0Minuten"},"schema":{"@context":"https:\/\/schema.org","@graph":[{"@type":"WebPage","@id":"https:\/\/orsodiving.com\/grand-hotel-in-poltu-quatu\/","url":"https:\/\/orsodiving.com\/grand-hotel-in-poltu-quatu\/","name":"Grand Hotel in Poltu Quatu | Orso Diving Club","isPartOf":{"@id":"https:\/\/orsodiving.com\/#website"},"datePublished":"2017-04-22T09:08:01+00:00","dateModified":"2021-04-09T08:50:15+00:00","breadcrumb":{"@id":"https:\/\/orsodiving.com\/grand-hotel-in-poltu-quatu\/#breadcrumb"},"inLanguage":"de","potentialAction":[{"@type":"ReadAction","target":["https:\/\/orsodiving.com\/grand-hotel-in-poltu-quatu\/"]}]},{"@type":"BreadcrumbList","@id":"https:\/\/orsodiving.com\/grand-hotel-in-poltu-quatu\/#breadcrumb","itemListElement":[{"@type":"ListItem","position":1,"name":"Home","item":"https:\/\/orsodiving.com\/de\/"},{"@type":"ListItem","position":2,"name":"Grand Hotel in Poltu Quatu"}]},{"@type":"WebSite","@id":"https:\/\/orsodiving.com\/#website","url":"https:\/\/orsodiving.com\/","name":"Orso Diving Club","description":"Diving, Snorkeling, Whale Warching","publisher":{"@id":"https:\/\/orsodiving.com\/#organization"},"potentialAction":[{"@type":"SearchAction","target":{"@type":"EntryPoint","urlTemplate":"https:\/\/orsodiving.com\/?s={search_term_string}"},"query-input":{"@type":"PropertyValueSpecification","valueRequired":true,"valueName":"search_term_string"}}],"inLanguage":"de"},{"@type":"Organization","@id":"https:\/\/orsodiving.com\/#organization","name":"Orso Diving Club","url":"https:\/\/orsodiving.com\/","logo":{"@type":"ImageObject","inLanguage":"de","@id":"https:\/\/orsodiving.com\/#\/schema\/logo\/image\/","url":"https:\/\/orsodiving.com\/wp-content\/uploads\/2020\/05\/logoODC-2020since-nero-1.png","contentUrl":"https:\/\/orsodiving.com\/wp-content\/uploads\/2020\/05\/logoODC-2020since-nero-1.png","width":2048,"height":2048,"caption":"Orso Diving Club"},"image":{"@id":"https:\/\/orsodiving.com\/#\/schema\/logo\/image\/"},"sameAs":["https:\/\/www.facebook.com\/OrsoDiving\/","https:\/\/www.youtube.com\/user\/orsocapo1","https:\/\/www.instagram.com\/orsodiving\/"]}]}},"_links":{"self":[{"href":"https:\/\/orsodiving.com\/de\/wp-json\/wp\/v2\/pages\/29968","targetHints":{"allow":["GET"]}}],"collection":[{"href":"https:\/\/orsodiving.com\/de\/wp-json\/wp\/v2\/pages"}],"about":[{"href":"https:\/\/orsodiving.com\/de\/wp-json\/wp\/v2\/types\/page"}],"author":[{"embeddable":true,"href":"https:\/\/orsodiving.com\/de\/wp-json\/wp\/v2\/users\/1"}],"replies":[{"embeddable":true,"href":"https:\/\/orsodiving.com\/de\/wp-json\/wp\/v2\/comments?post=29968"}],"version-history":[{"count":14,"href":"https:\/\/orsodiving.com\/de\/wp-json\/wp\/v2\/pages\/29968\/revisions"}],"predecessor-version":[{"id":45724,"href":"https:\/\/orsodiving.com\/de\/wp-json\/wp\/v2\/pages\/29968\/revisions\/45724"}],"wp:attachment":[{"href":"https:\/\/orsodiving.com\/de\/wp-json\/wp\/v2\/media?parent=29968"}],"curies":[{"name":"wp","href":"https:\/\/api.w.org\/{rel}","templated":true}]}}