{"id":29921,"date":"2017-04-03T17:41:32","date_gmt":"2017-04-03T15:41:32","guid":{"rendered":"https:\/\/orsodiving.com\/corsi\/"},"modified":"2020-04-15T15:38:28","modified_gmt":"2020-04-15T13:38:28","slug":"sport-tauchkurse","status":"publish","type":"page","link":"https:\/\/orsodiving.com\/de\/sport-tauchkurse\/","title":{"rendered":"corsi ricreativi"},"content":{"rendered":"<p>[et_pb_section bb_built=&#8220;1&#8243; fullwidth=&#8220;on&#8220; _builder_version=&#8220;3.0.47&#8243;][et_pb_fullwidth_image src=&#8220;https:\/\/orsodiving.com\/wp-content\/uploads\/2017\/04\/Fullwidth_corsi.jpg&#8220; _builder_version=&#8220;3.0.47&#8243; animation_style=&#8220;slide&#8220; animation_direction=&#8220;left&#8220; animation_duration=&#8220;500ms&#8220; animation_intensity_slide=&#8220;10%&#8220;]<\/p>\n<p>&nbsp;<\/p>\n<p>[\/et_pb_fullwidth_image][\/et_pb_section][et_pb_section bb_built=&#8220;1&#8243; _builder_version=&#8220;3.0.47&#8243;][et_pb_row _builder_version=&#8220;3.0.47&#8243; background_size=&#8220;initial&#8220; background_position=&#8220;top_left&#8220; background_repeat=&#8220;repeat&#8220;][et_pb_column type=&#8220;4_4&#8243;][et_pb_text _builder_version=&#8220;3.0.47&#8243; background_size=&#8220;initial&#8220; background_position=&#8220;top_left&#8220; background_repeat=&#8220;repeat&#8220; custom_margin=&#8220;20px|||&#8220; custom_padding=&#8220;||10px|&#8220; inline_fonts=&#8220;Amatic SC&#8220;]<\/p>\n<h2 style=\"text-align: center;\"><strong><span style=\"font-family: 'Amatic SC'; font-size: xx-large;\">SPORT TAUCHKURSE GELEGENHEITEN<\/span><\/strong><\/h2>\n<p>[\/et_pb_text][\/et_pb_column][\/et_pb_row][et_pb_row _builder_version=&#8220;3.0.47&#8243; background_size=&#8220;initial&#8220; background_position=&#8220;top_left&#8220; background_repeat=&#8220;repeat&#8220;][et_pb_column type=&#8220;1_4&#8243;][et_pb_image src=&#8220;https:\/\/orsodiving.com\/wp-content\/uploads\/2018\/04\/14425441_10202349611859154_632869016972048115_o.jpg&#8220; show_bottom_space=&#8220;off&#8220; align=&#8220;center&#8220; disabled_on=&#8220;on|off|off&#8220; _builder_version=&#8220;3.0.92&#8243; custom_margin=&#8220;|||&#8220; animation_style=&#8220;slide&#8220; animation_direction=&#8220;left&#8220; animation_duration=&#8220;500ms&#8220; animation_intensity_slide=&#8220;10%&#8220; sticky=&#8220;on&#8220;]<\/p>\n<p>&nbsp;<\/p>\n<p>[\/et_pb_image][\/et_pb_column][et_pb_column type=&#8220;1_2&#8243;][et_pb_text _builder_version=&#8220;3.0.92&#8243; background_size=&#8220;initial&#8220; background_position=&#8220;top_left&#8220; background_repeat=&#8220;repeat&#8220; text_orientation=&#8220;justified&#8220; custom_padding=&#8220;||20px|&#8220; background_layout=&#8220;light&#8220;]<\/p>\n<div class=\"post\">\n<p>Anf\u00e4nger: gibt es seine interessantere M\u00f6glichkeit? Lernen Sie\u00a0w\u00e4hrend Ihres Urlaubs im kristallklaren Wasser der &#8222;Smaragd K\u00fcste&#8220; tauchen. Unser<strong> &#8222;SSI dive Resort&#8220;<\/strong> ist die beste Wahl wenn das was Sie suchen h\u00f6chste Qualit\u00e4t und bester Service sind!\u00a0Dank der Erfahrung der Tauchlehrer und den Einsatz neuer Lehrsystem, k\u00f6nnen die Studenten einfach und schnell in eine sichere und lustige Weise zu lernen. Die Tauchbasis hat eine sch\u00f6ne und komfortable Theorie Zimmer mit Klimaanlage, Flutlicht, TV, Computer und Whiteboard. Wenn Sie m\u00f6chten k\u00f6nnen Sie auch den Kurs online beizutreten.<\/p>\n<p>Wenn Sie einen Kurs machen wollen, und Sie brauchen eine Unterkunft, \u00fcberpr\u00fcfen Sie unsere Angebote &#8222;<a href=\"https:\/\/orsodiving.com\/de\/unsere-vorschlaege\/\">Nicht Taucher<\/a>&#8220; im Internet\u00a0Aufenthaltangebot<\/p>\n<p>Der praktische Unterricht findet im Meer, in einer sch\u00f6nen, kleinen, str\u00f6mungsloser Bucht (siehe Bild oben) die nur wenige Navigationsminuten von der Tauchbasis entfernt ist statt. Wir erreichen die Bucht \u00a0mit einem kleinen Schlauchboot, welches wir an unserer privater Boje ankern. Hier tauchen wir w\u00e4hrend den ersten \u00dcbungen 2 bis 5 Meter tief, und w\u00e4hrend den letzten Lektionen dann bis auf 18 Meter .<\/p>\n<p>REFRESH:\u00a0100,00 \u20ac \u2022 Ausr\u00fcstung inbegriffen \u2022 Engagement ca. 2 Stunden und Halb \u2022 Ab 10 Jahren.<\/p>\n<p>Wenn Sie bereits einen Tauchkurs haben, aber seit langer Zeit haben Sie nicht getaucht, haben Sie die M\u00f2glichkeit die Kenntnisse von Theorie und Praxis des Tauchgangs mit dem Lehrer zu aktualisieren.<\/p>\n<\/div>\n<p>[\/et_pb_text][\/et_pb_column][et_pb_column type=&#8220;1_4&#8243;][et_pb_image src=&#8220;https:\/\/orsodiving.com\/wp-content\/uploads\/2017\/04\/width-sx_gorgonie.jpg&#8220; show_bottom_space=&#8220;off&#8220; align=&#8220;center&#8220; disabled_on=&#8220;on|off|off&#8220; _builder_version=&#8220;3.0.47&#8243; animation_style=&#8220;slide&#8220; animation_direction=&#8220;left&#8220; animation_duration=&#8220;500ms&#8220; animation_intensity_slide=&#8220;10%&#8220; sticky=&#8220;on&#8220;]<\/p>\n<p>&nbsp;<\/p>\n<p>[\/et_pb_image][\/et_pb_column][\/et_pb_row][\/et_pb_section][et_pb_section bb_built=&#8220;1&#8243; _builder_version=&#8220;3.0.47&#8243;][et_pb_row][et_pb_column type=&#8220;4_4&#8243;][et_pb_image src=&#8220;https:\/\/orsodiving.com\/wp-content\/uploads\/2017\/04\/logo_ssi_transparent.png&#8220; url=&#8220;https:\/\/orsodiving.com\/corsi-ssi\/&#8220; use_overlay=&#8220;on&#8220; hover_icon=&#8220;%%202%%&#8220; align=&#8220;center&#8220; _builder_version=&#8220;3.0.92&#8243; max_width=&#8220;300px&#8220; max_width_phone=&#8220;100px&#8220; max_width_last_edited=&#8220;on|phone&#8220; custom_margin=&#8220;0px|||350px&#8220; animation_style=&#8220;slide&#8220; animation_direction=&#8220;left&#8220; animation_duration=&#8220;500ms&#8220; animation_intensity_slide=&#8220;10%&#8220;]<\/p>\n<p>&nbsp;<\/p>\n<p>[\/et_pb_image][et_pb_button button_url=&#8220;https:\/\/orsodiving.com\/de\/corsi-ssi\/&#8220; button_text=&#8220;INFO SSI&#8220; button_alignment=&#8220;center&#8220; _builder_version=&#8220;3.0.92&#8243; custom_margin=&#8220;20px|||340px&#8220; custom_button=&#8220;on&#8220; button_text_size=&#8220;18px&#8220; url_new_window=&#8220;off&#8220; background_layout=&#8220;light&#8220; button_icon_placement=&#8220;right&#8220;]<\/p>\n<p>&nbsp;<\/p>\n<p>[\/et_pb_button][\/et_pb_column][\/et_pb_row][\/et_pb_section][et_pb_section bb_built=&#8220;1&#8243; background_color=&#8220;#6aceb6&#8243; _builder_version=&#8220;3.0.92&#8243; custom_margin=&#8220;|||&#8220; custom_padding=&#8220;0px|0px|0px|0px&#8220; use_background_color_gradient=&#8220;on&#8220; background_color_gradient_start=&#8220;#000000&#8243; background_color_gradient_end=&#8220;#000000&#8243; global_module=&#8220;34095&#8243;][et_pb_row global_parent=&#8220;34095&#8243; _builder_version=&#8220;3.0.47&#8243; background_size=&#8220;initial&#8220; background_position=&#8220;top_left&#8220; background_repeat=&#8220;repeat&#8220;][et_pb_column type=&#8220;1_3&#8243;][et_pb_text global_parent=&#8220;34095&#8243; _builder_version=&#8220;3.0.92&#8243; inline_fonts=&#8220;Amatic SC&#8220; background_layout=&#8220;light&#8220;]<\/p>\n<p><strong>KONTAKTE<\/strong><br \/>\n<strong>Tel: +39 0789 99001<\/strong><br \/>\n<strong>Mob: +39 348 0641825<\/strong><br \/>\n<strong><a href=\"mailto:info@tauchensardinien.de\"><span style=\"color: #999999;\">info@tauchensardinien.de\u00a0<\/span><\/a><\/strong><\/p>\n<p>[\/et_pb_text][\/et_pb_column][et_pb_column type=&#8220;1_3&#8243;][et_pb_text global_parent=&#8220;34095&#8243; _builder_version=&#8220;3.0.92&#8243; custom_margin=&#8220;10px|||&#8220; background_layout=&#8220;light&#8220;]<\/p>\n<p><strong>ADRESSE<\/strong><br \/>\n<strong>Orso Diving Club &#8211; Poltu Quatu<\/strong><br \/>\n<strong>zwischen Baja Sardinia und Porto Cervo<\/strong><br \/>\n<strong>07021 Arzachena (OT) <\/strong><br \/>\n<strong>SARDEGNA, ITALIEN<br \/>\n<\/strong><\/p>\n<p>[\/et_pb_text][\/et_pb_column][et_pb_column type=&#8220;1_3&#8243;][et_pb_text global_parent=&#8220;34095&#8243; _builder_version=&#8220;3.0.92&#8243; custom_margin=&#8220;10px|||&#8220; background_layout=&#8220;light&#8220;]<\/p>\n<p><strong>ER\u00d6FFNUNGSZEITEN<\/strong><br \/>\n<strong>Montag &#8211; Sonntag<\/strong><br \/>\n<strong>h. 8:00 &#8211; 19:00<\/strong><\/p>\n<p>[\/et_pb_text][et_pb_social_media_follow global_parent=&#8220;34095&#8243; url_new_window=&#8220;off&#8220; _builder_version=&#8220;3.0.92&#8243; custom_margin=&#8220;10px|||&#8220;][et_pb_social_media_follow_network social_network=&#8220;facebook&#8220; url=&#8220;https:\/\/www.facebook.com\/groups\/OrsoDiving\/&#8220; _builder_version=&#8220;3.0.92&#8243; background_color=&#8220;#3b5998&#8243; follow_button=&#8220;off&#8220; url_new_window=&#8220;off&#8220;] Facebook [\/et_pb_social_media_follow_network][et_pb_social_media_follow_network social_network=&#8220;instagram&#8220; url=&#8220;https:\/\/www.instagram.com\/orsodiving\/&#8220; _builder_version=&#8220;3.0.92&#8243; background_color=&#8220;#517fa4&#8243; follow_button=&#8220;off&#8220; url_new_window=&#8220;off&#8220;] Instagram [\/et_pb_social_media_follow_network][et_pb_social_media_follow_network social_network=&#8220;skype&#8220; skype_url=&#8220;paolaorsodiving&#8220; _builder_version=&#8220;3.0.92&#8243; background_color=&#8220;#12a5f4&#8243; follow_button=&#8220;off&#8220; url_new_window=&#8220;off&#8220;] skype [\/et_pb_social_media_follow_network][et_pb_social_media_follow_network social_network=&#8220;youtube&#8220; url=&#8220;https:\/\/www.youtube.com\/user\/orsocapo1&#8243; _builder_version=&#8220;3.0.92&#8243; background_color=&#8220;#a82400&#8243; follow_button=&#8220;off&#8220; url_new_window=&#8220;off&#8220;] Youtube [\/et_pb_social_media_follow_network][\/et_pb_social_media_follow][\/et_pb_column][\/et_pb_row][\/et_pb_section]<\/p>\n","protected":false},"excerpt":{"rendered":"<p>&nbsp; SPORT TAUCHKURSE GELEGENHEITEN &nbsp; Anf\u00e4nger: gibt es seine interessantere M\u00f6glichkeit? Lernen Sie\u00a0w\u00e4hrend Ihres Urlaubs im kristallklaren Wasser der &#8222;Smaragd K\u00fcste&#8220; tauchen. Unser &#8222;SSI dive Resort&#8220; ist die beste Wahl wenn das was Sie suchen h\u00f6chste Qualit\u00e4t und bester Service sind!\u00a0Dank der Erfahrung der Tauchlehrer und den Einsatz neuer Lehrsystem, k\u00f6nnen die Studenten einfach und [&hellip;]<\/p>\n","protected":false},"author":1,"featured_media":0,"parent":0,"menu_order":0,"comment_status":"closed","ping_status":"closed","template":"","meta":{"_et_pb_use_builder":"on","_et_pb_old_content":"","_et_gb_content_width":"","footnotes":""},"class_list":["post-29921","page","type-page","status-publish","hentry"],"yoast_head":"<!-- This site is optimized with the Yoast SEO Premium plugin v27.0 (Yoast SEO v27.4) - https:\/\/yoast.com\/product\/yoast-seo-premium-wordpress\/ -->\n<title>corsi ricreativi | Orso Diving Club<\/title>\n<meta name=\"robots\" content=\"index, follow, max-snippet:-1, max-image-preview:large, max-video-preview:-1\" \/>\n<link rel=\"canonical\" href=\"https:\/\/orsodiving.com\/corsi-ricreativi\/\" \/>\n<meta property=\"og:locale\" content=\"de_DE\" \/>\n<meta property=\"og:type\" content=\"article\" \/>\n<meta property=\"og:title\" content=\"corsi ricreativi\" \/>\n<meta property=\"og:description\" content=\"&nbsp; SPORT TAUCHKURSE GELEGENHEITEN &nbsp; Anf\u00e4nger: gibt es seine interessantere M\u00f6glichkeit? Lernen Sie\u00a0w\u00e4hrend Ihres Urlaubs im kristallklaren Wasser der &quot;Smaragd K\u00fcste&quot; tauchen. Unser &quot;SSI dive Resort&quot; ist die beste Wahl wenn das was Sie suchen h\u00f6chste Qualit\u00e4t und bester Service sind!\u00a0Dank der Erfahrung der Tauchlehrer und den Einsatz neuer Lehrsystem, k\u00f6nnen die Studenten einfach und [&hellip;]\" \/>\n<meta property=\"og:url\" content=\"https:\/\/orsodiving.com\/corsi-ricreativi\/\" \/>\n<meta property=\"og:site_name\" content=\"Orso Diving Club\" \/>\n<meta property=\"article:publisher\" content=\"https:\/\/www.facebook.com\/OrsoDiving\/\" \/>\n<meta property=\"article:modified_time\" content=\"2020-04-15T13:38:28+00:00\" \/>\n<meta name=\"twitter:card\" content=\"summary_large_image\" \/>\n<meta name=\"twitter:label1\" content=\"Gesch\u00e4tzte Lesezeit\" \/>\n\t<meta name=\"twitter:data1\" content=\"5\u00a0Minuten\" \/>\n<script type=\"application\/ld+json\" class=\"yoast-schema-graph\">{\"@context\":\"https:\\\/\\\/schema.org\",\"@graph\":[{\"@type\":\"WebPage\",\"@id\":\"https:\\\/\\\/orsodiving.com\\\/corsi-ricreativi\\\/\",\"url\":\"https:\\\/\\\/orsodiving.com\\\/corsi-ricreativi\\\/\",\"name\":\"corsi ricreativi | Orso Diving Club\",\"isPartOf\":{\"@id\":\"https:\\\/\\\/orsodiving.com\\\/#website\"},\"datePublished\":\"2017-04-03T15:41:32+00:00\",\"dateModified\":\"2020-04-15T13:38:28+00:00\",\"breadcrumb\":{\"@id\":\"https:\\\/\\\/orsodiving.com\\\/corsi-ricreativi\\\/#breadcrumb\"},\"inLanguage\":\"de\",\"potentialAction\":[{\"@type\":\"ReadAction\",\"target\":[\"https:\\\/\\\/orsodiving.com\\\/corsi-ricreativi\\\/\"]}]},{\"@type\":\"BreadcrumbList\",\"@id\":\"https:\\\/\\\/orsodiving.com\\\/corsi-ricreativi\\\/#breadcrumb\",\"itemListElement\":[{\"@type\":\"ListItem\",\"position\":1,\"name\":\"Home\",\"item\":\"https:\\\/\\\/orsodiving.com\\\/de\\\/\"},{\"@type\":\"ListItem\",\"position\":2,\"name\":\"corsi ricreativi\"}]},{\"@type\":\"WebSite\",\"@id\":\"https:\\\/\\\/orsodiving.com\\\/#website\",\"url\":\"https:\\\/\\\/orsodiving.com\\\/\",\"name\":\"Orso Diving Club\",\"description\":\"Diving, Snorkeling, Whale Warching\",\"publisher\":{\"@id\":\"https:\\\/\\\/orsodiving.com\\\/#organization\"},\"potentialAction\":[{\"@type\":\"SearchAction\",\"target\":{\"@type\":\"EntryPoint\",\"urlTemplate\":\"https:\\\/\\\/orsodiving.com\\\/?s={search_term_string}\"},\"query-input\":{\"@type\":\"PropertyValueSpecification\",\"valueRequired\":true,\"valueName\":\"search_term_string\"}}],\"inLanguage\":\"de\"},{\"@type\":\"Organization\",\"@id\":\"https:\\\/\\\/orsodiving.com\\\/#organization\",\"name\":\"Orso Diving Club\",\"url\":\"https:\\\/\\\/orsodiving.com\\\/\",\"logo\":{\"@type\":\"ImageObject\",\"inLanguage\":\"de\",\"@id\":\"https:\\\/\\\/orsodiving.com\\\/#\\\/schema\\\/logo\\\/image\\\/\",\"url\":\"https:\\\/\\\/orsodiving.com\\\/wp-content\\\/uploads\\\/2020\\\/05\\\/logoODC-2020since-nero-1.png\",\"contentUrl\":\"https:\\\/\\\/orsodiving.com\\\/wp-content\\\/uploads\\\/2020\\\/05\\\/logoODC-2020since-nero-1.png\",\"width\":2048,\"height\":2048,\"caption\":\"Orso Diving Club\"},\"image\":{\"@id\":\"https:\\\/\\\/orsodiving.com\\\/#\\\/schema\\\/logo\\\/image\\\/\"},\"sameAs\":[\"https:\\\/\\\/www.facebook.com\\\/OrsoDiving\\\/\",\"https:\\\/\\\/www.youtube.com\\\/user\\\/orsocapo1\",\"https:\\\/\\\/www.instagram.com\\\/orsodiving\\\/\"]}]}<\/script>\n<!-- \/ Yoast SEO Premium plugin. -->","yoast_head_json":{"title":"corsi ricreativi | Orso Diving Club","robots":{"index":"index","follow":"follow","max-snippet":"max-snippet:-1","max-image-preview":"max-image-preview:large","max-video-preview":"max-video-preview:-1"},"canonical":"https:\/\/orsodiving.com\/corsi-ricreativi\/","og_locale":"de_DE","og_type":"article","og_title":"corsi ricreativi","og_description":"&nbsp; SPORT TAUCHKURSE GELEGENHEITEN &nbsp; Anf\u00e4nger: gibt es seine interessantere M\u00f6glichkeit? Lernen Sie\u00a0w\u00e4hrend Ihres Urlaubs im kristallklaren Wasser der \"Smaragd K\u00fcste\" tauchen. Unser \"SSI dive Resort\" ist die beste Wahl wenn das was Sie suchen h\u00f6chste Qualit\u00e4t und bester Service sind!\u00a0Dank der Erfahrung der Tauchlehrer und den Einsatz neuer Lehrsystem, k\u00f6nnen die Studenten einfach und [&hellip;]","og_url":"https:\/\/orsodiving.com\/corsi-ricreativi\/","og_site_name":"Orso Diving Club","article_publisher":"https:\/\/www.facebook.com\/OrsoDiving\/","article_modified_time":"2020-04-15T13:38:28+00:00","twitter_card":"summary_large_image","twitter_misc":{"Gesch\u00e4tzte Lesezeit":"5\u00a0Minuten"},"schema":{"@context":"https:\/\/schema.org","@graph":[{"@type":"WebPage","@id":"https:\/\/orsodiving.com\/corsi-ricreativi\/","url":"https:\/\/orsodiving.com\/corsi-ricreativi\/","name":"corsi ricreativi | Orso Diving Club","isPartOf":{"@id":"https:\/\/orsodiving.com\/#website"},"datePublished":"2017-04-03T15:41:32+00:00","dateModified":"2020-04-15T13:38:28+00:00","breadcrumb":{"@id":"https:\/\/orsodiving.com\/corsi-ricreativi\/#breadcrumb"},"inLanguage":"de","potentialAction":[{"@type":"ReadAction","target":["https:\/\/orsodiving.com\/corsi-ricreativi\/"]}]},{"@type":"BreadcrumbList","@id":"https:\/\/orsodiving.com\/corsi-ricreativi\/#breadcrumb","itemListElement":[{"@type":"ListItem","position":1,"name":"Home","item":"https:\/\/orsodiving.com\/de\/"},{"@type":"ListItem","position":2,"name":"corsi ricreativi"}]},{"@type":"WebSite","@id":"https:\/\/orsodiving.com\/#website","url":"https:\/\/orsodiving.com\/","name":"Orso Diving Club","description":"Diving, Snorkeling, Whale Warching","publisher":{"@id":"https:\/\/orsodiving.com\/#organization"},"potentialAction":[{"@type":"SearchAction","target":{"@type":"EntryPoint","urlTemplate":"https:\/\/orsodiving.com\/?s={search_term_string}"},"query-input":{"@type":"PropertyValueSpecification","valueRequired":true,"valueName":"search_term_string"}}],"inLanguage":"de"},{"@type":"Organization","@id":"https:\/\/orsodiving.com\/#organization","name":"Orso Diving Club","url":"https:\/\/orsodiving.com\/","logo":{"@type":"ImageObject","inLanguage":"de","@id":"https:\/\/orsodiving.com\/#\/schema\/logo\/image\/","url":"https:\/\/orsodiving.com\/wp-content\/uploads\/2020\/05\/logoODC-2020since-nero-1.png","contentUrl":"https:\/\/orsodiving.com\/wp-content\/uploads\/2020\/05\/logoODC-2020since-nero-1.png","width":2048,"height":2048,"caption":"Orso Diving Club"},"image":{"@id":"https:\/\/orsodiving.com\/#\/schema\/logo\/image\/"},"sameAs":["https:\/\/www.facebook.com\/OrsoDiving\/","https:\/\/www.youtube.com\/user\/orsocapo1","https:\/\/www.instagram.com\/orsodiving\/"]}]}},"_links":{"self":[{"href":"https:\/\/orsodiving.com\/de\/wp-json\/wp\/v2\/pages\/29921","targetHints":{"allow":["GET"]}}],"collection":[{"href":"https:\/\/orsodiving.com\/de\/wp-json\/wp\/v2\/pages"}],"about":[{"href":"https:\/\/orsodiving.com\/de\/wp-json\/wp\/v2\/types\/page"}],"author":[{"embeddable":true,"href":"https:\/\/orsodiving.com\/de\/wp-json\/wp\/v2\/users\/1"}],"replies":[{"embeddable":true,"href":"https:\/\/orsodiving.com\/de\/wp-json\/wp\/v2\/comments?post=29921"}],"version-history":[{"count":14,"href":"https:\/\/orsodiving.com\/de\/wp-json\/wp\/v2\/pages\/29921\/revisions"}],"predecessor-version":[{"id":37809,"href":"https:\/\/orsodiving.com\/de\/wp-json\/wp\/v2\/pages\/29921\/revisions\/37809"}],"wp:attachment":[{"href":"https:\/\/orsodiving.com\/de\/wp-json\/wp\/v2\/media?parent=29921"}],"curies":[{"name":"wp","href":"https:\/\/api.w.org\/{rel}","templated":true}]}}