{"id":29910,"date":"2017-04-13T14:48:40","date_gmt":"2017-04-13T12:48:40","guid":{"rendered":"https:\/\/orsodiving.com\/clan-olgive\/"},"modified":"2018-11-16T18:57:46","modified_gmt":"2018-11-16T17:57:46","slug":"clan-olgive","status":"publish","type":"page","link":"https:\/\/orsodiving.com\/de\/clan-olgive\/","title":{"rendered":"Clan Olgive"},"content":{"rendered":"<p>[et_pb_section fb_built=&#8220;1&#8243; fullwidth=&#8220;on&#8220; _builder_version=&#8220;3.0.47&#8243;][et_pb_fullwidth_image src=&#8220;https:\/\/orsodiving.com\/wp-content\/uploads\/2017\/04\/ClaNo.jpg&#8220; _builder_version=&#8220;3.0.47&#8243; animation_style=&#8220;slide&#8220; animation_direction=&#8220;left&#8220; animation_duration=&#8220;500ms&#8220; animation_intensity_slide=&#8220;10%&#8220; use_border_color=&#8220;off&#8220; border_color=&#8220;#ffffff&#8220; border_style=&#8220;solid&#8220; animation=&#8220;left&#8220;][\/et_pb_fullwidth_image][\/et_pb_section][et_pb_section fb_built=&#8220;1&#8243; _builder_version=&#8220;3.0.47&#8243; custom_padding=&#8220;0px|0px|0px|0px&#8220;][et_pb_row _builder_version=&#8220;3.0.47&#8243; background_size=&#8220;initial&#8220; background_position=&#8220;top_left&#8220; background_repeat=&#8220;repeat&#8220;][et_pb_column type=&#8220;4_4&#8243; _builder_version=&#8220;3.0.47&#8243; parallax=&#8220;off&#8220; parallax_method=&#8220;on&#8220;][et_pb_text background_layout=&#8220;dark&#8220; _builder_version=&#8220;3.0.47&#8243; background_size=&#8220;initial&#8220; background_position=&#8220;top_left&#8220; background_repeat=&#8220;repeat&#8220; custom_margin=&#8220;20px|||&#8220; custom_padding=&#8220;||10px|&#8220;]<\/p>\n<h2 class=\"titolo\" style=\"font-size: 28px; line-height: 54px; color: #d6d6d6; font-family: 'Trebuchet MS', Arial, Helvetica, sans-serif; font-variant-ligatures: normal; font-variant-position: normal; font-variant-numeric: normal; font-variant-alternates: normal; font-variant-east-asian: normal; letter-spacing: -1px; height: 54px; text-align: center;\">Dampfschiff &#8222;Clan Ogilvie&#8220;<\/h2>\n<p>[\/et_pb_text][\/et_pb_column][\/et_pb_row][\/et_pb_section][et_pb_section fb_built=&#8220;1&#8243; _builder_version=&#8220;3.0.47&#8243; custom_padding=&#8220;21px|0px|29px|0px&#8220;][et_pb_row custom_padding=&#8220;0px|0px|0px|0px&#8220; padding_top_1=&#8220;70px&#8220; parallax_method_1=&#8220;off&#8220; parallax_method_2=&#8220;off&#8220; _builder_version=&#8220;3.0.47&#8243; background_size=&#8220;initial&#8220; background_position=&#8220;top_left&#8220; background_repeat=&#8220;repeat&#8220;][et_pb_column type=&#8220;1_2&#8243; _builder_version=&#8220;3.0.47&#8243; padding_top=&#8220;70px&#8220; parallax=&#8220;off&#8220; parallax_method=&#8220;off&#8220;][et_pb_accordion open_toggle_text_color=&#8220;#ffffff&#8220; open_toggle_background_color=&#8220;rgba(48,128,209,0.6)&#8220; closed_toggle_text_color=&#8220;#ffffff&#8220; closed_toggle_background_color=&#8220;rgba(48,128,209,0.6)&#8220; admin_label=&#8220;Accordion&#8220; _builder_version=&#8220;3.0.47&#8243; body_text_color=&#8220;#ffffff&#8220; toggle_font=&#8220;Amatic SC||||&#8220; toggle_font_size=&#8220;34px&#8220; custom_padding=&#8220;|||&#8220;][et_pb_accordion_item title=&#8220;Info&#8220; open=&#8220;on&#8220; _builder_version=&#8220;3.0.47&#8243; title_font_size=&#8220;18&#8243; title_text_shadow_horizontal_length=&#8220;0em&#8220; title_text_shadow_vertical_length=&#8220;0em&#8220; title_text_shadow_blur_strength=&#8220;0em&#8220; body_text_shadow_horizontal_length=&#8220;0em&#8220; body_text_shadow_vertical_length=&#8220;0em&#8220; body_text_shadow_blur_strength=&#8220;0em&#8220; background_size=&#8220;initial&#8220; background_position=&#8220;top_left&#8220; background_repeat=&#8220;repeat&#8220;]<\/p>\n<p style=\"text-align: center;\">Tiefe: max 49m\/min 44m. &#8211;\u00a0 Entfernung zum Tauchzentrum 10sm. &#8211; Fahrtzeit 35Min<\/p>\n<p>[\/et_pb_accordion_item][et_pb_accordion_item title=&#8220;Geschichte&#8220; _builder_version=&#8220;3.0.47&#8243; title_font_size=&#8220;18&#8243; title_text_shadow_horizontal_length=&#8220;0em&#8220; title_text_shadow_vertical_length=&#8220;0em&#8220; title_text_shadow_blur_strength=&#8220;0em&#8220; body_text_shadow_horizontal_length=&#8220;0em&#8220; body_text_shadow_vertical_length=&#8220;0em&#8220; body_text_shadow_blur_strength=&#8220;0em&#8220; background_size=&#8220;initial&#8220; background_position=&#8220;top_left&#8220; background_repeat=&#8220;repeat&#8220; open=&#8220;off&#8220;]Das Segelschiff sank auf dem Weg nach Bombay am 08.91.1888<br \/>\nDas Wrack ist mit Gorgonien bedeckt und voller Leben.<br \/>\n[\/et_pb_accordion_item][et_pb_accordion_item title=&#8220;Beschreibung&#8220; _builder_version=&#8220;3.0.47&#8243; title_font_size=&#8220;18&#8243; title_text_shadow_horizontal_length=&#8220;0em&#8220; title_text_shadow_vertical_length=&#8220;0em&#8220; title_text_shadow_blur_strength=&#8220;0em&#8220; body_text_shadow_horizontal_length=&#8220;0em&#8220; body_text_shadow_vertical_length=&#8220;0em&#8220; body_text_shadow_blur_strength=&#8220;0em&#8220; background_size=&#8220;initial&#8220; background_position=&#8220;top_left&#8220; background_repeat=&#8220;repeat&#8220; open=&#8220;off&#8220;]<\/p>\n<table width=\"750\">\n<tbody>\n<tr>\n<td class=\"tabelletxt\">Typ<\/td>\n<td class=\"tabelletxt\">Frachschiff<\/td>\n<td width=\"289\"><\/td>\n<\/tr>\n<tr>\n<td class=\"tabelletxt\" width=\"192\">Nationalit\u00e0t<\/td>\n<td class=\"tabelletxt\" width=\"253\">english<\/td>\n<td width=\"289\"><\/td>\n<\/tr>\n<tr>\n<td class=\"tabelletxt\">Baujahr<\/td>\n<td class=\"tabelletxt\">1882<\/td>\n<td rowspan=\"9\" width=\"289\"><\/td>\n<\/tr>\n<tr>\n<td class=\"tabelletxt\">Werft<\/td>\n<td class=\"tabelletxt\">Alexander Stephen &amp; Son Linthouse<\/td>\n<\/tr>\n<tr>\n<td class=\"tabelletxt\">Gewicht<\/td>\n<td class=\"tabelletxt\">2465 Tonnen<\/td>\n<\/tr>\n<tr>\n<td class=\"tabelletxt\">L\u00e0nge<\/td>\n<td class=\"tabelletxt\">98,80 m<\/td>\n<\/tr>\n<tr>\n<td class=\"tabelletxt\">Breite<\/td>\n<td class=\"tabelletxt\">11,60 m<\/td>\n<\/tr>\n<tr>\n<td class=\"tabelletxt\">H\u00f2he<\/td>\n<td class=\"tabelletxt\">7,20 m<\/td>\n<\/tr>\n<tr>\n<td class=\"tabelletxt\">Motore<\/td>\n<td class=\"tabelletxt\">1 Doppelexpansionsmachine mit Kessel f\u00f9r Kleinkohle<\/td>\n<\/tr>\n<tr>\n<td class=\"tabelletxt\">Schrauben<\/td>\n<td class=\"tabelletxt\">1<\/td>\n<\/tr>\n<tr>\n<td class=\"tabelletxt\"><\/td>\n<td class=\"tabelletxt\"><\/td>\n<\/tr>\n<tr>\n<td class=\"tabelletxt\">Geschichte<\/td>\n<td class=\"tabelletxt\">*<\/td>\n<td><\/td>\n<\/tr>\n<tr>\n<td class=\"tabelletxt\">Fotographie<\/td>\n<td class=\"tabelletxt\">* * * *<\/td>\n<td><\/td>\n<\/tr>\n<tr>\n<td class=\"tabelletxt\">Natuwissenschaft<\/td>\n<td class=\"tabelletxt\">* * *<\/td>\n<\/tr>\n<\/tbody>\n<\/table>\n<p>[\/et_pb_accordion_item][\/et_pb_accordion][\/et_pb_column][et_pb_column type=&#8220;1_2&#8243; _builder_version=&#8220;3.0.47&#8243; parallax=&#8220;off&#8220; parallax_method=&#8220;off&#8220;][et_pb_video src=&#8220;https:\/\/youtu.be\/OVLhN7ImZhg&#8220; _builder_version=&#8220;3.0.47&#8243;][\/et_pb_video][et_pb_gallery gallery_ids=&#8220;1397,1396,1394,1393,1392,1391,1389,1388,1387,1386,1385,1384,1383&#8243; gallery_orderby=&#8220;rand&#8220; fullwidth=&#8220;on&#8220; background_layout=&#8220;dark&#8220; _builder_version=&#8220;3.0.47&#8243; auto=&#8220;on&#8220;][\/et_pb_gallery][\/et_pb_column][\/et_pb_row][\/et_pb_section][et_pb_section fb_built=&#8220;1&#8243; background_color=&#8220;rgba(56,56,56,0.22)&#8220; _builder_version=&#8220;3.0.92&#8243; custom_margin=&#8220;|||&#8220; custom_padding=&#8220;0px|0px|0px|0px&#8220; global_module=&#8220;34095&#8243;][et_pb_row custom_margin=&#8220;||10px|&#8220; _builder_version=&#8220;3.0.92&#8243;][et_pb_column type=&#8220;1_4&#8243; _builder_version=&#8220;3.0.47&#8243; parallax=&#8220;off&#8220; parallax_method=&#8220;on&#8220;][et_pb_text _builder_version=&#8220;3.0.92&#8243; custom_margin=&#8220;10px||10px|&#8220;]<\/p>\n<p><span style=\"color: #333399; font-family: impact, sans-serif; font-size: 14pt;\"><strong>CONTACT<\/strong><\/span><br \/>\n<span style=\"font-size: 12pt;\"><strong>Tel: +39 078999001<\/strong><\/span><br \/>\n<span style=\"font-size: 12pt;\"><strong>Mob: +39 3480641825<\/strong><\/span><br \/>\n<span style=\"font-size: 12pt;\"><strong>info@orsodiving.com\u00a0<\/strong><\/span><\/p>\n<p>[\/et_pb_text][\/et_pb_column][et_pb_column type=&#8220;1_4&#8243; _builder_version=&#8220;3.0.47&#8243; parallax=&#8220;off&#8220; parallax_method=&#8220;on&#8220;][et_pb_text _builder_version=&#8220;3.0.92&#8243; custom_margin=&#8220;10px|||&#8220;]<\/p>\n<p><span style=\"font-family: impact, sans-serif; color: #333399; font-size: 12pt;\"><strong><span style=\"font-size: 14pt;\">ADDRESS<\/span><br \/>\n<\/strong><\/span><strong><span style=\"font-size: 12pt;\">Loc. Poltu Quatu, Arzachena (OT)<\/span><\/strong><br \/>\n<strong><span style=\"font-size: 12pt;\">07021 Sardegna, ITALY<\/span><\/strong><\/p>\n<p>[\/et_pb_text][\/et_pb_column][et_pb_column type=&#8220;1_4&#8243; _builder_version=&#8220;3.0.47&#8243; parallax=&#8220;off&#8220; parallax_method=&#8220;on&#8220;][et_pb_text _builder_version=&#8220;3.0.92&#8243; custom_margin=&#8220;10px|||&#8220;]<\/p>\n<p><span style=\"font-size: 12pt; font-family: impact, sans-serif; color: #333399;\"><span style=\"font-size: 14pt;\">OPENING TIME<\/span><br \/>\n<\/span><strong><span style=\"font-size: 12pt;\">Monday &#8211; Sunday<\/span><\/strong><br \/>\n<strong><span style=\"font-size: 12pt;\">h. 8:00 am &#8211; 7:00 pm<\/span><\/strong><\/p>\n<p>[\/et_pb_text][\/et_pb_column][et_pb_column type=&#8220;1_4&#8243; _builder_version=&#8220;3.0.47&#8243; parallax=&#8220;off&#8220; parallax_method=&#8220;on&#8220;][et_pb_social_media_follow url_new_window=&#8220;off&#8220; _builder_version=&#8220;3.0.92&#8243; custom_margin=&#8220;10px|||&#8220;][et_pb_social_media_follow_network social_network=&#8220;facebook&#8220; url=&#8220;https:\/\/www.facebook.com\/groups\/OrsoDiving\/&#8220; _builder_version=&#8220;3.0.92&#8243; background_color=&#8220;#3b5998&#8243; follow_button=&#8220;off&#8220; url_new_window=&#8220;off&#8220;] Facebook [\/et_pb_social_media_follow_network][et_pb_social_media_follow_network social_network=&#8220;instagram&#8220; url=&#8220;https:\/\/www.instagram.com\/orsodiving\/&#8220; _builder_version=&#8220;3.0.92&#8243; background_color=&#8220;#517fa4&#8243; follow_button=&#8220;off&#8220; url_new_window=&#8220;off&#8220;] Instagram [\/et_pb_social_media_follow_network][et_pb_social_media_follow_network social_network=&#8220;skype&#8220; skype_url=&#8220;paolaorsodiving&#8220; _builder_version=&#8220;3.0.92&#8243; background_color=&#8220;#12a5f4&#8243; follow_button=&#8220;off&#8220; url_new_window=&#8220;off&#8220;] skype [\/et_pb_social_media_follow_network][et_pb_social_media_follow_network social_network=&#8220;youtube&#8220; url=&#8220;https:\/\/www.youtube.com\/user\/orsocapo1&#8243; _builder_version=&#8220;3.0.92&#8243; background_color=&#8220;#a82400&#8243; follow_button=&#8220;off&#8220; url_new_window=&#8220;off&#8220;] Youtube [\/et_pb_social_media_follow_network][\/et_pb_social_media_follow][\/et_pb_column][\/et_pb_row][\/et_pb_section]<\/p>\n","protected":false},"excerpt":{"rendered":"<p>Dampfschiff &#8222;Clan Ogilvie&#8220; Tiefe: max 49m\/min 44m. &#8211;\u00a0 Entfernung zum Tauchzentrum 10sm. &#8211; Fahrtzeit 35MinDas Segelschiff sank auf dem Weg nach Bombay am 08.91.1888 Das Wrack ist mit Gorgonien bedeckt und voller Leben. Typ Frachschiff Nationalit\u00e0t english Baujahr 1882 Werft Alexander Stephen &amp; Son Linthouse Gewicht 2465 Tonnen L\u00e0nge 98,80 m Breite 11,60 m H\u00f2he [&hellip;]<\/p>\n","protected":false},"author":1,"featured_media":0,"parent":0,"menu_order":0,"comment_status":"closed","ping_status":"closed","template":"","meta":{"_et_pb_use_builder":"on","_et_pb_old_content":"","_et_gb_content_width":"","footnotes":""},"class_list":["post-29910","page","type-page","status-publish","hentry"],"yoast_head":"<!-- This site is optimized with the Yoast SEO Premium plugin v27.0 (Yoast SEO v27.4) - https:\/\/yoast.com\/product\/yoast-seo-premium-wordpress\/ -->\n<title>Clan Olgive | Orso Diving Club<\/title>\n<meta name=\"robots\" content=\"index, follow, max-snippet:-1, max-image-preview:large, max-video-preview:-1\" \/>\n<link rel=\"canonical\" href=\"https:\/\/orsodiving.com\/clan-olgive\/\" \/>\n<meta property=\"og:locale\" content=\"de_DE\" \/>\n<meta property=\"og:type\" content=\"article\" \/>\n<meta property=\"og:title\" content=\"Clan Olgive\" \/>\n<meta property=\"og:description\" content=\"Dampfschiff &quot;Clan Ogilvie&quot; Tiefe: max 49m\/min 44m. -\u00a0 Entfernung zum Tauchzentrum 10sm. - Fahrtzeit 35MinDas Segelschiff sank auf dem Weg nach Bombay am 08.91.1888 Das Wrack ist mit Gorgonien bedeckt und voller Leben. Typ Frachschiff Nationalit\u00e0t english Baujahr 1882 Werft Alexander Stephen &amp; Son Linthouse Gewicht 2465 Tonnen L\u00e0nge 98,80 m Breite 11,60 m H\u00f2he [&hellip;]\" \/>\n<meta property=\"og:url\" content=\"https:\/\/orsodiving.com\/clan-olgive\/\" \/>\n<meta property=\"og:site_name\" content=\"Orso Diving Club\" \/>\n<meta property=\"article:publisher\" content=\"https:\/\/www.facebook.com\/OrsoDiving\/\" \/>\n<meta property=\"article:modified_time\" content=\"2018-11-16T17:57:46+00:00\" \/>\n<meta name=\"twitter:card\" content=\"summary_large_image\" \/>\n<meta name=\"twitter:label1\" content=\"Gesch\u00e4tzte Lesezeit\" \/>\n\t<meta name=\"twitter:data1\" content=\"4\u00a0Minuten\" \/>\n<script type=\"application\/ld+json\" class=\"yoast-schema-graph\">{\"@context\":\"https:\\\/\\\/schema.org\",\"@graph\":[{\"@type\":\"WebPage\",\"@id\":\"https:\\\/\\\/orsodiving.com\\\/clan-olgive\\\/\",\"url\":\"https:\\\/\\\/orsodiving.com\\\/clan-olgive\\\/\",\"name\":\"Clan Olgive | Orso Diving Club\",\"isPartOf\":{\"@id\":\"https:\\\/\\\/orsodiving.com\\\/#website\"},\"datePublished\":\"2017-04-13T12:48:40+00:00\",\"dateModified\":\"2018-11-16T17:57:46+00:00\",\"breadcrumb\":{\"@id\":\"https:\\\/\\\/orsodiving.com\\\/clan-olgive\\\/#breadcrumb\"},\"inLanguage\":\"de\",\"potentialAction\":[{\"@type\":\"ReadAction\",\"target\":[\"https:\\\/\\\/orsodiving.com\\\/clan-olgive\\\/\"]}]},{\"@type\":\"BreadcrumbList\",\"@id\":\"https:\\\/\\\/orsodiving.com\\\/clan-olgive\\\/#breadcrumb\",\"itemListElement\":[{\"@type\":\"ListItem\",\"position\":1,\"name\":\"Home\",\"item\":\"https:\\\/\\\/orsodiving.com\\\/de\\\/\"},{\"@type\":\"ListItem\",\"position\":2,\"name\":\"Clan Olgive\"}]},{\"@type\":\"WebSite\",\"@id\":\"https:\\\/\\\/orsodiving.com\\\/#website\",\"url\":\"https:\\\/\\\/orsodiving.com\\\/\",\"name\":\"Orso Diving Club\",\"description\":\"Diving, Snorkeling, Whale Warching\",\"publisher\":{\"@id\":\"https:\\\/\\\/orsodiving.com\\\/#organization\"},\"potentialAction\":[{\"@type\":\"SearchAction\",\"target\":{\"@type\":\"EntryPoint\",\"urlTemplate\":\"https:\\\/\\\/orsodiving.com\\\/?s={search_term_string}\"},\"query-input\":{\"@type\":\"PropertyValueSpecification\",\"valueRequired\":true,\"valueName\":\"search_term_string\"}}],\"inLanguage\":\"de\"},{\"@type\":\"Organization\",\"@id\":\"https:\\\/\\\/orsodiving.com\\\/#organization\",\"name\":\"Orso Diving Club\",\"url\":\"https:\\\/\\\/orsodiving.com\\\/\",\"logo\":{\"@type\":\"ImageObject\",\"inLanguage\":\"de\",\"@id\":\"https:\\\/\\\/orsodiving.com\\\/#\\\/schema\\\/logo\\\/image\\\/\",\"url\":\"https:\\\/\\\/orsodiving.com\\\/wp-content\\\/uploads\\\/2020\\\/05\\\/logoODC-2020since-nero-1.png\",\"contentUrl\":\"https:\\\/\\\/orsodiving.com\\\/wp-content\\\/uploads\\\/2020\\\/05\\\/logoODC-2020since-nero-1.png\",\"width\":2048,\"height\":2048,\"caption\":\"Orso Diving Club\"},\"image\":{\"@id\":\"https:\\\/\\\/orsodiving.com\\\/#\\\/schema\\\/logo\\\/image\\\/\"},\"sameAs\":[\"https:\\\/\\\/www.facebook.com\\\/OrsoDiving\\\/\",\"https:\\\/\\\/www.youtube.com\\\/user\\\/orsocapo1\",\"https:\\\/\\\/www.instagram.com\\\/orsodiving\\\/\"]}]}<\/script>\n<!-- \/ Yoast SEO Premium plugin. -->","yoast_head_json":{"title":"Clan Olgive | Orso Diving Club","robots":{"index":"index","follow":"follow","max-snippet":"max-snippet:-1","max-image-preview":"max-image-preview:large","max-video-preview":"max-video-preview:-1"},"canonical":"https:\/\/orsodiving.com\/clan-olgive\/","og_locale":"de_DE","og_type":"article","og_title":"Clan Olgive","og_description":"Dampfschiff \"Clan Ogilvie\" Tiefe: max 49m\/min 44m. -\u00a0 Entfernung zum Tauchzentrum 10sm. - Fahrtzeit 35MinDas Segelschiff sank auf dem Weg nach Bombay am 08.91.1888 Das Wrack ist mit Gorgonien bedeckt und voller Leben. Typ Frachschiff Nationalit\u00e0t english Baujahr 1882 Werft Alexander Stephen &amp; Son Linthouse Gewicht 2465 Tonnen L\u00e0nge 98,80 m Breite 11,60 m H\u00f2he [&hellip;]","og_url":"https:\/\/orsodiving.com\/clan-olgive\/","og_site_name":"Orso Diving Club","article_publisher":"https:\/\/www.facebook.com\/OrsoDiving\/","article_modified_time":"2018-11-16T17:57:46+00:00","twitter_card":"summary_large_image","twitter_misc":{"Gesch\u00e4tzte Lesezeit":"4\u00a0Minuten"},"schema":{"@context":"https:\/\/schema.org","@graph":[{"@type":"WebPage","@id":"https:\/\/orsodiving.com\/clan-olgive\/","url":"https:\/\/orsodiving.com\/clan-olgive\/","name":"Clan Olgive | Orso Diving Club","isPartOf":{"@id":"https:\/\/orsodiving.com\/#website"},"datePublished":"2017-04-13T12:48:40+00:00","dateModified":"2018-11-16T17:57:46+00:00","breadcrumb":{"@id":"https:\/\/orsodiving.com\/clan-olgive\/#breadcrumb"},"inLanguage":"de","potentialAction":[{"@type":"ReadAction","target":["https:\/\/orsodiving.com\/clan-olgive\/"]}]},{"@type":"BreadcrumbList","@id":"https:\/\/orsodiving.com\/clan-olgive\/#breadcrumb","itemListElement":[{"@type":"ListItem","position":1,"name":"Home","item":"https:\/\/orsodiving.com\/de\/"},{"@type":"ListItem","position":2,"name":"Clan Olgive"}]},{"@type":"WebSite","@id":"https:\/\/orsodiving.com\/#website","url":"https:\/\/orsodiving.com\/","name":"Orso Diving Club","description":"Diving, Snorkeling, Whale Warching","publisher":{"@id":"https:\/\/orsodiving.com\/#organization"},"potentialAction":[{"@type":"SearchAction","target":{"@type":"EntryPoint","urlTemplate":"https:\/\/orsodiving.com\/?s={search_term_string}"},"query-input":{"@type":"PropertyValueSpecification","valueRequired":true,"valueName":"search_term_string"}}],"inLanguage":"de"},{"@type":"Organization","@id":"https:\/\/orsodiving.com\/#organization","name":"Orso Diving Club","url":"https:\/\/orsodiving.com\/","logo":{"@type":"ImageObject","inLanguage":"de","@id":"https:\/\/orsodiving.com\/#\/schema\/logo\/image\/","url":"https:\/\/orsodiving.com\/wp-content\/uploads\/2020\/05\/logoODC-2020since-nero-1.png","contentUrl":"https:\/\/orsodiving.com\/wp-content\/uploads\/2020\/05\/logoODC-2020since-nero-1.png","width":2048,"height":2048,"caption":"Orso Diving Club"},"image":{"@id":"https:\/\/orsodiving.com\/#\/schema\/logo\/image\/"},"sameAs":["https:\/\/www.facebook.com\/OrsoDiving\/","https:\/\/www.youtube.com\/user\/orsocapo1","https:\/\/www.instagram.com\/orsodiving\/"]}]}},"_links":{"self":[{"href":"https:\/\/orsodiving.com\/de\/wp-json\/wp\/v2\/pages\/29910","targetHints":{"allow":["GET"]}}],"collection":[{"href":"https:\/\/orsodiving.com\/de\/wp-json\/wp\/v2\/pages"}],"about":[{"href":"https:\/\/orsodiving.com\/de\/wp-json\/wp\/v2\/types\/page"}],"author":[{"embeddable":true,"href":"https:\/\/orsodiving.com\/de\/wp-json\/wp\/v2\/users\/1"}],"replies":[{"embeddable":true,"href":"https:\/\/orsodiving.com\/de\/wp-json\/wp\/v2\/comments?post=29910"}],"version-history":[{"count":10,"href":"https:\/\/orsodiving.com\/de\/wp-json\/wp\/v2\/pages\/29910\/revisions"}],"predecessor-version":[{"id":36427,"href":"https:\/\/orsodiving.com\/de\/wp-json\/wp\/v2\/pages\/29910\/revisions\/36427"}],"wp:attachment":[{"href":"https:\/\/orsodiving.com\/de\/wp-json\/wp\/v2\/media?parent=29910"}],"curies":[{"name":"wp","href":"https:\/\/api.w.org\/{rel}","templated":true}]}}